{"id":6180,"date":"2025-03-01T16:20:06","date_gmt":"2025-03-01T15:20:06","guid":{"rendered":"https:\/\/galerierobetdantec.com\/artistes\/gisele-bonin\/"},"modified":"2025-07-31T19:02:20","modified_gmt":"2025-07-31T17:02:20","slug":"gisele-bonin","status":"publish","type":"page","link":"https:\/\/galerierobetdantec.com\/en\/artistes\/gisele-bonin\/","title":{"rendered":"gis\u00e8le bonin"},"content":{"rendered":"<p>[vc_row][vc_column width=&#8221;1\/2&#8243;][vc_single_image image=&#8221;5439&#8243; img_size=&#8221;full&#8221; alignment=&#8221;center&#8221; onclick=&#8221;zoom&#8221; css_animation=&#8221;zoomIn&#8221;][vc_empty_space][vc_custom_heading source=&#8221;post_title&#8221; use_theme_fonts=&#8221;yes&#8221;][\/vc_column][vc_column width=&#8221;1\/2&#8243; css=&#8221;.vc_custom_1562103889852{border-left-width: 1px !important;border-left-color: #e3afa7 !important;border-left-style: solid !important;}&#8221;][vc_column_text css=&#8221;.vc_custom_1753981257010{padding-left: 30px !important;}&#8221;]A graduate of the Angers School of Fine Arts in 2005, after completing a Master&#8217;s degree in comparative literature and studying classical guitar at the Clermont-Ferrand Regional Conservatory, Gis\u00e8le Bonin developed a drawing style that revisits the genre of anatomy while exploring the contemporary uses of traditional techniques such as sanguine, graphite pencil and charcoal. She regularly exhibits in private and public art centres as well as galleries. Her work is featured in numerous public (museums, art libraries and contemporary art collections) and private collections. It has been critically reviewed by artists and art critics such as Julie Creen, Philippe Piguet, Francis Lim\u00e9rat and Anne Kerner. She has also collaborated with writers such as Michel Butor, Eric Pessan and Marie Chartres.<\/p>\n<p>Winner of a residency in South Africa in 2024, she will spend the summer of 2025 in Brussels, at the Abbaye de La Cambre, at the invitation of the South African Foundation for Contemporary Art (SAFCA).[\/vc_column_text][\/vc_column][\/vc_row][vc_row][vc_column][vc_empty_space height=&#8221;30px&#8221;][\/vc_column][\/vc_row][vc_row bg_type=&#8221;bg_color&#8221; bg_color_value=&#8221;#f2f2f2&#8243; css=&#8221;.vc_custom_1563722577019{padding-top: 30px !important;}&#8221;][vc_column][vc_column_text]<\/p>\n<h2 style=\"text-align: center;\">Artworks avalaible<\/h2>\n<p>[\/vc_column_text][vc_empty_space height=&#8221;30px&#8221;][vc_basic_grid post_type=&#8221;royal_portfolio&#8221; max_items=&#8221;-1&#8243; item=&#8221;masonryGrid_SlideFromLeft&#8221; grid_id=&#8221;vc_gid:1753981220483-54e6a1509130308311ed48e3b5d70fb4-0&#8243; taxonomies=&#8221;130&#8243;][vc_empty_space height=&#8221;40px&#8221;][\/vc_column][\/vc_row][vc_row][vc_column][vc_empty_space height=&#8221;40px&#8221;][\/vc_column][\/vc_row][vc_row][vc_column][vc_tta_tabs style=&#8221;modern&#8221; shape=&#8221;square&#8221; spacing=&#8221;5&#8243; active_section=&#8221;1&#8243;][vc_tta_section title=&#8221;solo shows&#8221; tab_id=&#8221;1559740892983-68397675-89f3&#8243;][vc_column_text]<\/p>\n<p class=\"p1\">2024<span class=\"Apple-converted-space\"><br \/>\n<\/span>Galerie Alexandre, Bernay.<span class=\"Apple-converted-space\">\u00a0<\/span><\/p>\n<p class=\"p1\">2022<span class=\"Apple-converted-space\"><br \/>\n<\/span>Galerie Catherine Robet, Belfort (avec Haleh Zahedi)<span class=\"Apple-converted-space\">\u00a0<\/span><\/p>\n<p class=\"p1\">2021<span class=\"Apple-converted-space\"><br \/>\n<\/span>Galerie L\u2019Openbach, Paris (avec C\u00e9cile Benoiton)<span class=\"Apple-converted-space\"><br \/>\n<\/span>Confusions &#8211; AMAP de Saint-Malo<span class=\"Apple-converted-space\">\u00a0<\/span><\/p>\n<p class=\"p1\">2020<span class=\"Apple-converted-space\"><br \/>\n<\/span>Galerie-librairie La Folie en t\u00eate, La R\u00e9ole<span class=\"Apple-converted-space\">\u00a0<\/span><\/p>\n<p class=\"p1\">2019<span class=\"Apple-converted-space\"><br \/>\n<\/span>Intimacies, Galerie Mayeur Projects, Las Vegas New Mexico, USA<span class=\"Apple-converted-space\"><br \/>\n<\/span>Galerie LTK, Angers<span class=\"Apple-converted-space\">\u00a0<\/span><\/p>\n<p class=\"p1\">2017<span class=\"Apple-converted-space\"><br \/>\n<\/span>Gis\u00e8le BONIN, la question du mod\u00e8le, Le Logis du Roy, Amiens (Intervention personnelle pendant le colloque \u00ab L&#8217;id\u00e9e de personnage \u00bb \u2013 Journ\u00e9es Masteriales Transversales)<span class=\"Apple-converted-space\">\u00a0<\/span><\/p>\n<p class=\"p1\">2016<span class=\"Apple-converted-space\"><br \/>\n<\/span>Part ailleurs, Galerie Racine, Coll\u00e8ge Jean Racine, Alen\u00e7on<span class=\"Apple-converted-space\"><br \/>\n<\/span>Collection \u2013 2, Centre d&#8217;art 2Angles, Flers<span class=\"Apple-converted-space\"><br \/>\n<\/span>Collection \u2013 1, Galerie Rapinel, Bazouges-La-P\u00e9rouse (Le Village)<span class=\"Apple-converted-space\"><br \/>\n<\/span>Empreintes, traces et signes : suite au colloque \u00e0 l&#8217;UFR d&#8217;Amiens (artiste invit\u00e9e)<span class=\"Apple-converted-space\">\u00a0<\/span><\/p>\n<p class=\"p1\">2014<span class=\"Apple-converted-space\"><br \/>\n<\/span>Lombes \u2013 Mus\u00e9e Jules Desbois, Par\u00e7ay les Pins<span class=\"Apple-converted-space\"><br \/>\n<\/span>Panorama \u2013 art actuel (projet DRAC Basse Normandie) \u2013 Coll\u00e8ge de Troarn et Lyc\u00e9e Jean Gu\u00e9henno de Flers.<span class=\"Apple-converted-space\">\u00a0<\/span><\/p>\n<p class=\"p1\">2013<span class=\"Apple-converted-space\"><br \/>\n<\/span>EntreOuvert &#8211; Mus\u00e9e des Beaux-Arts d&#8217;Angers \u2013 Cabinet d&#8217;Arts Graphiques<span class=\"Apple-converted-space\"><br \/>\n<\/span>Distorsions &#8211; Galerie de l&#8217;ESPE de Vannes<span class=\"Apple-converted-space\"><br \/>\n<\/span>EntreOuvert &#8211; Mus\u00e9e des Beaux-Arts d&#8217;Angers \u2013 Cabinet d&#8217;Arts Graphiques<span class=\"Apple-converted-space\"><br \/>\n<\/span>EntreOuvert I &#8211; \u00abLe 38 rue Sorbier \u00bb, Paris<span class=\"Apple-converted-space\"><br \/>\n<\/span>EntreOuvert II &#8211; Artoth\u00e8que d&#8217;Hennebont, Galerie Pierre Tal Coat<span class=\"Apple-converted-space\"><br \/>\n<\/span>EntreOuvert III &#8211; Maison Gueffier, Sc\u00e8ne Nationale du Grand R, La Roche sur Yon<span class=\"Apple-converted-space\"><br \/>\n<\/span>Gis\u00e8le Bonin \/ Christine Matieu &#8211; Centre d&#8217;Art Contemporain Aponia, Villiers-sur-Marne<span class=\"Apple-converted-space\">\u00a0<\/span>[\/vc_column_text][\/vc_tta_section][vc_tta_section title=&#8221;group shows&#8221; tab_id=&#8221;1566508529710-738885ec-a711&#8243;][vc_column_text]<\/p>\n<p class=\"p1\">2025<span class=\"Apple-converted-space\"><br \/>\n<\/span>Incarnation(s) &#8211; Printemps du dessin, AMAP de Saint-Malo &#8211; Commissariat Anne-C\u00e9cile Tr\u00e9glos<span class=\"Apple-converted-space\"><br \/>\n<\/span>Sous la main, le monde &#8211; Avec Bruno Gadenne et Chlo\u00e9 Silbano &#8211; Galerie Robet Dantec, Nantes<span class=\"Apple-converted-space\">\u00a0<\/span><\/p>\n<p class=\"p1\">2024<span class=\"Apple-converted-space\"><br \/>\n<\/span>Salon de printemps, SAFFCA EU &#8211; Bruxelles, La Cambre<span class=\"Apple-converted-space\">\u00a0<\/span><\/p>\n<p class=\"p1\">2023<span class=\"Apple-converted-space\"><br \/>\n<\/span>Perceptions (\u00e0 venir) &#8211; Mus\u00e9es \/ artoth\u00e8que d\u2019Angers<span class=\"Apple-converted-space\">\u00a0<\/span><\/p>\n<p class=\"p1\">2022<span class=\"Apple-converted-space\"><br \/>\n<\/span>\u00catre chair &#8211; Galerie Fran\u00e7oise Besson, Lyon (avec Blanche Berthelier et Olivier Ficher &#8211; mars 2022)<span class=\"Apple-converted-space\"><br \/>\n<\/span>Plis et Replis, Aponia (Eglise Saint-Jean), Monastier sur Gazeille &#8211; Avec Armel Jullien et J\u00e9r\u00e9my Faivre &#8211; Commissariat Eva et Alain Barret, Aponia (f\u00e9vrier 2022)<span class=\"Apple-converted-space\">\u00a0<\/span><\/p>\n<p class=\"p1\">2021<span class=\"Apple-converted-space\"><br \/>\n<\/span>Se souvenir d\u2019un autre espace, Galerie Hors-Champs, Paris &#8211; Commissariat Hannibal Volkoff<span class=\"Apple-converted-space\">\u00a0<\/span><\/p>\n<p class=\"p1\">2018<span class=\"Apple-converted-space\"><br \/>\n<\/span>Galerie Le Phare Bor\u00e9al, Les Sables d&#8217;Olonne<span class=\"Apple-converted-space\"><br \/>\n<\/span>Suites r\u00e9sidentielle &#8211; Artoth\u00e8que de Caen &#8211; Commissariat Claire tangy et J\u00e9r\u00f4me Letinturier<span class=\"Apple-converted-space\"><br \/>\n<\/span>Vente aux ench\u00e8res Artcurial le 19 juin (au profit de Art For Autism)<span class=\"Apple-converted-space\"><br \/>\n<\/span>Dessins contemporains, Galerie LTK, Angers<span class=\"Apple-converted-space\"><br \/>\n<\/span>Anatomies, Mus\u00e9e Atger et Galerie N5, Montpellier<span class=\"Apple-converted-space\"><br \/>\n<\/span>Welcome Home \u2013 Galerie RDV, Nantes<span class=\"Apple-converted-space\">\u00a0<\/span><\/p>\n<p class=\"p1\">2016<span class=\"Apple-converted-space\"><br \/>\n<\/span>Dialogues dessin\u00e9s &#8211; Galerie M\u00e9lanie Rio, Paris<span class=\"Apple-converted-space\">\u00a0<\/span><\/p>\n<p class=\"p1\">2015<span class=\"Apple-converted-space\"><br \/>\n<\/span>Prix Arts \u00e0 la Pointe, Audierne<span class=\"Apple-converted-space\"><br \/>\n<\/span>Checkpoint &#8211; Chapelle de Boondael, Bruxelles<span class=\"Apple-converted-space\">\u00a0<\/span><\/p>\n<p class=\"p1\">2014<span class=\"Apple-converted-space\"><br \/>\n<\/span>La Petite Collection &#8211; Espace CO2, Galerie WhiteProject, Paris<span class=\"Apple-converted-space\"><br \/>\n<\/span>Carte blanche \u00e0 l&#8217;artoth\u00e8que &#8211; Mus\u00e9e des Beaux-Arts d&#8217;Angers<span class=\"Apple-converted-space\"><br \/>\n<\/span>70 combats pour la libert\u00e9 &#8211; Le Radar, Bayeux<span class=\"Apple-converted-space\"><br \/>\n<\/span>Pi\u00e8ce(s) \u00e0 conviction \u2013 Ch\u00e2teau de la Fresnaye, Falaise<span class=\"Apple-converted-space\"><br \/>\n<\/span>Acquisitions \u2013 Artoth\u00e8que d&#8217;Henebont<span class=\"Apple-converted-space\"><br \/>\n<\/span>M\u00e9moires d\u2019\u00c9l\u00e9phants &#8211; L&#8217;atelier, Nantes<span class=\"Apple-converted-space\"><br \/>\n<\/span>Le peuple veut &#8211; ESAM Caen, Centre du graphisme D\u2019\u00c9chirolles<span class=\"Apple-converted-space\"><br \/>\n<\/span>Collectif? &#8211; Centre d&#8217;art de Montrelais (avec C\u00e9cile Benoiton et Fran\u00e7ois Brunet)<span class=\"Apple-converted-space\">\u00a0<\/span>[\/vc_column_text][\/vc_tta_section][vc_tta_section title=&#8221;Bibliography et commandes&#8221; tab_id=&#8221;1654001363711-43ab4c10-f286&#8243;][vc_column_text]<\/p>\n<p class=\"p1\">2017<span class=\"Apple-converted-space\"><br \/>\n<\/span>Commande de 5 lithographies, collection priv\u00e9e Cristalis \/ L&#8217;Odeur de l&#8217;Encre, Nantes (avec Le Petit Jaunais, 2014: \u00ab Gis\u00e8le BONIN, une esth\u00e9tique du toucher \u00bb<span class=\"Apple-converted-space\"><br \/>\n<\/span>Article de Marie-H\u00e9l\u00e8ne Gauthier, dans la revue Alkemie (livret iconographique d&#8217;accompagnement)<span class=\"Apple-converted-space\">\u00a0<\/span><\/p>\n<p class=\"p1\">2014<span class=\"Apple-converted-space\"><br \/>\n<\/span>Catalogue de l&#8217;exposition Lombes \u2013 Mus\u00e9e Jules Desbois (texte critique : Julie Crenn)<span class=\"Apple-converted-space\"><br \/>\n<\/span>Revue litt\u00e9raire Dissonances n\u00b025, mise en image monographique<span class=\"Apple-converted-space\">\u00a0<\/span><\/p>\n<p class=\"p1\">2013<span class=\"Apple-converted-space\"><br \/>\n<\/span>Catalogue de l&#8217;exposition EntreOuvert \u2013 Mus\u00e9e des Beaux-arts d&#8217;Angers (textes critiques: Philippe Piguet et Christine Besson \u2013 Cr\u00e9ations litt\u00e9raires : Jean-No\u00ebl Blanc, Christian Garcin, Denis Lachaud, Isabelle Mini\u00e8re, Eric Pessan, Jacques Serena, Carole Zalberg)<span class=\"Apple-converted-space\">\u00a0<\/span><\/p>\n<p class=\"p1\">2013\/2011<span class=\"Apple-converted-space\"><br \/>\n<\/span>En attendant, Michel Butor, Gis\u00e8le Bonin \u2013 Po\u00e8me in\u00e9dit et dessins \u2013 \u00c9ditions L&#8217;instant Perp\u00e9tuel<span class=\"Apple-converted-space\"><br \/>\n<\/span>Le Dit du mineur, Michel Butor, Gis\u00e8le Bonin \u2013 Po\u00e8me in\u00e9dit et dessins \u2013 \u00c9ditions L\u2019instant Perp\u00e9tuel<span class=\"Apple-converted-space\">\u00a0<\/span><\/p>\n<p class=\"p1\">2011<span class=\"Apple-converted-space\"><br \/>\n<\/span>Gis\u00e8le Bonin \/ Christine Mathieu, Centre d&#8217;Art Contemporain de Villiers sur Marne, Catalogue d&#8217;exposition, 2011 (texte Alain Bouaziz)<span class=\"Apple-converted-space\"><br \/>\n<\/span>Int\u00e9rieur vu de dos: Gis\u00e8le Bonin \u2013 Isabelle L\u00e9v\u00e9nez, Catalogue d&#8217;exposition (texte Anne Kerner)<span class=\"Apple-converted-space\"><br \/>\n<\/span>Le peuple veut (catalogue de l&#8217;exposition collective), Thotm-\u00e9ditions,<span class=\"Apple-converted-space\"><br \/>\n<\/span>Rencontres, Carnet de voyage (Gis\u00e8le Bonin et St\u00e9phanie Wamytan) : commande \u2013 Entreprise Cristalis<span class=\"Apple-converted-space\"><br \/>\n<\/span>Cette b\u00eate que tu as sur la peau &#8211; avec Marie Chartres, romanci\u00e8re\u2013 \u00c9ditions du Chemin de Fer<span class=\"Apple-converted-space\">\u00a0<\/span><\/p>\n<p class=\"p1\">2008<span class=\"Apple-converted-space\"><br \/>\n<\/span>Petits Dess(e)ins entre nous \u2013 DEC Nantes<span class=\"Apple-converted-space\">\u00a0<\/span>[\/vc_column_text][\/vc_tta_section][vc_tta_section title=&#8221;collections&#8221; tab_id=&#8221;1654001764184-d1a9d200-ba23&#8243;][vc_column_text]<\/p>\n<p class=\"p1\">Collection d\u2019art contemporain &#8211; ville de Gentilly<span class=\"Apple-converted-space\">\u00a0<\/span><\/p>\n<p class=\"p1\">Collection Centre d\u2019art contemporain Aponia<span class=\"Apple-converted-space\">\u00a0<\/span><\/p>\n<p class=\"p1\">Ecole d\u2019Arts Plastiques de Saint-Malo<span class=\"Apple-converted-space\">\u00a0<\/span><\/p>\n<p class=\"p1\">Mus\u00e9es \/artoth\u00e8que d&#8217;Angers<span class=\"Apple-converted-space\">\u00a0<\/span><\/p>\n<p class=\"p1\">Le Radar, Bayeux<span class=\"Apple-converted-space\">\u00a0<\/span><\/p>\n<p class=\"p1\">Artoth\u00e8que de la Roche-sur-Yon<span class=\"Apple-converted-space\">\u00a0<\/span><\/p>\n<p class=\"p1\">Artoth\u00e8que d&#8217;Hennebont<span class=\"Apple-converted-space\">\u00a0<\/span><\/p>\n<p class=\"p1\">Fondation d&#8217;entreprise Cristalis<span class=\"Apple-converted-space\">\u00a0<\/span><\/p>\n<p class=\"p1\">Galerie artoth\u00e8que 2angles Flers<span class=\"Apple-converted-space\">\u00a0<\/span><\/p>\n<p>[\/vc_column_text][\/vc_tta_section][\/vc_tta_tabs][\/vc_column][\/vc_row]<\/p>\n","protected":false},"excerpt":{"rendered":"<p>[vc_row][vc_column width=&#8221;1\/2&#8243;][vc_single_image image=&#8221;5439&#8243; img_size=&#8221;full&#8221; alignment=&#8221;center&#8221; onclick=&#8221;zoom&#8221; css_animation=&#8221;zoomIn&#8221;][vc_empty_space][vc_custom_heading source=&#8221;post_title&#8221; use_theme_fonts=&#8221;yes&#8221;][\/vc_column][vc_column width=&#8221;1\/2&#8243; css=&#8221;.vc_custom_1562103889852{border-left-width: 1px !important;border-left-color: #e3afa7 !important;border-left-style: solid !important;}&#8221;][vc_column_text css=&#8221;.vc_custom_1753981257010{padding-left: 30px !important;}&#8221;]A graduate of the Angers School of Fine Arts in 2005, after completing a Master&#8217;s degree in comparative literature and studying classical guitar at the Clermont-Ferrand Regional Conservatory, Gis\u00e8le Bonin developed a drawing style that revisits [&hellip;]<\/p>\n","protected":false},"author":2,"featured_media":0,"parent":1154,"menu_order":0,"comment_status":"closed","ping_status":"closed","template":"","meta":[],"_links":{"self":[{"href":"https:\/\/galerierobetdantec.com\/en\/wp-json\/wp\/v2\/pages\/6180"}],"collection":[{"href":"https:\/\/galerierobetdantec.com\/en\/wp-json\/wp\/v2\/pages"}],"about":[{"href":"https:\/\/galerierobetdantec.com\/en\/wp-json\/wp\/v2\/types\/page"}],"author":[{"embeddable":true,"href":"https:\/\/galerierobetdantec.com\/en\/wp-json\/wp\/v2\/users\/2"}],"replies":[{"embeddable":true,"href":"https:\/\/galerierobetdantec.com\/en\/wp-json\/wp\/v2\/comments?post=6180"}],"version-history":[{"count":3,"href":"https:\/\/galerierobetdantec.com\/en\/wp-json\/wp\/v2\/pages\/6180\/revisions"}],"predecessor-version":[{"id":6212,"href":"https:\/\/galerierobetdantec.com\/en\/wp-json\/wp\/v2\/pages\/6180\/revisions\/6212"}],"up":[{"embeddable":true,"href":"https:\/\/galerierobetdantec.com\/en\/wp-json\/wp\/v2\/pages\/1154"}],"wp:attachment":[{"href":"https:\/\/galerierobetdantec.com\/en\/wp-json\/wp\/v2\/media?parent=6180"}],"curies":[{"name":"wp","href":"https:\/\/api.w.org\/{rel}","templated":true}]}}