{"id":6142,"date":"2025-03-01T18:01:53","date_gmt":"2025-03-01T17:01:53","guid":{"rendered":"https:\/\/galerierobetdantec.com\/artistes\/chloe-silbano\/"},"modified":"2026-01-28T15:18:13","modified_gmt":"2026-01-28T14:18:13","slug":"chloe-silbano","status":"publish","type":"page","link":"https:\/\/galerierobetdantec.com\/en\/artistes\/chloe-silbano\/","title":{"rendered":"chlo\u00e9 silbano"},"content":{"rendered":"<p>[vc_row][vc_column width=&#8221;1\/2&#8243;][vc_single_image image=&#8221;5480&#8243; img_size=&#8221;full&#8221; alignment=&#8221;center&#8221; onclick=&#8221;zoom&#8221; css_animation=&#8221;zoomIn&#8221;][vc_empty_space][vc_custom_heading source=&#8221;post_title&#8221; use_theme_fonts=&#8221;yes&#8221;][\/vc_column][vc_column width=&#8221;1\/2&#8243; css=&#8221;.vc_custom_1562103889852{border-left-width: 1px !important;border-left-color: #e3afa7 !important;border-left-style: solid !important;}&#8221;][vc_column_text css=&#8221;.vc_custom_1741009744446{padding-left: 30px !important;}&#8221;]<\/p>\n<p class=\"p1\">Chlo\u00e9 Silbano est dipl\u00f4m\u00e9e avec les f\u00e9licitations des Beaux-Arts de Paris. Elle est laur\u00e9ate du Prix Yishu8 2020, et artiste invit\u00e9e par le Centre National d\u2019Etudes Spatiales pour 2022-2023. Son atelier est \u00e0 Poush en Ile-de-France. Elle a expos\u00e9 chez Gr_und (Berlin), \u00e0 la Fondation Fernet-Branca (Saint-Louis), au 104 (Paris), \u00e0 l\u2019Approche (Bruxelles), au Centre d\u2019Art de Villiers-sur-Marne, \u00e0 la Galerie L\u2019\u0153il Histrion (Caen), chez A 2 Pas du Sacre (Reims), \u00e0 La Box (La R\u00e9union), au Kazakhstan avec la Galerie Pygmalion, ou encore \u00e0 la Maison des Arts de P\u00e9kin (Chine).<span class=\"Apple-converted-space\">\u00a0<\/span><\/p>\n<p class=\"p2\"><span class=\"s1\">En 2023, elle est laur\u00e9ate de Bourse ADGAP pour la monographie \u00abCes derniers temps\u00bb aux \u00e9ditions Lord Byron (Texte Michel Nuridsany). En 2024, elle expose \u00e0 la HDM Gallery et au National Art Museum Of China, P\u00e9kin(Yishu8). Actuellement, ses oeuvres sont expos\u00e9es \u00e0 Hangzhou (Chine) dans l&#8217;exposition &#8220;Paysage r\u00eav\u00e9, Paysage r\u00e9v\u00e9l\u00e9&#8221; \u00a0au Winland Center (Commissariat Mathieu Mercier et Amel Nafti). En 2025, elle collabore avec le c\u00e9l\u00e8bre Berengo Studio \u00e0 Venise pour la r\u00e9alisation d&#8217;oeuvres en verre de Murano.\u00a0<\/span><\/p>\n<p>&nbsp;<\/p>\n<p>\u00a9 Photo Christophe Brisson[\/vc_column_text][\/vc_column][\/vc_row][vc_row][vc_column][vc_empty_space height=&#8221;30px&#8221;][\/vc_column][\/vc_row][vc_row bg_type=&#8221;bg_color&#8221; bg_color_value=&#8221;#f2f2f2&#8243; css=&#8221;.vc_custom_1563722577019{padding-top: 30px !important;}&#8221;][vc_column][vc_column_text]<\/p>\n<h2 style=\"text-align: center;\">\u0153uvres disponibles \u00e0 la galerie<\/h2>\n<p>[\/vc_column_text][vc_empty_space height=&#8221;30px&#8221;][vc_basic_grid post_type=&#8221;royal_portfolio&#8221; max_items=&#8221;-1&#8243; item=&#8221;masonryGrid_SlideFromLeft&#8221; grid_id=&#8221;vc_gid:1769609770991-ed596bbd983c65b84c77f5b0da66bd48-6&#8243; taxonomies=&#8221;131&#8243;][vc_empty_space height=&#8221;40px&#8221;][\/vc_column][\/vc_row][vc_row][vc_column][vc_empty_space height=&#8221;40px&#8221;][\/vc_column][\/vc_row][vc_row][vc_column][vc_tta_tabs style=&#8221;modern&#8221; shape=&#8221;square&#8221; spacing=&#8221;5&#8243; active_section=&#8221;1&#8243;][vc_tta_section title=&#8221;expositions personnelles&#8221; tab_id=&#8221;1559740892983-68397675-89f3&#8243;][vc_column_text]- 2024 : Yishu8, Paris<\/p>\n<p>&#8211; 2023 : Moments Artistiques, Paris<\/p>\n<p>&#8211; 2023 : Maison des Arts, P\u00e9kin<\/p>\n<p>&#8211; 2023 : Conf\u00e9rence, Galerie Pygmalion, Kazakhstan<\/p>\n<p>&#8211; 2022 : Galerie L\u2019\u0153il Histrion, Caen<\/p>\n<p>&#8211; 2019 : A deux pas du sacre, Reims[\/vc_column_text][\/vc_tta_section][vc_tta_section title=&#8221;expositions collectives&#8221; tab_id=&#8221;1566508529710-738885ec-a711&#8243;][vc_column_text]2026<br \/>\nPeinture ! -Galerie Robet Dantec, Nantes<\/p>\n<p>2025<br \/>\nLuxembourg Art Week, Galerie Robet Dantec, Luxembourg<br \/>\nSous la main, le monde &#8211; Galerie Robet Dantec, Nantes<\/p>\n<p>2024<br \/>\nCarte Blanche Winland, Hangzhou, Chine. Commissaires: Mathieu Mercier et Amel Nafi.<br \/>\nCircle Art Center, Beidaihe, Chine<br \/>\nHDM Gallery<br \/>\nNational Art Museum Of China, P\u00e9kin Yishu8<br \/>\n28e Annual Festival of Alternative Art, curator Ekaterina Shcherbakova, Armenian Center for Contemporary Experimental Art<\/p>\n<p>2023<br \/>\nCentre National d\u2019Etudes Spatiales, Paris<\/p>\n<p>2022<br \/>\nMarlands, Catane, Sicile<br \/>\nH Gallery, Paris<br \/>\nLa Box, La R\u00e9union<br \/>\nL\u2019approche, Bruxelles<\/p>\n<p>2021<br \/>\nAncien Mus\u00e9e Pierre Cardin, Saint-Ouen<br \/>\nPoush, Clichy<\/p>\n<p>2020<br \/>\nA deux pas du sacre, Reims<\/p>\n<p>2019<br \/>\nGr_und, Berlin<br \/>\nFondation Ricard, Sortie de la revue Joseffne, avec le texte de Mehdi Brit<br \/>\nCentre d\u2019Art de Villiers-sur-Marne<br \/>\nPerformance au Silencio, Paris<\/p>\n<p>2018<br \/>\nMAL, Laon<br \/>\nPavillon Vend\u00f4me, Printemps de l\u2019Art Contemporain, Aix<\/p>\n<p>2017<br \/>\nGalerie Escougnou-Cetraro, Paris<br \/>\nGalerie Taddaeus Ropac, Pantin performance \u00e0 l\u2019invitaion de Jeune Cr\u00e9ation<br \/>\nMus\u00e9e de la chasse, Paris performance durant la Nuit blanche<\/p>\n<p>2014<br \/>\n\u00abAphrodisia\u00bb, Paris, curateur Sinziana Ravini<\/p>\n<p>2013<br \/>\n104, Paris, \u00abD\u00e9paysements\u00bb,<\/p>\n<p>&nbsp;[\/vc_column_text][\/vc_tta_section][vc_tta_section title=&#8221;formation et prix&#8221; tab_id=&#8221;1654001363711-43ab4c10-f286&#8243;][vc_column_text]- 2024 : R\u00e9sidence \u00e0 Butong, Beidaihe, Chine<\/p>\n<p>&#8211; 2023 : Bourse ADAGP pour la monographie \u00abCes derniers temps\u00bb aux \u00e9ditions Lord Byron<\/p>\n<p>&#8211; 2022-2023 : Artiste invit\u00e9e au CNES Couverture de la revue Arts et espace, \u00e9ditions CNES, Les Presses du r\u00e9el.<br \/>\nAcquisition par le FRAC Toulouse<\/p>\n<p>&#8211; 2022 : Programme de recherche avec La Fabrique des R\u00e9cits<\/p>\n<p>&#8211; 2020 : Prix Yishu8, r\u00e9sidence \u00e0 P\u00e9kin en 2023<\/p>\n<p>&#8211; 2019 : Perspektive, Fonds franco-allemand pour l\u2019art contemporain et l\u2019architecture (Bureau des arts plastiques de l\u2019Institut fran\u00e7ais d\u2019Allemagne et Ambassade de France en Allemagne) pour l\u2019exposition D\u00e9-jardiner, \u00e0 Gr_und[\/vc_column_text][\/vc_tta_section][\/vc_tta_tabs][\/vc_column][\/vc_row]<\/p>\n","protected":false},"excerpt":{"rendered":"<p>[vc_row][vc_column width=&#8221;1\/2&#8243;][vc_single_image image=&#8221;5480&#8243; img_size=&#8221;full&#8221; alignment=&#8221;center&#8221; onclick=&#8221;zoom&#8221; css_animation=&#8221;zoomIn&#8221;][vc_empty_space][vc_custom_heading source=&#8221;post_title&#8221; use_theme_fonts=&#8221;yes&#8221;][\/vc_column][vc_column width=&#8221;1\/2&#8243; css=&#8221;.vc_custom_1562103889852{border-left-width: 1px !important;border-left-color: #e3afa7 !important;border-left-style: solid !important;}&#8221;][vc_column_text css=&#8221;.vc_custom_1741009744446{padding-left: 30px !important;}&#8221;] Chlo\u00e9 Silbano est dipl\u00f4m\u00e9e avec les f\u00e9licitations des Beaux-Arts de Paris. Elle est laur\u00e9ate du Prix Yishu8 2020, et artiste invit\u00e9e par le Centre National d\u2019Etudes Spatiales pour 2022-2023. Son atelier est \u00e0 Poush en [&hellip;]<\/p>\n","protected":false},"author":2,"featured_media":0,"parent":1154,"menu_order":0,"comment_status":"closed","ping_status":"closed","template":"","meta":[],"_links":{"self":[{"href":"https:\/\/galerierobetdantec.com\/en\/wp-json\/wp\/v2\/pages\/6142"}],"collection":[{"href":"https:\/\/galerierobetdantec.com\/en\/wp-json\/wp\/v2\/pages"}],"about":[{"href":"https:\/\/galerierobetdantec.com\/en\/wp-json\/wp\/v2\/types\/page"}],"author":[{"embeddable":true,"href":"https:\/\/galerierobetdantec.com\/en\/wp-json\/wp\/v2\/users\/2"}],"replies":[{"embeddable":true,"href":"https:\/\/galerierobetdantec.com\/en\/wp-json\/wp\/v2\/comments?post=6142"}],"version-history":[{"count":4,"href":"https:\/\/galerierobetdantec.com\/en\/wp-json\/wp\/v2\/pages\/6142\/revisions"}],"predecessor-version":[{"id":6853,"href":"https:\/\/galerierobetdantec.com\/en\/wp-json\/wp\/v2\/pages\/6142\/revisions\/6853"}],"up":[{"embeddable":true,"href":"https:\/\/galerierobetdantec.com\/en\/wp-json\/wp\/v2\/pages\/1154"}],"wp:attachment":[{"href":"https:\/\/galerierobetdantec.com\/en\/wp-json\/wp\/v2\/media?parent=6142"}],"curies":[{"name":"wp","href":"https:\/\/api.w.org\/{rel}","templated":true}]}}