{"id":6048,"date":"2022-12-03T13:33:55","date_gmt":"2022-12-03T12:33:55","guid":{"rendered":"https:\/\/galerierobetdantec.com\/artistes-invites\/"},"modified":"2025-07-25T19:14:48","modified_gmt":"2025-07-25T17:14:48","slug":"artistes-invites","status":"publish","type":"page","link":"https:\/\/galerierobetdantec.com\/en\/artistes-invites\/","title":{"rendered":"Past collaborations"},"content":{"rendered":"<p>[vc_row][vc_column][vc_column_text]<strong>All these artists have been exhibited at the gallery !<\/strong><\/p>\n<p>Galerie Robet Dantec has had the pleasure of discovering and collaborating with the artists below, representing them for collectors and institutions, or hosting them for occasional exhibitions.[\/vc_column_text][\/vc_column][\/vc_row][vc_row css=&#8221;.vc_custom_1563388625836{margin-top: -30px !important;}&#8221;][vc_column width=&#8221;1\/3&#8243; css=&#8221;.vc_custom_1563388571520{margin-top: 30px !important;}&#8221;][vc_hoverbox image=&#8221;4969&#8243; primary_title=&#8221;&#8221; hover_title=&#8221;tom\u00e1s amorim&#8221; hover_title_font_container=&#8221;font_size:22|color:%23736864&#8243; hover_title_use_theme_fonts=&#8221;yes&#8221; shape=&#8221;square&#8221; hover_btn_title=&#8221;+&#8221; hover_btn_color=&#8221;default&#8221; hover_btn_align=&#8221;center&#8221; use_custom_fonts_hover_title=&#8221;true&#8221; hover_add_button=&#8221;true&#8221; hover_btn_link=&#8221;url:https%3A%2F%2Fgalerierobetdantec.com%2Flempreinte-des-leix%2F|title:L&#8217;empreinte%20des%20lieux||&#8221; hover_title_link=&#8221;|||&#8221;]photographie \/ volume<\/p>\n<p>Invit\u00e9 \u00e0 l&#8217;occasion de l&#8217;exposition <span style=\"color: #000000;\"><strong>&#8220;<a style=\"color: #000000;\" href=\"https:\/\/galerierobetdantec.com\/en\/lempreinte-des-leix\/\">L&#8217;empreinte des lieux<\/a>&#8220;<\/strong><\/span>[\/vc_hoverbox]<div class=\"ult-spacer spacer-69d2bf52b0e78\" data-id=\"69d2bf52b0e78\" data-height=\"30\" data-height-mobile=\"30\" data-height-tab=\"30\" data-height-tab-portrait=\"\" data-height-mobile-landscape=\"\" style=\"clear:both;display:block;\"><\/div>[vc_hoverbox image=&#8221;1490&#8243; primary_title=&#8221;&#8221; hover_title=&#8221;aur\u00e9lien finance&#8221; hover_title_font_container=&#8221;font_size:22|color:%23736864&#8243; hover_title_use_theme_fonts=&#8221;yes&#8221; shape=&#8221;square&#8221; hover_btn_title=&#8221;+&#8221; hover_btn_color=&#8221;default&#8221; hover_btn_align=&#8221;center&#8221; use_custom_fonts_hover_title=&#8221;true&#8221; hover_add_button=&#8221;true&#8221; hover_btn_link=&#8221;url:https%3A%2F%2Fgalerierobetdantec.com%2Fartistes%2Faurelien-finance%2F|title:aur%C3%A9lien%20finance||&#8221; hover_title_link=&#8221;|||&#8221;]Volume \/ Textile<\/p>\n<p>Repr\u00e9sent\u00e9 de 2020 \u00e0 2024[\/vc_hoverbox]<div class=\"ult-spacer spacer-69d2bf52b0eae\" data-id=\"69d2bf52b0eae\" data-height=\"30\" data-height-mobile=\"30\" data-height-tab=\"30\" data-height-tab-portrait=\"\" data-height-mobile-landscape=\"\" style=\"clear:both;display:block;\"><\/div>[vc_hoverbox image=&#8221;3814&#8243; primary_title=&#8221;&#8221; hover_title=&#8221;Anne Immel\u00e9&#8221; hover_title_font_container=&#8221;font_size:22|color:%23736864&#8243; hover_title_use_theme_fonts=&#8221;yes&#8221; shape=&#8221;square&#8221; hover_btn_title=&#8221;+&#8221; hover_btn_color=&#8221;default&#8221; hover_btn_align=&#8221;center&#8221; use_custom_fonts_hover_title=&#8221;true&#8221; hover_add_button=&#8221;true&#8221; hover_btn_link=&#8221;url:https%3A%2F%2Fdrive.google.com%2Ffile%2Fd%2F1G72J5V9ywV6Rmgy_LQjBBXrUJwwcUv1a%2Fview%3Fusp%3Dsharing||target:%20_blank|&#8221; hover_title_link=&#8221;url:https%3A%2F%2Fgalerierobetdantec.com%2Fyann-bagot-lheure-intime-du-monde%2F|title:Expo%20Avec%20D%C3%A9licatesse|target:%20_blank|&#8221;]Photographie<\/p>\n<p>Invit\u00e9e \u00e0 l&#8217;occasion de l&#8217;exposition &#8220;Avec d\u00e9licatesse&#8221;[\/vc_hoverbox][vc_empty_space][vc_hoverbox image=&#8221;3509&#8243; primary_title=&#8221;&#8221; hover_title=&#8221;Didier Viod\u00e9&#8221; hover_title_font_container=&#8221;font_size:22|color:%23736864&#8243; hover_title_use_theme_fonts=&#8221;yes&#8221; shape=&#8221;square&#8221; hover_btn_title=&#8221;+&#8221; hover_btn_color=&#8221;default&#8221; hover_btn_align=&#8221;center&#8221; use_custom_fonts_hover_title=&#8221;true&#8221; hover_add_button=&#8221;true&#8221; hover_btn_link=&#8221;url:https%3A%2F%2Fgalerierobetdantec.com%2Fretour-de-dakar-ilhem-ellouze-hyacinthe-ouattara-didier-viode%2F|||&#8221;]peinture<\/p>\n<p>Invit\u00e9 \u00e0 l&#8217;occasion de l&#8217;exposition &#8220;Retour de Dakar&#8221;[\/vc_hoverbox]<div class=\"ult-spacer spacer-69d2bf52b0ed3\" data-id=\"69d2bf52b0ed3\" data-height=\"30\" data-height-mobile=\"30\" data-height-tab=\"30\" data-height-tab-portrait=\"\" data-height-mobile-landscape=\"\" style=\"clear:both;display:block;\"><\/div>[\/vc_column][vc_column width=&#8221;1\/3&#8243; css=&#8221;.vc_custom_1563388554627{margin-top: 30px !important;}&#8221;][vc_hoverbox image=&#8221;3105&#8243; primary_title=&#8221;&#8221; hover_title=&#8221;Ugo Arsac&#8221; hover_title_font_container=&#8221;font_size:22|color:%23736864&#8243; hover_title_use_theme_fonts=&#8221;yes&#8221; shape=&#8221;square&#8221; hover_btn_title=&#8221;+&#8221; hover_btn_color=&#8221;default&#8221; hover_btn_align=&#8221;center&#8221; use_custom_fonts_hover_title=&#8221;true&#8221; hover_add_button=&#8221;true&#8221; hover_btn_link=&#8221;url:https%3A%2F%2Fgalerierobetdantec.com%2Fddessin-paris-23%2F|title:DDESSIN%20PARIS%20%7B23%7D||&#8221; hover_title_link=&#8221;|||&#8221;]dessin \u23a5 art num\u00e9rique<\/p>\n<p>Repr\u00e9sent\u00e9 par la galerie de 2021 \u00e0 2024<br \/>\nPrix DDESSIN PARIS 2023[\/vc_hoverbox]<div class=\"ult-spacer spacer-69d2bf52b0ef7\" data-id=\"69d2bf52b0ef7\" data-height=\"30\" data-height-mobile=\"30\" data-height-tab=\"30\" data-height-tab-portrait=\"\" data-height-mobile-landscape=\"\" style=\"clear:both;display:block;\"><\/div>[vc_hoverbox image=&#8221;2468&#8243; primary_title=&#8221;&#8221; hover_title=&#8221;Elise Grenois&#8221; hover_title_font_container=&#8221;font_size:22|color:%23736864&#8243; hover_title_use_theme_fonts=&#8221;yes&#8221; shape=&#8221;square&#8221; hover_btn_title=&#8221;+&#8221; hover_btn_color=&#8221;default&#8221; hover_btn_align=&#8221;center&#8221; use_custom_fonts_hover_title=&#8221;true&#8221; hover_add_button=&#8221;true&#8221; hover_btn_link=&#8221;url:https%3A%2F%2Fgalerierobetdantec.com%2Felise-grenois-shadowban%2F|||&#8221; hover_title_link=&#8221;|||&#8221;]sculpture<\/p>\n<p>Repr\u00e9sent\u00e9e par la Galerie de 2020 \u00e0 2023[\/vc_hoverbox]<div class=\"ult-spacer spacer-69d2bf52b0f14\" data-id=\"69d2bf52b0f14\" data-height=\"30\" data-height-mobile=\"30\" data-height-tab=\"30\" data-height-tab-portrait=\"\" data-height-mobile-landscape=\"\" style=\"clear:both;display:block;\"><\/div>[vc_hoverbox image=&#8221;4665&#8243; primary_title=&#8221;&#8221; hover_title=&#8221;jean-baptiste n\u00e9e&#8221; hover_title_font_container=&#8221;font_size:22|color:%23736864&#8243; hover_title_use_theme_fonts=&#8221;yes&#8221; shape=&#8221;square&#8221; hover_btn_title=&#8221;+&#8221; hover_btn_color=&#8221;default&#8221; hover_btn_align=&#8221;center&#8221; use_custom_fonts_hover_title=&#8221;true&#8221; hover_add_button=&#8221;true&#8221; hover_btn_link=&#8221;url:https%3A%2F%2Fgalerierobetdantec.com%2Flempreinte-des-leix%2F|title:L&#8217;empreinte%20des%20lieux||&#8221;]dessin<\/p>\n<p>Invit\u00e9 \u00e0 l&#8217;occasion de l&#8217;exposition &#8220;<span style=\"color: #000000;\"><a style=\"color: #000000;\" href=\"https:\/\/galerierobetdantec.com\/en\/lempreinte-des-leix\/\"><strong>L&#8217;empreinte des lieux<\/strong><\/a><\/span>&#8220;[\/vc_hoverbox]<div class=\"ult-spacer spacer-69d2bf52b0f2e\" data-id=\"69d2bf52b0f2e\" data-height=\"30\" data-height-mobile=\"30\" data-height-tab=\"30\" data-height-tab-portrait=\"\" data-height-mobile-landscape=\"\" style=\"clear:both;display:block;\"><\/div>[vc_hoverbox image=&#8221;3812&#8243; primary_title=&#8221;&#8221; hover_title=&#8221;Jamila Wallentin&#8221; hover_title_font_container=&#8221;font_size:22|color:%23736864&#8243; hover_title_use_theme_fonts=&#8221;yes&#8221; shape=&#8221;square&#8221; hover_btn_title=&#8221;+&#8221; hover_btn_color=&#8221;default&#8221; hover_btn_align=&#8221;center&#8221; use_custom_fonts_hover_title=&#8221;true&#8221; hover_add_button=&#8221;true&#8221; hover_btn_link=&#8221;url:https%3A%2F%2Fgalerierobetdantec.com%2Fyann-bagot-lheure-intime-du-monde%2F|||&#8221;]Volumes textile<\/p>\n<p>Invit\u00e9e \u00e0 l&#8217;occasion de l&#8217;exposition &#8220;Avec d\u00e9licatesse&#8221;[\/vc_hoverbox][\/vc_column][vc_column width=&#8221;1\/3&#8243; css=&#8221;.vc_custom_1563388563371{margin-top: 30px !important;}&#8221;][vc_hoverbox image=&#8221;4435&#8243; primary_title=&#8221;&#8221; hover_title=&#8221;charles coturel&#8221; hover_title_font_container=&#8221;font_size:22|color:%23736864&#8243; hover_title_use_theme_fonts=&#8221;yes&#8221; shape=&#8221;square&#8221; hover_btn_title=&#8221;+&#8221; hover_btn_color=&#8221;default&#8221; hover_btn_align=&#8221;center&#8221; use_custom_fonts_hover_title=&#8221;true&#8221; hover_add_button=&#8221;true&#8221; hover_btn_link=&#8221;url:https%3A%2F%2Fgalerierobetdantec.com%2Fa-travers-leden%2F|title:A%20travers%20l%E2%80%99Eden||&#8221; hover_title_link=&#8221;|||&#8221;]Dessin<\/p>\n<p>Pr\u00e9sent\u00e9 \u00e0 l&#8217;occasion de l&#8217;exposition &#8220;<span style=\"color: #dba5a6;\"><strong><a style=\"color: #dba5a6;\" href=\"https:\/\/galerierobetdantec.com\/a-travers-leden\/\">\u00c0 travers l&#8217;Eden<\/a><\/strong><\/span>&#8220;[\/vc_hoverbox]<div class=\"ult-spacer spacer-69d2bf52b0f46\" data-id=\"69d2bf52b0f46\" data-height=\"30\" data-height-mobile=\"30\" data-height-tab=\"30\" data-height-tab-portrait=\"\" data-height-mobile-landscape=\"\" style=\"clear:both;display:block;\"><\/div>[vc_hoverbox image=&#8221;2905&#8243; primary_title=&#8221;&#8221; hover_title=&#8221;Emmanuel Henninger&#8221; hover_title_font_container=&#8221;font_size:22|color:%23736864&#8243; hover_title_use_theme_fonts=&#8221;yes&#8221; shape=&#8221;square&#8221; hover_btn_title=&#8221;+&#8221; hover_btn_color=&#8221;default&#8221; hover_btn_align=&#8221;center&#8221; use_custom_fonts_hover_title=&#8221;true&#8221; hover_add_button=&#8221;true&#8221; hover_btn_link=&#8221;url:https%3A%2F%2Fgalerierobetdantec.com%2Fpoints-de-vue-ugo-arsac-yann-bagot-bastien-faudon-emmanuel-henninger%2F|||&#8221; hover_title_link=&#8221;|||&#8221;]dessin<\/p>\n<p>Invit\u00e9 \u00e0 l&#8217;occasion de l&#8217;exposition &#8220;Points de vue&#8221;[\/vc_hoverbox]<div class=\"ult-spacer spacer-69d2bf52b0f5d\" data-id=\"69d2bf52b0f5d\" data-height=\"30\" data-height-mobile=\"30\" data-height-tab=\"30\" data-height-tab-portrait=\"\" data-height-mobile-landscape=\"\" style=\"clear:both;display:block;\"><\/div>[vc_hoverbox image=&#8221;3507&#8243; primary_title=&#8221;&#8221; hover_title=&#8221;Hyacinte Ouattara&#8221; hover_title_font_container=&#8221;font_size:22|color:%23736864&#8243; hover_title_use_theme_fonts=&#8221;yes&#8221; shape=&#8221;square&#8221; hover_btn_title=&#8221;+&#8221; hover_btn_color=&#8221;default&#8221; hover_btn_align=&#8221;center&#8221; use_custom_fonts_hover_title=&#8221;true&#8221; hover_add_button=&#8221;true&#8221; hover_btn_link=&#8221;url:https%3A%2F%2Fgalerierobetdantec.com%2Fretour-de-dakar-ilhem-ellouze-hyacinthe-ouattara-didier-viode%2F|||&#8221;]dessin<\/p>\n<p>Invit\u00e9 \u00e0 l&#8217;occasion de l&#8217;exposition Retour de Dakar (2022)[\/vc_hoverbox][vc_empty_space][\/vc_column][\/vc_row]<\/p>\n","protected":false},"excerpt":{"rendered":"<p>[vc_row][vc_column][vc_column_text]All these artists have been exhibited at the gallery ! Galerie Robet Dantec has had the pleasure of discovering and collaborating with the artists below, representing them for collectors and institutions, or hosting them for occasional exhibitions.[\/vc_column_text][\/vc_column][\/vc_row][vc_row css=&#8221;.vc_custom_1563388625836{margin-top: -30px !important;}&#8221;][vc_column width=&#8221;1\/3&#8243; css=&#8221;.vc_custom_1563388571520{margin-top: 30px !important;}&#8221;][vc_hoverbox image=&#8221;4969&#8243; primary_title=&#8221;&#8221; hover_title=&#8221;tom\u00e1s amorim&#8221; hover_title_font_container=&#8221;font_size:22|color:%23736864&#8243; hover_title_use_theme_fonts=&#8221;yes&#8221; shape=&#8221;square&#8221; hover_btn_title=&#8221;+&#8221; hover_btn_color=&#8221;default&#8221; hover_btn_align=&#8221;center&#8221; use_custom_fonts_hover_title=&#8221;true&#8221; [&hellip;]<\/p>\n","protected":false},"author":2,"featured_media":0,"parent":0,"menu_order":2,"comment_status":"closed","ping_status":"closed","template":"","meta":[],"_links":{"self":[{"href":"https:\/\/galerierobetdantec.com\/en\/wp-json\/wp\/v2\/pages\/6048"}],"collection":[{"href":"https:\/\/galerierobetdantec.com\/en\/wp-json\/wp\/v2\/pages"}],"about":[{"href":"https:\/\/galerierobetdantec.com\/en\/wp-json\/wp\/v2\/types\/page"}],"author":[{"embeddable":true,"href":"https:\/\/galerierobetdantec.com\/en\/wp-json\/wp\/v2\/users\/2"}],"replies":[{"embeddable":true,"href":"https:\/\/galerierobetdantec.com\/en\/wp-json\/wp\/v2\/comments?post=6048"}],"version-history":[{"count":2,"href":"https:\/\/galerierobetdantec.com\/en\/wp-json\/wp\/v2\/pages\/6048\/revisions"}],"predecessor-version":[{"id":6050,"href":"https:\/\/galerierobetdantec.com\/en\/wp-json\/wp\/v2\/pages\/6048\/revisions\/6050"}],"wp:attachment":[{"href":"https:\/\/galerierobetdantec.com\/en\/wp-json\/wp\/v2\/media?parent=6048"}],"curies":[{"name":"wp","href":"https:\/\/api.w.org\/{rel}","templated":true}]}}