{"id":6044,"date":"2025-03-01T15:55:17","date_gmt":"2025-03-01T14:55:17","guid":{"rendered":"https:\/\/galerierobetdantec.com\/artistes\/bruno-gadenne\/"},"modified":"2025-07-25T19:06:32","modified_gmt":"2025-07-25T17:06:32","slug":"bruno-gadenne","status":"publish","type":"page","link":"https:\/\/galerierobetdantec.com\/en\/artistes\/bruno-gadenne\/","title":{"rendered":"bruno gadenne"},"content":{"rendered":"<p>[vc_row][vc_column width=&#8221;1\/2&#8243;][vc_single_image image=&#8221;5403&#8243; img_size=&#8221;full&#8221; alignment=&#8221;center&#8221; onclick=&#8221;zoom&#8221; css_animation=&#8221;zoomIn&#8221;][vc_empty_space][vc_custom_heading source=&#8221;post_title&#8221; use_theme_fonts=&#8221;yes&#8221;][\/vc_column][vc_column width=&#8221;1\/2&#8243; css=&#8221;.vc_custom_1562103889852{border-left-width: 1px !important;border-left-color: #e3afa7 !important;border-left-style: solid !important;}&#8221;][vc_column_text css=&#8221;.vc_custom_1753463076864{padding-left: 30px !important;}&#8221;]After studying in S\u00e8vres and Boston (USA), Bruno Gadenne graduated in 2014 from the Haute \u00c9cole des Arts du Rhin (HEAR, formerly the \u00c9cole Sup\u00e9rieure des Arts D\u00e9coratifs de Strasbourg), where he studied painting under Daniel Schlier.<\/p>\n<p>He held his first solo exhibition in Strasbourg in 2014. Highlighted by the November International Painting Prize exhibitions in Vitry in 2016 and the 2017 Icart Prize, the artist was the 2018 winner of the Th\u00e9ophile Schuler Prize. In 2019, he was Guest of Honor at the Salon des Artistes de Massy, and then exhibited for the first time in the United States at the agn\u00e8s b. gallery in New York.<\/p>\n<p>Bruno Gadenne is currently represented in Paris by Galerie Le Feuvre &amp; Roze, in Shanghai by Galerie Dumonteil, and collaborates occasionally with other galleries and institutions in France and abroad.<\/p>\n<p>Living and working in Paris, this 34-year-old artist&#8217;s resume includes more than ten solo exhibitions, some thirty group exhibitions, and a dozen various art fairs.[\/vc_column_text][\/vc_column][\/vc_row][vc_row][vc_column][vc_empty_space height=&#8221;30px&#8221;][\/vc_column][\/vc_row][vc_row bg_type=&#8221;bg_color&#8221; bg_color_value=&#8221;#f2f2f2&#8243; css=&#8221;.vc_custom_1563722577019{padding-top: 30px !important;}&#8221;][vc_column][vc_column_text]<\/p>\n<h2 style=\"text-align: center;\">works available at the gallery<\/h2>\n<p>[\/vc_column_text][vc_empty_space height=&#8221;30px&#8221;][vc_basic_grid post_type=&#8221;royal_portfolio&#8221; max_items=&#8221;-1&#8243; item=&#8221;masonryGrid_SlideFromLeft&#8221; grid_id=&#8221;vc_gid:1753463048018-4759677dfab6f8c55cfdd71566dc4d3e-5&#8243; taxonomies=&#8221;129&#8243;][vc_empty_space height=&#8221;40px&#8221;][\/vc_column][\/vc_row][vc_row][vc_column][vc_empty_space height=&#8221;40px&#8221;][\/vc_column][\/vc_row][vc_row][vc_column][vc_tta_tabs style=&#8221;modern&#8221; shape=&#8221;square&#8221; spacing=&#8221;5&#8243; active_section=&#8221;1&#8243;][vc_tta_section title=&#8221;solo shows&#8221; tab_id=&#8221;1559740892983-68397675-89f3&#8243;][vc_column_text]2024<br \/>\nSaltwater Skies , Dumonteil Gallery, Shanghai (Chine)<br \/>\n2023<br \/>\nL\u2019or et la nuit, Galerie Le Feuvre &amp; Roze, Paris<br \/>\n2022<br \/>\nMirages, duo show with Diane Beno\u00eet du Rey, Galerie Le Feuvre &amp; Roze<br \/>\nTropical Insomnia, Galerie Dumonteil, Shangha\u00ef (Chine)<br \/>\n2021<br \/>\nRetour d\u2019exp\u00e9dition, Galerie Provost-Hacker, Lille<br \/>\n2019<br \/>\nLa nuit ne dormait pas, Galerie Bertrand Gillig, Strasbourg<br \/>\nEulogy for a hornbill, Galerie-boutique agn\u00e8s b, NYC (USA)<br \/>\nS\u2019enforester, Galerie du Jour agn\u00e8s b, Paris<br \/>\n2018<br \/>\nLes assises du monde, Galerie Andersen &amp; Associ\u00e9s, Luxembourg, (Luxembourg)<br \/>\nLe grand r\u00e9veil, Galerie B. Gillig, Strasbourg<br \/>\n2016<br \/>\nLe poids des roches, Cabinet LLC, Strasbourg<br \/>\nLa rivi\u00e8re la nuit, Galerie B. Gillig, Strasbourg<br \/>\n2014<br \/>\nla Galerie B. Gillig pr\u00e9sente Bruno Gadenne, Barclays bank, Strasbourg[\/vc_column_text][\/vc_tta_section][vc_tta_section title=&#8221;group shows&#8221; tab_id=&#8221;1566508529710-738885ec-a711&#8243;][vc_column_text]<\/p>\n<p class=\"has-text-align-left\">2025<br \/>\nSous la main, le monde, Galerie Robet Dantec, Nantes<br \/>\nFlight , Mus\u00e9e de l\u2019Air et de l\u2019Espace, Le Bourget<br \/>\nG\u00e9ologie, Maison des Arts, Antony<br \/>\n2024<br \/>\nSummer Show, Galerie Le Feuvre &amp; Roze, Paris<br \/>\nLa peinture contemporaine figurative dans la collection d\u2019agn\u00e8s b. , La Fab., Paris<br \/>\nNo futur, comme disaient les punks, Les Jardiniers, Montrouge<br \/>\nGroup Show, Galerie Aura, Paris<br \/>\n2023<br \/>\nCall of the Wild, Galerie Sabine Bayasli, Paris<br \/>\nOrigines, COAL x 1.618, Careau du Temple, Paris<br \/>\nDe leur temps, ADIAF, FRAC Grand Large, Dunkerque<br \/>\nFor\u00eat, vert fragile, Greenline Foundation, Marseille<br \/>\n2022<br \/>\nEcran total, Galerie Provost-Hacker, Lille<br \/>\nGroup show, Galerie Le Feuvre &amp; Roze, Paris<br \/>\nPanel Blue, Galerie Dumonteil, Paris<br \/>\nThis Land is your Land, Ch\u00e2teau de Goutelas, Marcoux<br \/>\n2021<br \/>\nL\u2019enfer, Galerie Sabine Bayasli, Paris<br \/>\nWinter Group Show, Galerie Dumonteil, Shanghai (Chine)<br \/>\nTropical Drawing Festival, La R\u00e9union<br \/>\nDon Papa Art Program, Paris<br \/>\nLes Apparences, A Cent M\u00e8tres du Centre du Monde, Perpignan<br \/>\nA Midsummer\u2019s Night Dream, Galerie Dumonteil, Shangha\u00ef (Chine)<br \/>\nSUPERNATURE, Chapelle XIV, Paris<br \/>\nSpringtime, Galerie Provost-Hacker, Lille<br \/>\nLisi\u00e8res, Poush Manifesto, Paris<br \/>\n2020<br \/>\nRegards hors-champs et paysages, La Fab, Paris<br \/>\nMoins de trente ans !!, galerie du jour agn\u00e8s b., Paris<br \/>\nEmergence #2, des mondes perdus, Galerie Robet Dantec, Belfort<br \/>\nCoup de soleil, Galerie Provost-Hacker, Lille<br \/>\nExposition OFF, Galerie Provost-Hacker, Lille<br \/>\nLa Hardiesse, la Fab. &amp; La Galerie du Jour agn\u00e8s b., Paris<br \/>\nLibre-\u00e9change, Espace Camille Claudel, Amiens<br \/>\n2019<br \/>\nCarte Blanche to Sous les Pav\u00e9s, les Arbres, Ferme M\u00e9zier, Aubervilliers<br \/>\nTout doit dispara\u00eetre, Galerie Provost-Hacker, Lille<br \/>\n2018<br \/>\nL\u2019\u00e9vidence de la nuit, La Maladrerie, Aubervilliers<br \/>\n2017<br \/>\nBien envoy\u00e9, Lieu Commun, Metz<br \/>\nOc\u00e9ans, Syndicat Potentiel, Strasbourg<br \/>\nIcart prize \u2013 Artistik Rezo, Le paradigme de la Nature contemporaine, Centre Artasia, Paris<br \/>\nPeindre, La Plomberie, \u00c9pinal<br \/>\n2016<br \/>\nPrix International de Peinture de Novembre \u00e0 Vitry, Galerie municipale, Vitry-sur-Seine<br \/>\nPanique, L\u2019Amour, Bagnolet<br \/>\n2015<br \/>\nPaysage contemporain, Galerie Bertrand Gillig, Strasbourg<br \/>\n2014<br \/>\nRegionale 15, La Chaufferie, Strasbourg<br \/>\nIdentity, \u00c9cole des Beaux-Arts, Anvers (Belgique)<br \/>\nExposition des Dipl\u00f4mes, HEAR, Strasbourg<br \/>\nPeintures sous verre, Centre culturel, Drusenheim<br \/>\nAteliers Ouverts, Acc\u00e9l\u00e9rateur de Particules, Strasbourg<br \/>\n2013<br \/>\nAvant-Premi\u00e8re 4, HEAR, Strasbourg<br \/>\n\u00c9tat des lieux, HEAR, Strasbourg<br \/>\nExposition d\u2019Inauguration, Centre Culturel de Drusenheim, Drusenheim<br \/>\n2012<br \/>\nAvant-Premi\u00e8re 3, HEAR, Strasbourg<br \/>\n2009<br \/>\nArt\u2019Zoo\/Ach So, mus\u00e9e Zoologique de Strasbourg, nuit des Mus\u00e9es, Strasbourg[\/vc_column_text][\/vc_tta_section][vc_tta_section title=&#8221;education and awards&#8221; tab_id=&#8221;1654001363711-43ab4c10-f286&#8243;][vc_column_text]2020-24 Resident artist at Poush, Clichy then Aubervilliers<br \/>\n2022 Residency Th\u00e9rapeia, Paxos (Greece)<br \/>\n2019 Guest of Honor, Salon des Artistes de Massy, Espace Libert\u00e9, Massy<br \/>\n2018 Schuler Prize, winner, SAAMS, Strasbourg<br \/>\n2016-19 Painting teacher, Centre d\u2019Arts Plastiques d\u2019Aubervilliers<br \/>\n2015 Scholarship Exp\u00e9rience de Jeunesse for the project: Melukis Indonesia, Strasbourg \u2013 Indonesia<br \/>\n2014 DNSEP (Matser) Art, Painting (studio of Daniel Schlier), HEAR, Strasbourg<br \/>\n2011 DNAP (license) Art, jury\u2019s honors, HEAR, Strasbourg<br \/>\n2011 Intrernational Exchange at the Boston School of the Museum of Fine Arts (USA)<br \/>\n2008 Mise \u00c0 Niveau en Arts Appliqu\u00e9s (preparatory art school) lyc\u00e9e J.P. Vernant, S\u00e8vres[\/vc_column_text][\/vc_tta_section][vc_tta_section title=&#8221;collections&#8221; tab_id=&#8221;1654001764184-d1a9d200-ba23&#8243;][vc_column_text]Collecction of the city of Massy<br \/>\nCollection of the city of Aubervilliers<br \/>\nCollection of agn\u00e8s b. , la Fab<br \/>\nCollection of the Greenline Fondation[\/vc_column_text][\/vc_tta_section][\/vc_tta_tabs][\/vc_column][\/vc_row]<\/p>\n","protected":false},"excerpt":{"rendered":"<p>[vc_row][vc_column width=&#8221;1\/2&#8243;][vc_single_image image=&#8221;5403&#8243; img_size=&#8221;full&#8221; alignment=&#8221;center&#8221; onclick=&#8221;zoom&#8221; css_animation=&#8221;zoomIn&#8221;][vc_empty_space][vc_custom_heading source=&#8221;post_title&#8221; use_theme_fonts=&#8221;yes&#8221;][\/vc_column][vc_column width=&#8221;1\/2&#8243; css=&#8221;.vc_custom_1562103889852{border-left-width: 1px !important;border-left-color: #e3afa7 !important;border-left-style: solid !important;}&#8221;][vc_column_text css=&#8221;.vc_custom_1753463076864{padding-left: 30px !important;}&#8221;]After studying in S\u00e8vres and Boston (USA), Bruno Gadenne graduated in 2014 from the Haute \u00c9cole des Arts du Rhin (HEAR, formerly the \u00c9cole Sup\u00e9rieure des Arts D\u00e9coratifs de Strasbourg), where he studied painting under Daniel [&hellip;]<\/p>\n","protected":false},"author":2,"featured_media":0,"parent":1154,"menu_order":0,"comment_status":"closed","ping_status":"closed","template":"","meta":[],"_links":{"self":[{"href":"https:\/\/galerierobetdantec.com\/en\/wp-json\/wp\/v2\/pages\/6044"}],"collection":[{"href":"https:\/\/galerierobetdantec.com\/en\/wp-json\/wp\/v2\/pages"}],"about":[{"href":"https:\/\/galerierobetdantec.com\/en\/wp-json\/wp\/v2\/types\/page"}],"author":[{"embeddable":true,"href":"https:\/\/galerierobetdantec.com\/en\/wp-json\/wp\/v2\/users\/2"}],"replies":[{"embeddable":true,"href":"https:\/\/galerierobetdantec.com\/en\/wp-json\/wp\/v2\/comments?post=6044"}],"version-history":[{"count":2,"href":"https:\/\/galerierobetdantec.com\/en\/wp-json\/wp\/v2\/pages\/6044\/revisions"}],"predecessor-version":[{"id":6046,"href":"https:\/\/galerierobetdantec.com\/en\/wp-json\/wp\/v2\/pages\/6044\/revisions\/6046"}],"up":[{"embeddable":true,"href":"https:\/\/galerierobetdantec.com\/en\/wp-json\/wp\/v2\/pages\/1154"}],"wp:attachment":[{"href":"https:\/\/galerierobetdantec.com\/en\/wp-json\/wp\/v2\/media?parent=6044"}],"curies":[{"name":"wp","href":"https:\/\/api.w.org\/{rel}","templated":true}]}}