{"id":6037,"date":"2025-07-25T17:10:46","date_gmt":"2025-07-25T15:10:46","guid":{"rendered":"https:\/\/galerierobetdantec.com\/artistes\/robinson-haas\/"},"modified":"2025-07-25T18:50:40","modified_gmt":"2025-07-25T16:50:40","slug":"robinson-haas","status":"publish","type":"page","link":"https:\/\/galerierobetdantec.com\/en\/artistes\/robinson-haas\/","title":{"rendered":"Robinson Haas"},"content":{"rendered":"<p>[vc_row][vc_column width=&#8221;1\/2&#8243;][vc_single_image image=&#8221;6007&#8243; img_size=&#8221;full&#8221; alignment=&#8221;center&#8221; onclick=&#8221;zoom&#8221; css_animation=&#8221;zoomIn&#8221;][vc_empty_space][vc_custom_heading source=&#8221;post_title&#8221; use_theme_fonts=&#8221;yes&#8221;][vc_column_text]Born in 1995. Lives and works in Lyon.<\/p>\n<p>Robinson Haas is a graduate of the Geneva School of Art and Design (CH) and the \u00c9cole des Arts D\u00e9coratifs (ENSAD), Paris.[\/vc_column_text][vc_empty_space][\/vc_column][vc_column width=&#8221;1\/2&#8243; css=&#8221;.vc_custom_1562103889852{border-left-width: 1px !important;border-left-color: #e3afa7 !important;border-left-style: solid !important;}&#8221;][vc_column_text css=&#8221;.vc_custom_1753462110068{padding-left: 30px !important;}&#8221;]Robinson Haas&#8217;s work revolves around drawing research through the prism of protocols using the body as a medium. These are conceived as visual experiments, like musical scores, which both outline the contours of the work and allow for freedom of interpretation, a place for chance. Through a form of planning the unpredictable, he is interested in creating a dialogue between the determined and the indeterminate, between impulse and its future.<\/p>\n<p>His work focuses on simple gestures, bordering on inaction, repeated until their initial nature is surpassed or transformed. This process seeks to bring out latent states of visual or physical phenomena from which it attempts to reveal a sensitive dimension. The protocol thus appears as a tool to transcend the mundane.<\/p>\n<p>In a slow work posture of meditative performance, the temporal data is subject to modulation of forms; It is as much time that shapes the drawing as the drawing that gives form to time. With a reduced palette, making full and empty coexist, Robinson Haas conceives his works as spaces of contemplation to think about the moment and the fragility of the world.[\/vc_column_text][\/vc_column][\/vc_row][vc_row][vc_column][vc_empty_space height=&#8221;30px&#8221;][\/vc_column][\/vc_row][vc_row bg_type=&#8221;bg_color&#8221; bg_color_value=&#8221;#f2f2f2&#8243; css=&#8221;.vc_custom_1563722577019{padding-top: 30px !important;}&#8221;][vc_column][vc_custom_heading text=&#8221;Works available at the gallery&#8221; font_container=&#8221;tag:h2|text_align:center&#8221; use_theme_fonts=&#8221;yes&#8221;][vc_basic_grid post_type=&#8221;royal_portfolio&#8221; max_items=&#8221;-1&#8243; item=&#8221;masonryGrid_SlideFromLeft&#8221; grid_id=&#8221;vc_gid:1753462060787-fe318974e9ea9f7946a245755fd0af91-10&#8243; taxonomies=&#8221;136&#8243;][vc_empty_space height=&#8221;40px&#8221;][\/vc_column][\/vc_row][vc_row][vc_column][vc_empty_space height=&#8221;40px&#8221;][\/vc_column][\/vc_row][vc_row][vc_column][vc_tta_tabs style=&#8221;modern&#8221; shape=&#8221;square&#8221; spacing=&#8221;5&#8243; active_section=&#8221;1&#8243;][vc_tta_section title=&#8221;solo shows&#8221; tab_id=&#8221;1559740892983-68397675-89f3&#8243;][vc_column_text]<\/p>\n<p class=\"p1\"><strong>\u00c0 venir en 2026<\/strong> [duo show Lola Ripoche] MAC, P\u00e9rouges<\/p>\n<p class=\"p1\"><strong>2023<\/strong> Entretemps\u00a0 galerie Hors-champs, Paris<\/p>\n<p class=\"p1\"><strong>2022<\/strong> Space Oddity [duo show Enwan Han] Fondation Franc\u00e8s, Senlis<br \/>\nPassages,\u00a0 galerie N\u00f6rka, Lyon<br \/>\nMonochromes \u00e0 para\u00eetre [duo show No\u00e9mie Pilo] galerie Openbach, Paris<\/p>\n<p class=\"p1\"><strong>2021<\/strong> Textures du silence, Galerue, Lyon<br \/>\nLignes id\u00e9elles, None Atelier, Aubervilliers<\/p>\n<p class=\"p1\"><strong>2015<\/strong>\u00a0 Fleuve, Porte de Versailles, RATP, Paris<\/p>\n<p>[\/vc_column_text][\/vc_tta_section][vc_tta_section title=&#8221;group shows&#8221; tab_id=&#8221;1566508529710-738885ec-a711&#8243;][vc_column_text]<\/p>\n<p class=\"p1\"><strong>2025<\/strong><br \/>\nD&#8217;un trait distinctif, Galerie Robet Dantec, Nantes<br \/>\nCommissariat Zlata Teplyshova, Orangerie du Parc, Lyon<br \/>\nCabinet d\u2019architecture C\u00e9cile Maron, Les Ch\u00e8res<\/p>\n<p class=\"p1\"><strong>2024<\/strong><br \/>\nDrawing Now Art Fair, galerie F, Paris<\/p>\n<p class=\"p1\"><strong>2023<\/strong><br \/>\nNo\u00ebl, Fondation Franc\u00e8s, Senlis<\/p>\n<p class=\"p1\"><strong>2022<br \/>\n<\/strong>Dialogues, R\u00e9sonnance Biennale de Lyon, galerie N\u00f6rka, Lyon<br \/>\nDrawing Now Art Fair, galerie F, Paris<br \/>\nAbstractions, galerie Hors-champs, Paris<\/p>\n<p class=\"p1\"><strong>2020<br \/>\n<\/strong>Folies publiques [Dipl\u00f4me] \u00c9cole des Arts D\u00e9coratifs, Paris<\/p>\n<p class=\"p1\"><strong>2019<br \/>\n<\/strong>Broche 26, galerie Annick Zufferey, Carouge CH<br \/>\nBroche 26, salon Inhorgenta, Munich DE<br \/>\nCypr\u00e8s, mus\u00e9e de la c\u00e9ramique, Carouge CH<\/p>\n<p class=\"p1\"><strong>2018<\/strong><br \/>\nTabouret Dun, Wanted design, New York USA<br \/>\nVanishing Wood, \u00c9cole des Arts D\u00e9coratifs, Paris<\/p>\n<p class=\"p1\"><strong>2015<\/strong><br \/>\nAffiches, Forum des sciences cognitives, ENS, Paris<br \/>\nOrnementype, Mairie de Roubaix[\/vc_column_text][\/vc_tta_section][vc_tta_section title=&#8221;collections&#8221; tab_id=&#8221;1654001764184-d1a9d200-ba23&#8243;][vc_column_text]<\/p>\n<p class=\"p1\">\u00b7 <strong>Commandes<\/strong><\/p>\n<p class=\"p1\">2024<br \/>\nI<span class=\"s1\">n situ<\/span>, Edgar Suites Hotels, Paris<br \/>\n<span class=\"s1\">In situ<\/span>, Jacquet M\u00e9tal, Cit\u00e9 Internationale, Lyon<\/p>\n<p class=\"p1\">\u00b7 <strong>Collections<\/strong><\/p>\n<p class=\"p1\">Fondation Bic<br \/>\nCollections priv\u00e9es[\/vc_column_text][\/vc_tta_section][\/vc_tta_tabs][vc_empty_space height=&#8221;60px&#8221;][\/vc_column][\/vc_row]<\/p>\n","protected":false},"excerpt":{"rendered":"<p>[vc_row][vc_column width=&#8221;1\/2&#8243;][vc_single_image image=&#8221;6007&#8243; img_size=&#8221;full&#8221; alignment=&#8221;center&#8221; onclick=&#8221;zoom&#8221; css_animation=&#8221;zoomIn&#8221;][vc_empty_space][vc_custom_heading source=&#8221;post_title&#8221; use_theme_fonts=&#8221;yes&#8221;][vc_column_text]Born in 1995. Lives and works in Lyon. Robinson Haas is a graduate of the Geneva School of Art and Design (CH) and the \u00c9cole des Arts D\u00e9coratifs (ENSAD), Paris.[\/vc_column_text][vc_empty_space][\/vc_column][vc_column width=&#8221;1\/2&#8243; css=&#8221;.vc_custom_1562103889852{border-left-width: 1px !important;border-left-color: #e3afa7 !important;border-left-style: solid !important;}&#8221;][vc_column_text css=&#8221;.vc_custom_1753462110068{padding-left: 30px !important;}&#8221;]Robinson Haas&#8217;s work revolves around drawing research [&hellip;]<\/p>\n","protected":false},"author":2,"featured_media":0,"parent":1154,"menu_order":0,"comment_status":"closed","ping_status":"closed","template":"","meta":[],"_links":{"self":[{"href":"https:\/\/galerierobetdantec.com\/en\/wp-json\/wp\/v2\/pages\/6037"}],"collection":[{"href":"https:\/\/galerierobetdantec.com\/en\/wp-json\/wp\/v2\/pages"}],"about":[{"href":"https:\/\/galerierobetdantec.com\/en\/wp-json\/wp\/v2\/types\/page"}],"author":[{"embeddable":true,"href":"https:\/\/galerierobetdantec.com\/en\/wp-json\/wp\/v2\/users\/2"}],"replies":[{"embeddable":true,"href":"https:\/\/galerierobetdantec.com\/en\/wp-json\/wp\/v2\/comments?post=6037"}],"version-history":[{"count":2,"href":"https:\/\/galerierobetdantec.com\/en\/wp-json\/wp\/v2\/pages\/6037\/revisions"}],"predecessor-version":[{"id":6039,"href":"https:\/\/galerierobetdantec.com\/en\/wp-json\/wp\/v2\/pages\/6037\/revisions\/6039"}],"up":[{"embeddable":true,"href":"https:\/\/galerierobetdantec.com\/en\/wp-json\/wp\/v2\/pages\/1154"}],"wp:attachment":[{"href":"https:\/\/galerierobetdantec.com\/en\/wp-json\/wp\/v2\/media?parent=6037"}],"curies":[{"name":"wp","href":"https:\/\/api.w.org\/{rel}","templated":true}]}}