{"id":6019,"date":"2025-07-20T20:12:29","date_gmt":"2025-07-20T18:12:29","guid":{"rendered":"https:\/\/galerierobetdantec.com\/artistes\/arthur-lambert\/"},"modified":"2026-03-28T17:57:24","modified_gmt":"2026-03-28T16:57:24","slug":"arthur-lambert","status":"publish","type":"page","link":"https:\/\/galerierobetdantec.com\/en\/artistes\/arthur-lambert\/","title":{"rendered":"Arthur Lambert"},"content":{"rendered":"<p>[vc_row][vc_column width=&#8221;1\/2&#8243;][vc_single_image image=&#8221;5974&#8243; img_size=&#8221;full&#8221; alignment=&#8221;center&#8221; onclick=&#8221;zoom&#8221; css_animation=&#8221;zoomIn&#8221;][vc_empty_space][vc_custom_heading source=&#8221;post_title&#8221; use_theme_fonts=&#8221;yes&#8221;][vc_column_text]<\/p>\n<p class=\"p1\">N\u00e9 en 1979 \u00e0 Poitiers. Vit et travaille \u00e0 La Forest Landerneau (29)<\/p>\n<p class=\"p1\">Dipl\u00f4m\u00e9 de l\u2019Ecole des Beaux-Arts d\u2019Angers avec les f\u00e9licitations du jury (DNSEP 2004)<\/p>\n<p>[\/vc_column_text][vc_empty_space][\/vc_column][vc_column width=&#8221;1\/2&#8243; css=&#8221;.vc_custom_1562103889852{border-left-width: 1px !important;border-left-color: #e3afa7 !important;border-left-style: solid !important;}&#8221;][vc_column_text css=&#8221;.vc_custom_1753034823327{padding-left: 30px !important;}&#8221;]<\/p>\n<p class=\"p1\">Peintre ayant collabor\u00e9 avec l&#8217;artiste \u00e9cossais Richard Wright, <span class=\"s1\">Arthur Lambert <\/span>est un alchimiste de la mati\u00e8re et de l\u2019esprit. Ses cr\u00e9ations exigent une grande concentration et une dext\u00e9rit\u00e9 \u00e0 toute \u00e9preuve. Qu\u2019il utilise la tempera, la feuille d\u2019or, ou le crayon de couleur, ses dessins jouent souvent<span class=\"Apple-converted-space\">\u00a0 <\/span>de l\u2019apparition \/ disparition de l\u2019image.<\/p>\n<p class=\"p1\">La couleur, la vibration des lignes et des formes, la dimension abstraite et optique composent des architectures sensibles et structur\u00e9es \u00e0 partir du nombre d&#8217;or. Cosmogonies actuelles, imaginaires c\u00e9lestes et mystiques, ses dessins convoquent des symboliques tr\u00e8s fortes \u00e0 partir de formes primaires qui se t\u00e9lescopent.<\/p>\n<p>[\/vc_column_text][\/vc_column][\/vc_row][vc_row][vc_column][vc_empty_space height=&#8221;30px&#8221;][\/vc_column][\/vc_row][vc_row bg_type=&#8221;bg_color&#8221; bg_color_value=&#8221;#f2f2f2&#8243; css=&#8221;.vc_custom_1563722577019{padding-top: 30px !important;}&#8221;][vc_column][vc_custom_heading text=&#8221;\u0153uvres disponibles&#8221; font_container=&#8221;tag:h2|text_align:center&#8221; use_theme_fonts=&#8221;yes&#8221;][vc_basic_grid post_type=&#8221;royal_portfolio&#8221; max_items=&#8221;-1&#8243; item=&#8221;masonryGrid_SlideFromLeft&#8221; grid_id=&#8221;vc_gid:1774716977442-58a15cf9a4078393c3788db76d96e4ad-4&#8243; taxonomies=&#8221;135&#8243;][vc_empty_space height=&#8221;40px&#8221;][\/vc_column][\/vc_row][vc_row][vc_column][vc_empty_space height=&#8221;40px&#8221;][\/vc_column][\/vc_row][vc_row][vc_column][vc_tta_tabs style=&#8221;modern&#8221; shape=&#8221;square&#8221; spacing=&#8221;5&#8243; active_section=&#8221;1&#8243;][vc_tta_section title=&#8221;expositions personnelles&#8221; tab_id=&#8221;1559740892983-68397675-89f3&#8243;][vc_column_text]<\/p>\n<p class=\"p1\">2020 Ecole d&#8217;art de Cholet<\/p>\n<p class=\"p1\">2019 Frac des Pays de la Loire, Nantes<\/p>\n<p class=\"p1\">2016 Galerie Intuiti \u2013 Paris<\/p>\n<p class=\"p1\">2008 Galerie \u00ab O\u00f9 \u00bb &#8211; Marseille<\/p>\n<p>[\/vc_column_text][\/vc_tta_section][vc_tta_section title=&#8221;expositions collectives&#8221; tab_id=&#8221;1566508529710-738885ec-a711&#8243;][vc_column_text]<\/p>\n<p class=\"p1\">2025 (A venir) &#8220;Dess(t)ins visionnaires\u00a0\u00bb, Centre d&#8217;art contemporain Polaris \u00e0 Istres<\/p>\n<p class=\"p1\">2024 &#8220;Abstractions contemporaines&#8221;, Galerie Robet Dantec, Nantes<\/p>\n<p class=\"p1\">2023 \u00ab Lignes de force \u00bb Galerie Robet Dantec Belfort<\/p>\n<p class=\"p1\">2023 \u00ab Art et m\u00e9ditation \u00bb Topographie de l&#8217;art Paris<\/p>\n<p class=\"p1\">2021 Galerie Hors Champ \u2013 Paris<\/p>\n<p class=\"p1\">2020 \u00ab G\u00e9om\u00e9trie de l&#8217;invisible \u00bb Mus\u00e9e d&#8217;art concret de Mouans Sartoux<\/p>\n<p class=\"p1\">2019 Topographie de l&#8217;Art \u00ab Energe\u00efa \u00bb Paris<\/p>\n<p class=\"p1\">2017 Centre d&#8217;art OuO\u00f9Ouh Ingrandes<\/p>\n<p class=\"p1\">2017 Galerie A2Z \u00ab ligne de force \u00bb &#8211; Paris<\/p>\n<p class=\"p1\">2016 Galerie Plein Jours \u2013 Douarnenez<\/p>\n<p class=\"p1\">2016 Espace d\u2019Art actuel Le Radar \u00ab D\u2019un mur \u00e0 l\u2019autre #3 \u00bb &#8211; Bayeux<\/p>\n<p class=\"p1\">2015 Palais de Tokyo \u00ab un grain de toute beaut\u00e9 \u00bb &#8211; Paris<\/p>\n<p class=\"p1\">2015 Jeune Cr\u00e9ation Europ\u00e9enne \u2013 France, Danemark, Pologne, Lettonie, Italie, Espagne, Portugal.<\/p>\n<p class=\"p1\">2015 Prix sp\u00e9cial du jury au salon de Montrouge &#8211; Montrouge<\/p>\n<p class=\"p1\">2010 Prix internationale de Vitry &#8211; Vitry<\/p>\n<p class=\"p1\">2008 Galerie \u00ab O\u00f9 \u00bb &#8211; Marseille<\/p>\n<p class=\"p1\">2005 Galerie Louise-Michel &#8211; Poitiers<\/p>\n<p class=\"p1\">2005 \u00ab Triptyque \u00bb &#8211; Angers<\/p>\n<p class=\"p1\">2005 \u00ab Vies \u00e0 vies \u2013 portrait de ville \u00bb Biennale d\u2019art contemporain de Melle<\/p>\n<p>[\/vc_column_text][\/vc_tta_section][vc_tta_section title=&#8221;Prix et r\u00e9sidences&#8221; tab_id=&#8221;1654001764184-d1a9d200-ba23&#8243;][vc_column_text]<\/p>\n<p class=\"p1\">Prix sp\u00e9ciale du jury au 60\u00e8me Salon de Montrouge (2015)<\/p>\n<p class=\"p1\">R\u00e9sidence au domaine de Kergu\u00e9hennec (2005)<\/p>\n<p>[\/vc_column_text][\/vc_tta_section][vc_tta_section title=&#8221;collections publiques&#8221; tab_id=&#8221;1753035013127-285ab3a1-23d6&#8243;][vc_column_text]<\/p>\n<p class=\"p1\">FRAC Bretagne, 2011<\/p>\n<p class=\"p1\">FRAC Pays de la Loire, 2019<\/p>\n<p class=\"p1\">FRAC Artoth\u00e8que Nouvelle Aquitaine, 2020<\/p>\n<p>[\/vc_column_text][\/vc_tta_section][\/vc_tta_tabs][vc_empty_space height=&#8221;60px&#8221;][\/vc_column][\/vc_row]<\/p>\n","protected":false},"excerpt":{"rendered":"<p>[vc_row][vc_column width=&#8221;1\/2&#8243;][vc_single_image image=&#8221;5974&#8243; img_size=&#8221;full&#8221; alignment=&#8221;center&#8221; onclick=&#8221;zoom&#8221; css_animation=&#8221;zoomIn&#8221;][vc_empty_space][vc_custom_heading source=&#8221;post_title&#8221; use_theme_fonts=&#8221;yes&#8221;][vc_column_text] N\u00e9 en 1979 \u00e0 Poitiers. Vit et travaille \u00e0 La Forest Landerneau (29) Dipl\u00f4m\u00e9 de l\u2019Ecole des Beaux-Arts d\u2019Angers avec les f\u00e9licitations du jury (DNSEP 2004) [\/vc_column_text][vc_empty_space][\/vc_column][vc_column width=&#8221;1\/2&#8243; css=&#8221;.vc_custom_1562103889852{border-left-width: 1px !important;border-left-color: #e3afa7 !important;border-left-style: solid !important;}&#8221;][vc_column_text css=&#8221;.vc_custom_1753034823327{padding-left: 30px !important;}&#8221;] Peintre ayant collabor\u00e9 avec l&#8217;artiste \u00e9cossais Richard Wright, [&hellip;]<\/p>\n","protected":false},"author":2,"featured_media":0,"parent":1154,"menu_order":0,"comment_status":"closed","ping_status":"closed","template":"","meta":[],"_links":{"self":[{"href":"https:\/\/galerierobetdantec.com\/en\/wp-json\/wp\/v2\/pages\/6019"}],"collection":[{"href":"https:\/\/galerierobetdantec.com\/en\/wp-json\/wp\/v2\/pages"}],"about":[{"href":"https:\/\/galerierobetdantec.com\/en\/wp-json\/wp\/v2\/types\/page"}],"author":[{"embeddable":true,"href":"https:\/\/galerierobetdantec.com\/en\/wp-json\/wp\/v2\/users\/2"}],"replies":[{"embeddable":true,"href":"https:\/\/galerierobetdantec.com\/en\/wp-json\/wp\/v2\/comments?post=6019"}],"version-history":[{"count":3,"href":"https:\/\/galerierobetdantec.com\/en\/wp-json\/wp\/v2\/pages\/6019\/revisions"}],"predecessor-version":[{"id":6942,"href":"https:\/\/galerierobetdantec.com\/en\/wp-json\/wp\/v2\/pages\/6019\/revisions\/6942"}],"up":[{"embeddable":true,"href":"https:\/\/galerierobetdantec.com\/en\/wp-json\/wp\/v2\/pages\/1154"}],"wp:attachment":[{"href":"https:\/\/galerierobetdantec.com\/en\/wp-json\/wp\/v2\/media?parent=6019"}],"curies":[{"name":"wp","href":"https:\/\/api.w.org\/{rel}","templated":true}]}}