{"id":5579,"date":"2025-03-11T19:00:15","date_gmt":"2025-03-11T18:00:15","guid":{"rendered":"https:\/\/galerierobetdantec.com\/?page_id=5579"},"modified":"2025-07-31T16:39:48","modified_gmt":"2025-07-31T14:39:48","slug":"leasing","status":"publish","type":"page","link":"https:\/\/galerierobetdantec.com\/en\/leasing\/","title":{"rendered":"Le leasing avec option d&#8217;achat"},"content":{"rendered":"<p>[vc_row][vc_column][vc_empty_space height=&#8221;20px&#8221;][vc_custom_heading text=&#8221;Le leasing avec option d&#8217;achat&#8221; font_container=&#8221;tag:h1|font_size:40|text_align:center|color:%23000000&#8243; use_theme_fonts=&#8221;yes&#8221;][\/vc_column][\/vc_row][vc_row][vc_column][vc_empty_space height=&#8221;30px&#8221;][vc_column_text]<\/p>\n<h2 class=\"p1\" style=\"text-align: center;\">pour les entreprises et les professions lib\u00e9rales<\/h2>\n<p>[\/vc_column_text][vc_empty_space height=&#8221;30px&#8221;][vc_single_image image=&#8221;6137&#8243; img_size=&#8221;large&#8221; add_caption=&#8221;yes&#8221;][vc_empty_space height=&#8221;30px&#8221;][vc_column_text]<\/p>\n<h4>Qu&#8217;est-ce que le leasing d&#8217;\u0153uvre d&#8217;art avec option d&#8217;achat ?<\/h4>\n<p class=\"p1\">Il s&#8217;agit d&#8217;une solution de location d&#8217;oeuvres d&#8217;art tr\u00e8s avantageuse \u00e0 destination des entreprises ou des professions lib\u00e9rales qui souhaitent acqu\u00e9rir des oeuvres d&#8217;art en \u00e9talant les co\u00fbts et en d\u00e9duisant les loyers de leur r\u00e9sultat imposable.<br \/>\nA l&#8217;issue de la p\u00e9riode de leasing, l&#8217;oeuvre peut ainsi \u00eatre acquise pour un montant r\u00e9siduel d&#8217;environ 3 % de sa valeur initiale.<\/p>\n<h4>Pourquoi acheter une oeuvre d&#8217;art en leasing ?<\/h4>\n<p>L&#8217;art contemporain vous permet d&#8217;offrir un environnement de travail stimulant \u00e0 vos collaborateurs. Il accueille vos visiteurs, clients et partenaires dans des locaux qui refl\u00e8tent vos valeurs.<br \/>\nAcheter en leasing vous permet \u00e9galement de renouveler les oeuvres d&#8217;art \u00e0 la fin de chaque p\u00e9riode de bail, et de constituer ainsi une collection en devenant un v\u00e9ritable acteur de la cr\u00e9ation contemporaine.<\/p>\n<h4>A qui s&#8217;adresse le leasing ?<\/h4>\n<p class=\"p1\">Si vous exercez votre activit\u00e9 professionnelle en France ou en Belgique, vous pouvez acqu\u00e9rir des \u0153uvres d&#8217;art en leasing.<br \/>\nCompte tenu des dispositions fiscales valables dans chaque pays, cette offre de leasing ne peut \u00eatre propos\u00e9e qu\u2019aux entreprises ou professionnels exer\u00e7ant leur activit\u00e9\u00a0en France ou en Belgique.<\/p>\n<h4>Comment cela fonctionne-t-il concr\u00e8tement ?<\/h4>\n<p class=\"p1\">L\u2019utilisation de ce type de financement pour l\u2019acquisition d\u2019\u0153uvres d\u2019art entre <strong>dans le cadre de la d\u00e9coration et l\u2019am\u00e9nagement des bureaux au compte 6068 du plan comptable g\u00e9n\u00e9ral<\/strong>, au m\u00eame titre que la location de v\u00e9g\u00e9taux, de mobilier ou l\u2019achat d\u2019\u00e9l\u00e9ments d\u2019am\u00e9nagement des espaces professionnels.<br \/>\nEn compl\u00e9ment de l\u2019article 238 bis AB du Code G\u00e9n\u00e9ral des Imp\u00f4ts, le leasing favorise l\u2019introduction d\u2019\u0153uvres d\u2019art dans les espaces professionnels. Il soutient la cr\u00e9ation artistique et encourage les soci\u00e9t\u00e9s \u00e0 diffuser les valeurs de cr\u00e9ativit\u00e9 et d\u2019ouverture v\u00e9hicul\u00e9es par l\u2019art.<\/p>\n<p>[\/vc_column_text][vc_empty_space][\/vc_column][\/vc_row][vc_row][vc_column][vc_column_text]<\/p>\n<h2 class=\"p1\">Les 4 avantages du leasing d\u2019oeuvres d\u2019art<\/h2>\n<p class=\"p3\"><strong><span class=\"s1\">\u21d2<\/span> REDUCTION D\u2019IMP\u00d4T<\/strong><\/p>\n<p class=\"p3\">Fiscalement, les loyers sont d\u00e9ductibles du r\u00e9sultat imposable et diminuent ainsi l\u2019IS (Entreprises) ou l\u2019IRPP (Professions lib\u00e9rales)<\/p>\n<p class=\"p3\"><strong><span class=\"s1\">\u21d2<\/span> \u00c9TALEMENT DES CO\u00dbTS<\/strong><\/p>\n<p class=\"p3\">La location permet d\u2019\u00e9taler le co\u00fbt de l\u2019achat sur plusieurs ann\u00e9es (de 13 \u00e0 60 mois).<\/p>\n<p class=\"p3\"><strong><span class=\"s1\">\u21d2<\/span> ACQUISITION \u00c0 MOINDRE CO\u00dbT<\/strong><\/p>\n<p class=\"p3\">Au terme du contrat de location, vous pouvez lever l\u2019option d\u2019achat afin d\u2019acqu\u00e9rir l\u2019\u0153uvre pour une valeur r\u00e9siduelle correspondant \u00e0 3% de sa valeur initiale.<\/p>\n<p class=\"p3\"><strong><span class=\"s1\">\u21d2<\/span> VALORISATION DE VOTRE IMAGE<\/strong><\/p>\n<p class=\"p3\">La pr\u00e9sence d\u2019\u0153uvres d\u2019art dans vos locaux vous permet d\u2019affirmer votre diff\u00e9rence et de valoriser l\u2019image de votre entreprise aupr\u00e8s de vos partenaires et de vos clients.<\/p>\n<p class=\"p3\">NB: La location n\u2019alt\u00e8re pas la capacit\u00e9 d\u2019emprunt et all\u00e8ge le haut du bilan (hors IFRS)<\/p>\n<p>&nbsp;<\/p>\n<p class=\"p6\" style=\"text-align: center;\"><strong>N\u2019h\u00e9sitez pas \u00e0 nous demander une simulation par mail \u00e0<\/strong><\/p>\n<p class=\"p8\" style=\"text-align: center;\"><span style=\"color: #dba5a6;\"><a style=\"color: #dba5a6;\" href=\"mailto:contact@galerierobetdantec.com\"><strong>contact@galerierobetdantec.com<\/strong><\/a><\/span><\/p>\n<p>[\/vc_column_text][\/vc_column][\/vc_row][vc_row][vc_column][\/vc_column][\/vc_row][vc_row][vc_column][\/vc_column][\/vc_row]<\/p>\n","protected":false},"excerpt":{"rendered":"<p>[vc_row][vc_column][vc_empty_space height=&#8221;20px&#8221;][vc_custom_heading text=&#8221;Le leasing avec option d&#8217;achat&#8221; font_container=&#8221;tag:h1|font_size:40|text_align:center|color:%23000000&#8243; use_theme_fonts=&#8221;yes&#8221;][\/vc_column][\/vc_row][vc_row][vc_column][vc_empty_space height=&#8221;30px&#8221;][vc_column_text] pour les entreprises et les professions lib\u00e9rales [\/vc_column_text][vc_empty_space height=&#8221;30px&#8221;][vc_single_image image=&#8221;6137&#8243; img_size=&#8221;large&#8221; add_caption=&#8221;yes&#8221;][vc_empty_space height=&#8221;30px&#8221;][vc_column_text] Qu&#8217;est-ce que le leasing d&#8217;\u0153uvre d&#8217;art avec option d&#8217;achat ? Il s&#8217;agit d&#8217;une solution de location d&#8217;oeuvres d&#8217;art tr\u00e8s avantageuse \u00e0 destination des entreprises ou des professions lib\u00e9rales qui souhaitent acqu\u00e9rir des [&hellip;]<\/p>\n","protected":false},"author":2,"featured_media":0,"parent":0,"menu_order":1,"comment_status":"closed","ping_status":"closed","template":"","meta":[],"_links":{"self":[{"href":"https:\/\/galerierobetdantec.com\/en\/wp-json\/wp\/v2\/pages\/5579"}],"collection":[{"href":"https:\/\/galerierobetdantec.com\/en\/wp-json\/wp\/v2\/pages"}],"about":[{"href":"https:\/\/galerierobetdantec.com\/en\/wp-json\/wp\/v2\/types\/page"}],"author":[{"embeddable":true,"href":"https:\/\/galerierobetdantec.com\/en\/wp-json\/wp\/v2\/users\/2"}],"replies":[{"embeddable":true,"href":"https:\/\/galerierobetdantec.com\/en\/wp-json\/wp\/v2\/comments?post=5579"}],"version-history":[{"count":9,"href":"https:\/\/galerierobetdantec.com\/en\/wp-json\/wp\/v2\/pages\/5579\/revisions"}],"predecessor-version":[{"id":6140,"href":"https:\/\/galerierobetdantec.com\/en\/wp-json\/wp\/v2\/pages\/5579\/revisions\/6140"}],"wp:attachment":[{"href":"https:\/\/galerierobetdantec.com\/en\/wp-json\/wp\/v2\/media?parent=5579"}],"curies":[{"name":"wp","href":"https:\/\/api.w.org\/{rel}","templated":true}]}}