{"id":5333,"date":"2025-02-07T17:11:04","date_gmt":"2025-02-07T16:11:04","guid":{"rendered":"https:\/\/galerierobetdantec.com\/?page_id=5333"},"modified":"2025-02-07T17:22:13","modified_gmt":"2025-02-07T16:22:13","slug":"isabelle-vorle","status":"publish","type":"page","link":"https:\/\/galerierobetdantec.com\/en\/artistes\/isabelle-vorle\/","title":{"rendered":"isabelle vorle"},"content":{"rendered":"<p>[vc_row][vc_column width=&#8221;1\/2&#8243;][vc_single_image image=&#8221;5329&#8243; img_size=&#8221;full&#8221; alignment=&#8221;center&#8221; onclick=&#8221;zoom&#8221; css_animation=&#8221;zoomIn&#8221;][vc_empty_space][vc_custom_heading source=&#8221;post_title&#8221; use_theme_fonts=&#8221;yes&#8221;][vc_column_text]Isabelle Vorle est peintre et r\u00e9alisatrice.[\/vc_column_text][\/vc_column][vc_column width=&#8221;1\/2&#8243; css=&#8221;.vc_custom_1562103889852{border-left-width: 1px !important;border-left-color: #e3afa7 !important;border-left-style: solid !important;}&#8221;][vc_column_text css=&#8221;.vc_custom_1738945319583{padding-left: 30px !important;}&#8221;]<\/p>\n<p class=\"p1\">Dans ses dessins \u00e0 l\u2019aquarelle et \u00e0 l\u2019encre, Isabelle Vorle exp\u00e9rimente comme le ferait une chercheuse de laboratoire. Elle dispose la flaque sur le papier, ajoute ici et l\u00e0 la couleur, dos\u00e9e au plus juste.<\/p>\n<p class=\"p1\">Il lui arrive parfois de manipuler le papier, de le soulever pour donner forme au dessin liquide, dans un processus qui a plus \u00e0 voir avec la recherche haptique que visuelle.<\/p>\n<p>En 2005, elle r\u00e9alise <em>Schwitttraces<\/em>, retra\u00e7ant le voyage de l\u2019artiste Kurt Schwitters en Europe du nord. En 2010, elle se base sur les textes de Patrick Beurard-Valdoye pour r\u00e9aliser <em>Froid Sylans<\/em>.<\/p>\n<p>Son dernier film, &#8220;Stone Eve&#8221; (2020) a \u00e9t\u00e9 prim\u00e9 dans de nombreux festivals internationaux.<\/p>\n<p class=\"p1\">Sa s\u00e9rie des Agates a notamment \u00e9t\u00e9 r\u00e9alis\u00e9e sur des feuilles de pierre, un papier sans fibre v\u00e9g\u00e9tale, uniquement compos\u00e9 de poudre min\u00e9rale. Extr\u00eamement lisse, il permet au dessin \u00e0 l\u2019aquarelle de glisser comme l\u2019eau sur la pierre et, une fois s\u00e9ch\u00e9, \u00e9voque un voile de couleur travers\u00e9 par la lumi\u00e8re.<span class=\"Apple-converted-space\">\u00a0<\/span><\/p>\n<p>[\/vc_column_text][\/vc_column][\/vc_row][vc_row][vc_column][vc_empty_space height=&#8221;30px&#8221;][\/vc_column][\/vc_row][vc_row bg_type=&#8221;bg_color&#8221; bg_color_value=&#8221;#f2f2f2&#8243; css=&#8221;.vc_custom_1563722577019{padding-top: 30px !important;}&#8221;][vc_column][vc_column_text]<\/p>\n<h2 style=\"text-align: center;\"><strong>oeuvres disponibles<\/strong><\/h2>\n<p>[\/vc_column_text][vc_empty_space height=&#8221;30px&#8221;][vc_basic_grid post_type=&#8221;royal_portfolio&#8221; max_items=&#8221;-1&#8243; item=&#8221;masonryGrid_SlideFromLeft&#8221; grid_id=&#8221;vc_gid:1738945206826-9d8e81b0e4efe389734ffca1d03a028b-10&#8243; taxonomies=&#8221;127&#8243;][vc_empty_space height=&#8221;40px&#8221;][\/vc_column][\/vc_row][vc_row][vc_column][vc_empty_space height=&#8221;40px&#8221;][\/vc_column][\/vc_row]<\/p>\n","protected":false},"excerpt":{"rendered":"<p>[vc_row][vc_column width=&#8221;1\/2&#8243;][vc_single_image image=&#8221;5329&#8243; img_size=&#8221;full&#8221; alignment=&#8221;center&#8221; onclick=&#8221;zoom&#8221; css_animation=&#8221;zoomIn&#8221;][vc_empty_space][vc_custom_heading source=&#8221;post_title&#8221; use_theme_fonts=&#8221;yes&#8221;][vc_column_text]Isabelle Vorle est peintre et r\u00e9alisatrice.[\/vc_column_text][\/vc_column][vc_column width=&#8221;1\/2&#8243; css=&#8221;.vc_custom_1562103889852{border-left-width: 1px !important;border-left-color: #e3afa7 !important;border-left-style: solid !important;}&#8221;][vc_column_text css=&#8221;.vc_custom_1738945319583{padding-left: 30px !important;}&#8221;] Dans ses dessins \u00e0 l\u2019aquarelle et \u00e0 l\u2019encre, Isabelle Vorle exp\u00e9rimente comme le ferait une chercheuse de laboratoire. Elle dispose la flaque sur le papier, ajoute ici et l\u00e0 la [&hellip;]<\/p>\n","protected":false},"author":2,"featured_media":0,"parent":18,"menu_order":0,"comment_status":"closed","ping_status":"closed","template":"","meta":[],"_links":{"self":[{"href":"https:\/\/galerierobetdantec.com\/en\/wp-json\/wp\/v2\/pages\/5333"}],"collection":[{"href":"https:\/\/galerierobetdantec.com\/en\/wp-json\/wp\/v2\/pages"}],"about":[{"href":"https:\/\/galerierobetdantec.com\/en\/wp-json\/wp\/v2\/types\/page"}],"author":[{"embeddable":true,"href":"https:\/\/galerierobetdantec.com\/en\/wp-json\/wp\/v2\/users\/2"}],"replies":[{"embeddable":true,"href":"https:\/\/galerierobetdantec.com\/en\/wp-json\/wp\/v2\/comments?post=5333"}],"version-history":[{"count":4,"href":"https:\/\/galerierobetdantec.com\/en\/wp-json\/wp\/v2\/pages\/5333\/revisions"}],"predecessor-version":[{"id":5338,"href":"https:\/\/galerierobetdantec.com\/en\/wp-json\/wp\/v2\/pages\/5333\/revisions\/5338"}],"up":[{"embeddable":true,"href":"https:\/\/galerierobetdantec.com\/en\/wp-json\/wp\/v2\/pages\/18"}],"wp:attachment":[{"href":"https:\/\/galerierobetdantec.com\/en\/wp-json\/wp\/v2\/media?parent=5333"}],"curies":[{"name":"wp","href":"https:\/\/api.w.org\/{rel}","templated":true}]}}