{"id":5136,"date":"2024-12-22T16:33:01","date_gmt":"2024-12-22T15:33:01","guid":{"rendered":"https:\/\/galerierobetdantec.com\/artistes\/yu-jen-chih\/"},"modified":"2025-11-07T18:29:28","modified_gmt":"2025-11-07T17:29:28","slug":"yu-jen-chih","status":"publish","type":"page","link":"https:\/\/galerierobetdantec.com\/en\/artistes\/yu-jen-chih\/","title":{"rendered":"yu jen-chih"},"content":{"rendered":"<p>[vc_row][vc_column width=&#8221;1\/2&#8243;][vc_single_image image=&#8221;6479&#8243; img_size=&#8221;full&#8221; alignment=&#8221;center&#8221; onclick=&#8221;zoom&#8221; css_animation=&#8221;zoomIn&#8221;][vc_empty_space][vc_custom_heading source=&#8221;post_title&#8221; use_theme_fonts=&#8221;yes&#8221;][vc_column_text]Painter, printmaker, and art critic, born in 1977 in Taipei, Taiwan, into a family of artists and intellectuals. He studied Fine Arts at Tunghai University (Taiwan) from 1995 to 1999, then earned a Master&#8217;s degree in film history from the University of Paris 1 Panth\u00e9on-Sorbonne.<\/p>\n<p>Yu Jen-chih has lived and worked in France since 1999.[\/vc_column_text][vc_empty_space][vc_video link=&#8221;https:\/\/youtu.be\/-DyxFEzFhGc?si=cxQQ0r6wtYxg9vLU&#8221;][\/vc_column][vc_column width=&#8221;1\/2&#8243; css=&#8221;.vc_custom_1562103889852{border-left-width: 1px !important;border-left-color: #e3afa7 !important;border-left-style: solid !important;}&#8221;][vc_column_text css=&#8221;.vc_custom_1756135532665{padding-left: 30px !important;}&#8221;]Yu Jen-chih experiments with various painting and printmaking techniques and has participated in two solo exhibitions in his hometown. From 2008 to 2014, he participated in several group exhibitions in Bahrain, Colombia (Bogota), Ukraine (Dnipropetrovsk Municipal Museum), as well as in galleries and cultural spaces in France (Paris, Dinard, Brest, Quimper), Italy (Avellino), Georgia (Georgian National Music Center, Tbilisi), and Argentina (MACLA, La Plata).<\/p>\n<p>In 2014, Yu Jen-chih presented his works in a solo exhibition at the Red Zone Arts gallery in Geneva and again in 2019 at Red Zone Arts in Frankfurt am Main. In 2017, the Kwang-Hua Information &amp; Culture Center in Hong Kong held a retrospective of his printmaking entitled &#8220;Between Titans and Giants.&#8221;<\/p>\n<p>In 2018, Yu Jen-chih created a 720 cm x 122 cm woodcut for his solo exhibition at Moyens du Bord, the art center of the Manufacture des Tabacs in Morlaix. Since 2020, the Alisan Fine Arts gallery (Hong Kong) has represented him in Hong Kong and at international art fairs. In the fall of 2023, his large-format works will be featured in an exhibition, &#8220;Torment and Ecstasy,&#8221; at the Maison de l&#8217;Erdre, organized by the City of Nantes \u2013 Nantes M\u00e9tropole.<\/p>\n<p>Yu Jen-chih has also co-authored several bibliophile books, including Ce qui me fait signe (with Michel Bohbot) and Mesures D\u00e9mesures (with Werner Lambersy, CMJN \u00e9ditions).<\/p>\n<p>Yu Jen-chih is also the author of literary files in direct collaboration with Milan Kundera, Carlos Fuentes, Fernando Arrabal and Massimo Rizzante, and of written portraits of artists such as Mikha\u00efl Kobakhidz\u00e9, Amos Gitai, Patricia Erbelding, Tony Souli\u00e9, Bertrand Menguy and Zhu Xiao-mei.[\/vc_column_text][\/vc_column][\/vc_row][vc_row][vc_column][vc_empty_space height=&#8221;30px&#8221;][\/vc_column][\/vc_row][vc_row bg_type=&#8221;bg_color&#8221; bg_color_value=&#8221;#f2f2f2&#8243; css=&#8221;.vc_custom_1563722577019{padding-top: 30px !important;}&#8221;][vc_column][vc_column_text]<\/p>\n<h2 style=\"text-align: center;\">Works available<\/h2>\n<p>[\/vc_column_text][vc_empty_space][vc_basic_grid post_type=&#8221;royal_portfolio&#8221; max_items=&#8221;-1&#8243; item=&#8221;masonryGrid_SlideFromLeft&#8221; grid_id=&#8221;vc_gid:1762536548752-38c7f10c-9be6-8&#8243; taxonomies=&#8221;122&#8243;][vc_empty_space height=&#8221;40px&#8221;][\/vc_column][\/vc_row][vc_row][vc_column][vc_empty_space height=&#8221;40px&#8221;][vc_tta_tabs][vc_tta_section title=&#8221;exposition personnelle&#8221; tab_id=&#8221;1743418744438-e65fdb0c-bcd1&#8243;][vc_column_text]<\/p>\n<p class=\"p1\">2025 R\u00e9miniscence, Mus\u00e9e Bernard-Boesch, Le Pouligen<\/p>\n<p class=\"p1\">2023 Tourment &amp; extase, Maison de l\u2019Erdre, Ile de Versailles, Nantes<\/p>\n<p class=\"p1\">2022 Galerie Raulin Pompidou, Paris<\/p>\n<p class=\"p1\">2022 Galerie V12, Angers<\/p>\n<p class=\"p1\">2020 Galerie Raulin Pompidou, Paris<\/p>\n<p class=\"p1\">2020 Galerie Alison Fine Art, Hong-Kong (Chine)<\/p>\n<p class=\"p1\">2019 Galerie Red Zone Art, Francfort sur le Main (D)<span class=\"Apple-converted-space\">\u00a0<\/span><\/p>\n<p class=\"p1\">2018 Les moyens du bords, Centre d\u2019art de la Manufacture des Tabacs, Morlaix<\/p>\n<p class=\"p1\">2017 Entre titans et g\u00e9ants, Kwang-Hua Center, Hong Kong (Chine)<\/p>\n<p class=\"p1\">2014 Galerie Red Zone Art, Gen\u00e8ve (CH)<\/p>\n<p class=\"p1\">1997 Houyuan Gallery, Ta\u00efpei (Ta\u00efwan)<\/p>\n<p class=\"p1\">1994 Painting Exchange and Appreciation Association of the Republic of China, Ta\u00efpei (Ta\u00efwan)<span class=\"Apple-converted-space\">\u00a0<\/span><\/p>\n<p>[\/vc_column_text][\/vc_tta_section][vc_tta_section title=&#8221;expositions collectives (s\u00e9l\u00e9ctions)&#8221; tab_id=&#8221;1743418744439-69f6263b-0c68&#8243;][vc_column_text]<\/p>\n<p class=\"p1\">2024 A travers l\u2019Eden (en duo avec Charles Coturel), Galerie Robet Dantec, Nantes<\/p>\n<p class=\"p1\">2024 Couvent des Cordeliers (en duo avec Tsai Charwei), Festival Off d\u2019Avignon en partenariat avec le Centre culturel de Ta\u00efwan \u00e0 Paris, Avignon<\/p>\n<p class=\"p1\">2022 49 regards, Tr\u00e9laz\u00e9, France<\/p>\n<p class=\"p1\">2020 Taipei Dangdei &#8211; Foire d&#8217;Art Contemporain, Taipei (Taiwan)<\/p>\n<p class=\"p1\">2014 Museo de Arte Contemporaneo Latino-americano, La Plata (Argentine)<\/p>\n<p class=\"p1\">2012 Donner du temps au temps, Espace des Blancs Manteaux, Paris.<\/p>\n<p class=\"p1\">2010 Centre National de Musique, Tbilissi (G\u00e9orgie)<\/p>\n<p class=\"p1\">2009 Alliance Fran\u00e7aise, Bahre\u00efn, Moyen Orient.<\/p>\n<p class=\"p1\">2008 Alliance Fran\u00e7aise, Paris<span class=\"Apple-converted-space\">\u00a0<\/span><\/p>\n<p>[\/vc_column_text][\/vc_tta_section][vc_tta_section title=&#8221;collections&#8221; tab_id=&#8221;1743418963202-1124c4be-af2c&#8221;][vc_column_text]<\/p>\n<p class=\"p1\">Biblioth\u00e8que Nationale de France<\/p>\n<p class=\"p1\">Archives et Mus\u00e9e de la Litt\u00e9rature, Biblioth\u00e8que Royale de Belgique<span class=\"Apple-converted-space\">\u00a0<\/span><\/p>\n<p>[\/vc_column_text][\/vc_tta_section][vc_tta_section title=&#8221;publications&#8221; tab_id=&#8221;1743419027393-ae3837ac-338b&#8221;][vc_column_text]<\/p>\n<p class=\"p1\">\u00ab R\u00e9miniscence \u00bb Catalogue monographique de Yu Jen-chih. Texte Philippe Larue (Commissariat) et Camille Nagel (Historienne de l&#8217;art). Mus\u00e9e d&#8217;art moderne et contemporain Bernard Boesch, Le Pouliguen. 2025.<\/p>\n<p class=\"p1\">\u00ab Int\u00e9rieur\/ext\u00e9rieur : natures mortes et paysages \u00bb, recueil de vingt textes de Yu Jen-Chih sur l\u2019art &#8211; Ed. INK Literary Monthly, 2011. (R\u00e9\u00e9dition en 2011 pour la Chine par New Star Press)<\/p>\n<p>[\/vc_column_text][\/vc_tta_section][\/vc_tta_tabs][\/vc_column][\/vc_row]<\/p>\n","protected":false},"excerpt":{"rendered":"<p>[vc_row][vc_column width=&#8221;1\/2&#8243;][vc_single_image image=&#8221;6479&#8243; img_size=&#8221;full&#8221; alignment=&#8221;center&#8221; onclick=&#8221;zoom&#8221; css_animation=&#8221;zoomIn&#8221;][vc_empty_space][vc_custom_heading source=&#8221;post_title&#8221; use_theme_fonts=&#8221;yes&#8221;][vc_column_text]Painter, printmaker, and art critic, born in 1977 in Taipei, Taiwan, into a family of artists and intellectuals. He studied Fine Arts at Tunghai University (Taiwan) from 1995 to 1999, then earned a Master&#8217;s degree in film history from the University of Paris 1 Panth\u00e9on-Sorbonne. Yu Jen-chih [&hellip;]<\/p>\n","protected":false},"author":2,"featured_media":0,"parent":1154,"menu_order":0,"comment_status":"closed","ping_status":"closed","template":"","meta":[],"_links":{"self":[{"href":"https:\/\/galerierobetdantec.com\/en\/wp-json\/wp\/v2\/pages\/5136"}],"collection":[{"href":"https:\/\/galerierobetdantec.com\/en\/wp-json\/wp\/v2\/pages"}],"about":[{"href":"https:\/\/galerierobetdantec.com\/en\/wp-json\/wp\/v2\/types\/page"}],"author":[{"embeddable":true,"href":"https:\/\/galerierobetdantec.com\/en\/wp-json\/wp\/v2\/users\/2"}],"replies":[{"embeddable":true,"href":"https:\/\/galerierobetdantec.com\/en\/wp-json\/wp\/v2\/comments?post=5136"}],"version-history":[{"count":15,"href":"https:\/\/galerierobetdantec.com\/en\/wp-json\/wp\/v2\/pages\/5136\/revisions"}],"predecessor-version":[{"id":6665,"href":"https:\/\/galerierobetdantec.com\/en\/wp-json\/wp\/v2\/pages\/5136\/revisions\/6665"}],"up":[{"embeddable":true,"href":"https:\/\/galerierobetdantec.com\/en\/wp-json\/wp\/v2\/pages\/1154"}],"wp:attachment":[{"href":"https:\/\/galerierobetdantec.com\/en\/wp-json\/wp\/v2\/media?parent=5136"}],"curies":[{"name":"wp","href":"https:\/\/api.w.org\/{rel}","templated":true}]}}