{"id":4611,"date":"2024-06-20T18:24:52","date_gmt":"2024-06-20T16:24:52","guid":{"rendered":"https:\/\/galerierobetdantec.com\/?page_id=4611"},"modified":"2025-10-30T18:46:35","modified_gmt":"2025-10-30T17:46:35","slug":"demande-up2pay","status":"publish","type":"page","link":"https:\/\/galerierobetdantec.com\/en\/demande-up2pay\/","title":{"rendered":"Demande Up2Pay"},"content":{"rendered":"<p>[vc_row][vc_column width=&#8221;2\/3&#8243;][vc_column_text]<div class=\"frm_forms  with_frm_style frm_style_style-formidable\" id=\"frm_form_3_container\" data-token=\"5db1c5ebbdb1294ee2ae6e7ae9d2b00e\">\n<form enctype=\"multipart\/form-data\" method=\"post\" class=\"frm-show-form \" id=\"form_demande-de-lien-de-paiement\" data-token=\"5db1c5ebbdb1294ee2ae6e7ae9d2b00e\">\n<div class=\"frm_form_fields \">\n<fieldset>\n<legend class=\"frm_screen_reader\">Bon de commande \/ Purchase order<\/legend>\r\n<h3 class=\"frm_form_title\">Bon de commande \/ Purchase order<\/h3>\r\n<div class=\"frm_description\"><p>Ce bon de commande vous permet d'acheter directement une oeuvre aupr\u00e8s de la Galerie Robet Dantec. <br \/>\nVous pouvez choisir de r\u00e9gler votre achat directement par carte bancaire. Dans ce cas, un lien de paiement Up2Pay vous sera envoy\u00e9 par mail ou SMS selon votre choix.<br \/>\nLa solution Up2Pay fournie par le Cr\u00e9dit Agricole est un paiement enti\u00e8rement s\u00e9curis\u00e9.<br \/>\nVous pouvez \u00e9galement choisir de r\u00e9gler votre achat pas virement bancaire d\u00e8s la r\u00e9ception du RIB de la Galerie Robet Dantec par mail. <br \/>\nLes informations demand\u00e9es dans ce formulaire servent uniquement \u00e0 \u00e9tablir la facture d'achat qui vous sera ensuite envoy\u00e9e par mail, et le certificat d'authenticit\u00e9 par courrier. <\/p>\n<p>This order form allows you to purchase a work directly from Galerie Robet Dantec.<br \/>\nYou can pay for your purchase directly by credit card. In this case, an Up2Pay payment link will be sent to you by email or text message, depending on your preference. The Up2Pay solution from Banque Cr\u00e9dit Agricole is a completely secure payment method.<br \/>\nYou can also pay for your purchase by bank transfer.<br \/>\nThe information requested in this form is used solely to create the purchase invoice, which will then be sent to you by email, and the certificate of authenticity by mail.<\/p>\n<p>\n<\/div><div class=\"frm_fields_container\">\n<input type=\"hidden\" name=\"frm_action\" value=\"create\" \/>\n<input type=\"hidden\" name=\"form_id\" value=\"3\" \/>\n<input type=\"hidden\" name=\"frm_hide_fields_3\" id=\"frm_hide_fields_3\" value=\"\" \/>\n<input type=\"hidden\" name=\"form_key\" value=\"demande-de-lien-de-paiement\" \/>\n<input type=\"hidden\" name=\"item_meta[0]\" value=\"\" \/>\n<input type=\"hidden\" id=\"frm_submit_entry_3\" name=\"frm_submit_entry_3\" value=\"7ff03fe306\" \/><input type=\"hidden\" name=\"_wp_http_referer\" value=\"\/en\/wp-json\/wp\/v2\/pages\/4611\" \/><div id=\"frm_field_35_container\" class=\"frm_form_field form-field  frm_required_field frm_top_container frm_first frm_fourth\">\r\n\t<label for=\"field_mczc2\" id=\"field_mczc2_label\" class=\"frm_primary_label\">Civilit\u00e9 \/ Civility\r\n\t\t<span class=\"frm_required\" aria-hidden=\"true\">*<\/span>\r\n\t<\/label>\r\n\t\t\t<select name=\"item_meta[35]\" id=\"field_mczc2\"  data-frmval=\"Madame\" data-reqmsg=\"Ce champ ne peut pas \u00eatre vide\" aria-required=\"true\" data-invmsg=\"Civilit\u00e9 \/ Civility est non valide\" aria-invalid=\"false\"  >\n\t\t<option  value=\"Madame\" selected='selected'>Madame<\/option><option  value=\"Monsieur\">Monsieur<\/option><option  value=\"Non binaire\">Non binaire<\/option>\t<\/select>\n\t\r\n\t\r\n\t\r\n<\/div>\n<div id=\"frm_field_30_container\" class=\"frm_form_field form-field  frm_required_field frm_top_container\">\r\n\t<div  id=\"field_ygyqy_label\" class=\"frm_primary_label\">Nom \/ Name\r\n\t\t<span class=\"frm_required\" aria-hidden=\"true\">*<\/span>\r\n\t<\/div>\r\n\t<fieldset aria-labelledby=\"field_ygyqy_label\">\n\t<legend class=\"frm_screen_reader frm_hidden\">\n\t\tNom \/ Name\t<\/legend>\n\n\t<div  class=\"frm_combo_inputs_container\" id=\"frm_combo_inputs_container_30\" data-name-layout=\"last_first\">\n\t\t\t\t\t<div\n\t\t\t\tid=\"frm_field_30-last_container\"\n\t\t\t\tclass=\"frm_form_field form-field frm_form_subfield-last  frm6\"\n\t\t\t\tdata-sub-field-name=\"last\"\n\t\t\t>\n\t\t\t\t<label for=\"field_ygyqy_last\" class=\"frm_screen_reader frm_hidden\">\n\t\t\t\t\tPr\u00e9nom\t\t\t\t<\/label>\n\n\t\t\t\t<input  type=\"text\" id=\"field_ygyqy_last\" value=\"\" name=\"item_meta[30][last]\" data-reqmsg=\"Ce champ ne peut pas \u00eatre vide\" aria-required=\"true\" data-invmsg=\"Nom \/ Name is invalid\" aria-invalid=\"false\"  \/><div class=\"frm_description\" id=\"frm_field_30_last_desc\">Pr\u00e9nom<\/div>\t\t\t<\/div>\n\t\t\t\t\t\t<div\n\t\t\t\tid=\"frm_field_30-first_container\"\n\t\t\t\tclass=\"frm_form_field form-field frm_form_subfield-first  frm6\"\n\t\t\t\tdata-sub-field-name=\"first\"\n\t\t\t>\n\t\t\t\t<label for=\"field_ygyqy_first\" class=\"frm_screen_reader frm_hidden\">\n\t\t\t\t\tNom de Famille\t\t\t\t<\/label>\n\n\t\t\t\t<input  type=\"text\" id=\"field_ygyqy_first\" value=\"\" name=\"item_meta[30][first]\" data-reqmsg=\"Ce champ ne peut pas \u00eatre vide\" aria-required=\"true\" data-invmsg=\"Nom \/ Name is invalid\" aria-invalid=\"false\"  \/><div class=\"frm_description\" id=\"frm_field_30_first_desc\">Nom de Famille<\/div>\t\t\t<\/div>\n\t\t\t\t<\/div>\n<\/fieldset>\n\r\n\t\r\n\t\r\n<\/div>\n<div id=\"frm_field_19_container\" class=\"frm_form_field form-field  frm_required_field frm_top_container\">\r\n\t<label for=\"field_9aapf\" id=\"field_9aapf_label\" class=\"frm_primary_label\">Adresse de facturation \/ billing address\r\n\t\t<span class=\"frm_required\" aria-hidden=\"true\">*<\/span>\r\n\t<\/label>\r\n\t<input type=\"text\" id=\"field_9aapf\" name=\"item_meta[19]\" value=\"\"  data-reqmsg=\"Ce champ ne peut pas \u00eatre vide\" aria-required=\"true\" data-invmsg=\"Adresse de facturation \/ billing address est non valide\" aria-invalid=\"false\"  \/>\r\n\t\r\n\t\r\n<\/div>\n<div id=\"frm_field_20_container\" class=\"frm_form_field form-field  frm_required_field frm_top_container frm_first frm_t wo_thirds frm_third\">\r\n\t<label for=\"field_mxpbk\" id=\"field_mxpbk_label\" class=\"frm_primary_label\">Code postal \/ Postal code\r\n\t\t<span class=\"frm_required\" aria-hidden=\"true\">*<\/span>\r\n\t<\/label>\r\n\t<input type=\"text\" id=\"field_mxpbk\" name=\"item_meta[20]\" value=\"\"  data-reqmsg=\"Ce champ ne peut pas \u00eatre vide\" aria-required=\"true\" data-invmsg=\"Code postal \/ Postal code est non valide\" aria-invalid=\"false\"  \/>\r\n\t\r\n\t\r\n<\/div>\n<div id=\"frm_field_21_container\" class=\"frm_form_field form-field  frm_required_field frm_top_container frm_first frm_half\">\r\n\t<label for=\"field_fv9ts\" id=\"field_fv9ts_label\" class=\"frm_primary_label\">Ville \/ City\r\n\t\t<span class=\"frm_required\" aria-hidden=\"true\">*<\/span>\r\n\t<\/label>\r\n\t<input type=\"text\" id=\"field_fv9ts\" name=\"item_meta[21]\" value=\"\"  data-reqmsg=\"Ce champ ne peut pas \u00eatre vide\" aria-required=\"true\" data-invmsg=\"Ville \/ City est non valide\" aria-invalid=\"false\"  \/>\r\n\t\r\n\t\r\n<\/div>\n<div id=\"frm_field_24_container\" class=\"frm_form_field form-field  frm_top_container frm_two_thirds\">\r\n\t<label for=\"field_9kqyj\" id=\"field_9kqyj_label\" class=\"frm_primary_label\">Etat \/ State\r\n\t\t<span class=\"frm_required\" aria-hidden=\"true\"><\/span>\r\n\t<\/label>\r\n\t<input type=\"text\" id=\"field_9kqyj\" name=\"item_meta[24]\" value=\"\"  data-invmsg=\"Etat \/ State est non valide\" aria-invalid=\"false\"  \/>\r\n\t\r\n\t\r\n<\/div>\n<div id=\"frm_field_22_container\" class=\"frm_form_field form-field  frm_required_field frm_top_container frm_two_thirds\">\r\n\t<label for=\"field_plao4\" id=\"field_plao4_label\" class=\"frm_primary_label\">Pays \/ Country\r\n\t\t<span class=\"frm_required\" aria-hidden=\"true\">*<\/span>\r\n\t<\/label>\r\n\t<input type=\"text\" id=\"field_plao4\" name=\"item_meta[22]\" value=\"\"  data-reqmsg=\"Ce champ ne peut pas \u00eatre vide\" aria-required=\"true\" data-invmsg=\"Pays \/ Country est non valide\" aria-invalid=\"false\"  \/>\r\n\t\r\n\t\r\n<\/div>\n<div id=\"frm_field_23_container\" class=\"frm_form_field form-field  frm_required_field frm_top_container frm12 vertical_radio\">\r\n\t<div  id=\"field_cfcx5_label\" class=\"frm_primary_label\">Choix du mode de paiement \/ Choice of payment method\r\n\t\t<span class=\"frm_required\" aria-hidden=\"true\">*<\/span>\r\n\t<\/div>\r\n\t<div class=\"frm_opt_container\" aria-labelledby=\"field_cfcx5_label\" role=\"group\">\t\t<div class=\"frm_checkbox\" id=\"frm_checkbox_23-0\">\t\t\t<label  for=\"field_cfcx5-0\">\n\t\t\t<input type=\"checkbox\" name=\"item_meta[23][]\" id=\"field_cfcx5-0\" value=\"Carte bancaire (lien de paiement envoy\u00e9 par mail)\/ Bank card (Payment link sent by email)\"  data-reqmsg=\"Ce champ ne peut pas \u00eatre vide\" data-invmsg=\"Choix du mode de paiement \/ Choice of payment method est non valide\"   aria-required=\"true\"  \/> Carte bancaire (lien de paiement envoy\u00e9 par mail)\/ Bank card (Payment link sent by email)<\/label><\/div>\n\t\t<div class=\"frm_checkbox\" id=\"frm_checkbox_23-2\">\t\t\t<label  for=\"field_cfcx5-2\">\n\t\t\t<input type=\"checkbox\" name=\"item_meta[23][]\" id=\"field_cfcx5-2\" value=\"Carte bancaire (lien de paiement envoy\u00e9 par SMS)\/ Bank card (Payment link sent by text message)\"  data-reqmsg=\"Ce champ ne peut pas \u00eatre vide\" data-invmsg=\"Choix du mode de paiement \/ Choice of payment method est non valide\"   \/> Carte bancaire (lien de paiement envoy\u00e9 par SMS)\/ Bank card (Payment link sent by text message)<\/label><\/div>\n\t\t<div class=\"frm_checkbox\" id=\"frm_checkbox_23-1\">\t\t\t<label  for=\"field_cfcx5-1\">\n\t\t\t<input type=\"checkbox\" name=\"item_meta[23][]\" id=\"field_cfcx5-1\" value=\"Virement bancaire (RIB sent by mail)\/ Bank transfer (RIB sent by mail)\"  data-reqmsg=\"Ce champ ne peut pas \u00eatre vide\" data-invmsg=\"Choix du mode de paiement \/ Choice of payment method est non valide\"   \/> Virement bancaire (RIB sent by mail)\/ Bank transfer (RIB sent by mail)<\/label><\/div>\n<\/div>\r\n\t\r\n\t\r\n<\/div>\n<div id=\"frm_field_25_container\" class=\"frm_form_field form-field  frm_required_field frm_top_container frm_half\">\r\n\t<label for=\"field_3lefg\" id=\"field_3lefg_label\" class=\"frm_primary_label\">E-mail\r\n\t\t<span class=\"frm_required\" aria-hidden=\"true\">*<\/span>\r\n\t<\/label>\r\n\t<input type=\"email\" id=\"field_3lefg\" name=\"item_meta[25]\" value=\"\"  data-reqmsg=\"Ce champ ne peut pas \u00eatre vide\" aria-required=\"true\" data-invmsg=\"E-mail est non valide\" aria-invalid=\"false\"  \/>\r\n\t\r\n\t\r\n<\/div>\n<div id=\"frm_field_26_container\" class=\"frm_form_field form-field  frm_required_field frm_top_container frm_first f rm_fourth frm_third\">\r\n\t<label for=\"field_le3q8\" id=\"field_le3q8_label\" class=\"frm_primary_label\">T\u00e9l\u00e9phone mobile \/ Cell Phone\r\n\t\t<span class=\"frm_required\" aria-hidden=\"true\">*<\/span>\r\n\t<\/label>\r\n\t<input type=\"tel\" id=\"field_le3q8\" name=\"item_meta[26]\" value=\"\"  data-reqmsg=\"Ce champ ne peut pas \u00eatre vide\" aria-required=\"true\" data-invmsg=\"T\u00e9l\u00e9phone mobile \/ Cell Phone est non valide\" aria-invalid=\"false\" pattern=\"((\\+\\d{1,3}(-|.| )?\\(?\\d\\)?(-| |.)?\\d{1,5})|(\\(?\\d{2,6}\\)?))(-|.| )?(\\d{3,4})(-|.| )?(\\d{4})(( x| ext)\\d{1,5}){0,1}$\"  \/>\r\n\t\r\n\t\r\n<\/div>\n<div id=\"frm_field_27_container\" class=\"frm_form_field form-field  frm_required_field frm_top_container frm_first frm_half\">\r\n\t<label for=\"field_9tae8\" id=\"field_9tae8_label\" class=\"frm_primary_label\">Nom de l'artiste \/ Artist's name\r\n\t\t<span class=\"frm_required\" aria-hidden=\"true\">*<\/span>\r\n\t<\/label>\r\n\t<input type=\"text\" id=\"field_9tae8\" name=\"item_meta[27]\" value=\"\"  data-reqmsg=\"Ce champ ne peut pas \u00eatre vide\" aria-required=\"true\" data-invmsg=\"Nom de l&#039;artiste \/ Artist&#039;s name est non valide\" aria-invalid=\"false\"  \/>\r\n\t\r\n\t\r\n<\/div>\n<div id=\"frm_field_42_container\" class=\"frm_form_field form-field  frm_required_field frm_top_container frm6\">\r\n\t<label for=\"field_268k2\" id=\"field_268k2_label\" class=\"frm_primary_label\">Titre de l'oeuvre \/ title of the work\r\n\t\t<span class=\"frm_required\" aria-hidden=\"true\">*<\/span>\r\n\t<\/label>\r\n\t<input type=\"text\" id=\"field_268k2\" name=\"item_meta[42]\" value=\"\"  data-reqmsg=\"Ce champ ne peut pas \u00eatre vide\" aria-required=\"true\" data-invmsg=\"Titre de l&#039;oeuvre \/ title of the work est non valide\" aria-invalid=\"false\"  \/>\r\n\t\r\n\t\r\n<\/div>\n<div id=\"frm_field_31_container\" class=\"frm_form_field form-field  frm_required_field frm_top_container frm_half\">\r\n\t<label for=\"field_g744s\" id=\"field_g744s_label\" class=\"frm_primary_label\">Prix (Hors frais de livraison) \/ Price (Excluding delivery costs)\r\n\t\t<span class=\"frm_required\" aria-hidden=\"true\">*<\/span>\r\n\t<\/label>\r\n\t<input type=\"number\" id=\"field_g744s\" name=\"item_meta[31]\" value=\"\"  data-reqmsg=\"Ce champ ne peut pas \u00eatre vide\" aria-required=\"true\" data-invmsg=\"Prix (Hors frais de livraison) \/ Price (Excluding delivery costs) est non valide\" aria-invalid=\"false\"   min=\"0\" max=\"9999999\" step=\"any\"\/>\r\n\t\r\n\t\r\n<\/div>\n<div id=\"frm_field_29_container\" class=\"frm_form_field form-field  frm_required_field frm_top_container vertical_radio\">\r\n\t<div  id=\"field_2zozi_label\" class=\"frm_primary_label\">Souhaitez-vous \u00eatre livr\u00e9(e) ? \/ Would you like to be delivered ?\r\n\t\t<span class=\"frm_required\" aria-hidden=\"true\">*<\/span>\r\n\t<\/div>\r\n\t<div class=\"frm_opt_container\" aria-labelledby=\"field_2zozi_label\" role=\"group\">\t\t<div class=\"frm_checkbox\" id=\"frm_checkbox_29-0\">\t\t\t<label  for=\"field_2zozi-0\">\n\t\t\t<input type=\"checkbox\" name=\"item_meta[29][]\" id=\"field_2zozi-0\" value=\"Oui \/ Yes (Un forfait de 150 \u20ac s&#039;applique \/ A flat rate of \u20ac150 applies)\"  data-reqmsg=\"Ce champ ne peut pas \u00eatre vide\" data-invmsg=\"Souhaitez-vous \u00eatre livr\u00e9(e) ? \/ Would you like to be delivered ? est non valide\"   aria-required=\"true\"  \/> Oui \/ Yes (Un forfait de 150 \u20ac s'applique \/ A flat rate of \u20ac150 applies)<\/label><\/div>\n\t\t<div class=\"frm_checkbox\" id=\"frm_checkbox_29-1\">\t\t\t<label  for=\"field_2zozi-1\">\n\t\t\t<input type=\"checkbox\" name=\"item_meta[29][]\" id=\"field_2zozi-1\" value=\"Non \/ No (Je viendrai chercher l&#039;oeuvre \u00e0 la galerie \/ I will pick up the work at the gallery)\"  data-reqmsg=\"Ce champ ne peut pas \u00eatre vide\" data-invmsg=\"Souhaitez-vous \u00eatre livr\u00e9(e) ? \/ Would you like to be delivered ? est non valide\"   \/> Non \/ No (Je viendrai chercher l'oeuvre \u00e0 la galerie \/ I will pick up the work at the gallery)<\/label><\/div>\n<\/div>\r\n\t\r\n\t\r\n<\/div>\n<div id=\"frm_field_32_container\" class=\"frm_form_field form-field  frm_top_container frm_first frm_half\">\r\n\t<label for=\"field_3ydjo\" id=\"field_3ydjo_label\" class=\"frm_primary_label\">Montant Total \/ Total Amount\r\n\t\t<span class=\"frm_required\" aria-hidden=\"true\"><\/span>\r\n\t<\/label>\r\n\t<input type=\"number\" id=\"field_3ydjo\" name=\"item_meta[32]\" value=\"\"  data-invmsg=\"Montant Total \/ Total Amount est non valide\" aria-invalid=\"false\"   min=\"0\" max=\"9999999\" step=\"any\"\/>\r\n\t\r\n\t\r\n<\/div>\n<div id=\"frm_field_34_container\" class=\"frm_form_field form-field  frm_none_container\">\r\n\t<label for=\"g-recaptcha-response\" id=\"field_64umq_label\" class=\"frm_primary_label\">Captcha\r\n\t\t<span class=\"frm_required\" aria-hidden=\"true\"><\/span>\r\n\t<\/label>\r\n\t<div  id=\"field_64umq\" class=\"frm-g-recaptcha\" data-sitekey=\"6Le5JrYUAAAAANKlZ88KQlE0xYLqqXqlc7Ja0JK9\" data-size=\"normal\" data-theme=\"light\"><\/div>\r\n\t\r\n\t\r\n<\/div>\n<div id=\"frm_field_15_container\" class=\"frm_form_field form-field  frm12 frm_first\">\r\n\t<div class=\"frm_submit frm_flex\">\r\n<button class=\"frm_button_submit\" type=\"submit\"  >Envoyer<\/button>\r\n\r\n\r\n\r\n<\/div>\r\n<\/div>\n\t<input type=\"hidden\" name=\"item_key\" value=\"\" \/>\n\t\t\t<div id=\"frm_field_43_container\">\n\t\t\t<label for=\"field_myip3\" >\n\t\t\t\tIf you are human, leave this field blank.\t\t\t<\/label>\n\t\t\t<input  id=\"field_myip3\" type=\"text\" class=\"frm_form_field form-field frm_verify\" name=\"item_meta[43]\" value=\"\"  \/>\n\t\t<\/div>\n\t\t<input name=\"frm_state\" type=\"hidden\" value=\"+Mhm8CrCW6ySb6\/jJc6+hsyDr2QjuG\/kMcbe1vVMU90=\" \/><\/div>\n<\/fieldset>\n<\/div>\n\n<\/form>\n<\/div>\n[\/vc_column_text][\/vc_column][vc_column width=&#8221;1\/3&#8243;][vc_empty_space height=&#8221;20px&#8221;][vc_custom_heading text=&#8221;Galerie Robet Dantec&#8221; font_container=&#8221;tag:h1|text_align:left&#8221; use_theme_fonts=&#8221;yes&#8221;][vc_empty_space height=&#8221;20px&#8221;][vc_column_text css=&#8221;.vc_custom_1695673850352{margin-top: 15px !important;border-bottom-width: 1px !important;border-bottom-color: #e3afa7 !important;border-bottom-style: solid !important;}&#8221;]T\u00e9l :\u00a0<strong>+33 (0)9 67 39 57 39<\/strong>[\/vc_column_text][vc_column_text css=&#8221;.vc_custom_1695673902791{margin-top: 15px !important;border-bottom-width: 1px !important;border-bottom-color: #e3afa7 !important;border-bottom-style: solid !important;}&#8221;]Adresse : <strong>36 Rue Voltaire 44000 Nantes<\/strong><\/p>\n<p>Jours et horaires d&#8217;ouverture : <strong>du mardi au samedi de 14h \u00e0 19h, ou sur rendez-vous. Ferm\u00e9 les jours f\u00e9ri\u00e9s.<\/strong>[\/vc_column_text][vc_column_text css=&#8221;.vc_custom_1565100222355{margin-top: 15px !important;border-bottom-width: 1px !important;border-bottom-color: #e3afa7 !important;border-bottom-style: solid !important;}&#8221;]Avant de remplir ce formulaire et\/ou de vous inscrire \u00e0 notre courriel informatif, vous pouvez consulter ici notre <span style=\"color: #e3afa7;\"><strong><a style=\"color: #e3afa7;\" href=\"http:\/\/galerierobetdantec.com\/politique-de-confidentialite\/\">politique de confidentialit\u00e9 (RGPD)<\/a><\/strong><\/span>.[\/vc_column_text][\/vc_column][\/vc_row]<\/p>\n","protected":false},"excerpt":{"rendered":"<p>[vc_row][vc_column width=&#8221;2\/3&#8243;][vc_column_text][\/vc_column_text][\/vc_column][vc_column width=&#8221;1\/3&#8243;][vc_empty_space height=&#8221;20px&#8221;][vc_custom_heading text=&#8221;Galerie Robet Dantec&#8221; font_container=&#8221;tag:h1|text_align:left&#8221; use_theme_fonts=&#8221;yes&#8221;][vc_empty_space height=&#8221;20px&#8221;][vc_column_text css=&#8221;.vc_custom_1695673850352{margin-top: 15px !important;border-bottom-width: 1px !important;border-bottom-color: #e3afa7 !important;border-bottom-style: solid !important;}&#8221;]T\u00e9l :\u00a0+33 (0)9 67 39 57 39[\/vc_column_text][vc_column_text css=&#8221;.vc_custom_1695673902791{margin-top: 15px !important;border-bottom-width: 1px !important;border-bottom-color: #e3afa7 !important;border-bottom-style: solid !important;}&#8221;]Adresse : 36 Rue Voltaire 44000 Nantes Jours et horaires d&#8217;ouverture : du mardi au samedi de 14h \u00e0 19h, ou sur [&hellip;]<\/p>\n","protected":false},"author":2,"featured_media":0,"parent":0,"menu_order":9,"comment_status":"closed","ping_status":"closed","template":"","meta":[],"_links":{"self":[{"href":"https:\/\/galerierobetdantec.com\/en\/wp-json\/wp\/v2\/pages\/4611"}],"collection":[{"href":"https:\/\/galerierobetdantec.com\/en\/wp-json\/wp\/v2\/pages"}],"about":[{"href":"https:\/\/galerierobetdantec.com\/en\/wp-json\/wp\/v2\/types\/page"}],"author":[{"embeddable":true,"href":"https:\/\/galerierobetdantec.com\/en\/wp-json\/wp\/v2\/users\/2"}],"replies":[{"embeddable":true,"href":"https:\/\/galerierobetdantec.com\/en\/wp-json\/wp\/v2\/comments?post=4611"}],"version-history":[{"count":4,"href":"https:\/\/galerierobetdantec.com\/en\/wp-json\/wp\/v2\/pages\/4611\/revisions"}],"predecessor-version":[{"id":6531,"href":"https:\/\/galerierobetdantec.com\/en\/wp-json\/wp\/v2\/pages\/4611\/revisions\/6531"}],"wp:attachment":[{"href":"https:\/\/galerierobetdantec.com\/en\/wp-json\/wp\/v2\/media?parent=4611"}],"curies":[{"name":"wp","href":"https:\/\/api.w.org\/{rel}","templated":true}]}}