{"id":4298,"date":"2023-12-15T15:13:20","date_gmt":"2023-12-15T14:13:20","guid":{"rendered":"https:\/\/galerierobetdantec.com\/?page_id=4298"},"modified":"2025-03-01T14:59:38","modified_gmt":"2025-03-01T13:59:38","slug":"bastien-faudon","status":"publish","type":"page","link":"https:\/\/galerierobetdantec.com\/en\/artistes\/bastien-faudon\/","title":{"rendered":"bastien faudon"},"content":{"rendered":"<p>[vc_row][vc_column width=&#8221;1\/2&#8243;][vc_single_image image=&#8221;5101&#8243; img_size=&#8221;full&#8221; alignment=&#8221;center&#8221; onclick=&#8221;zoom&#8221; css_animation=&#8221;zoomIn&#8221;][vc_empty_space][vc_custom_heading source=&#8221;post_title&#8221; use_theme_fonts=&#8221;yes&#8221;][vc_column_text]Vit et travaille \u00e0 Avignon, Bastien Faudon est dipl\u00f4m\u00e9 de l\u2019Ecole Sup\u00e9rieure d&#8217;Arts d&#8217;Avignon en 2017 &#8211; DNSEP obtenu avec les f\u00e9licitations du jury, Collection Lambert en Avignon.[\/vc_column_text][\/vc_column][vc_column width=&#8221;1\/2&#8243; css=&#8221;.vc_custom_1562103877295{border-left-width: 1px !important;border-left-color: #e3afa7 !important;border-left-style: solid !important;}&#8221;][vc_column_text css=&#8221;.vc_custom_1702569955008{padding-left: 30px !important;}&#8221;]<\/p>\n<div>\n<p>\u00ab\u00a0Bastien Faudon entretient avec le dessin qu\u2019il utilise comme m\u00e9dium de pr\u00e9dilection, une relation singuli\u00e8re et multiple. Dessins de chercheurs scientifiques, dessins pr\u00e9paratoires, cartographies destin\u00e9es au voyage ou \u00e0 l\u2019exploration prennent part \u00e0 des dispositifs qui questionnent la nature m\u00eame des documents et le statut du dessin dans l\u2019espace d\u2019exposition [\u2026]. En s\u2019inspirant de la construction des documentaires animaliers qu\u2019il d\u00e9tourne, il fait coexister science et art pour questionner la relation que nous entretenons \u00e0 l\u2019environnement, passant sans cesse de l\u2019infiniment grand \u00e0 l\u2019infiniment petit et interroge ainsi la place de l\u2019homme et sa repr\u00e9sentation.\u00a0\u00bb<\/p>\n<p>\u2013 St\u00e9phane Ibars<\/p>\n<p class=\"placeholder-element\"><\/div>\n<p>[\/vc_column_text][vc_raw_html]JTNDZGl2JTIwc3R5bGUlM0QlMjJ0ZXh0LWFsaWduJTNBY2VudGVyJTNCJTIyJTNFJTNDZGl2JTIwc3R5bGUlM0QlMjJtYXJnaW4lM0E4cHglMjAwcHglMjA0cHglM0IlMjIlM0UlM0NhJTIwaHJlZiUzRCUyMmh0dHBzJTNBJTJGJTJGd3d3LmNhbGFtZW8uY29tJTJGYm9va3MlMkYwMDc3MzE0NTNkMGU5NzYxYzE3NDUlMjIlMjB0YXJnZXQlM0QlMjJfYmxhbmslMjIlM0VDYXRhbG9ndWUlMjBCYXN0aWVuJTIwRmF1ZG9uJTNDJTJGYSUzRSUzQyUyRmRpdiUzRSUzQ2lmcmFtZSUyMHNyYyUzRCUyMiUyRiUyRnYuY2FsYW1lby5jb20lMkYlM0Zia2NvZGUlM0QwMDc3MzE0NTNkMGU5NzYxYzE3NDUlMjZtb2RlJTNEbWluaSUyMiUyMHdpZHRoJTNEJTIyNDgwJTIyJTIwaGVpZ2h0JTNEJTIyMzAwJTIyJTIwZnJhbWVib3JkZXIlM0QlMjIwJTIyJTIwc2Nyb2xsaW5nJTNEJTIybm8lMjIlMjBhbGxvd3RyYW5zcGFyZW5jeSUyMGFsbG93ZnVsbHNjcmVlbiUyMHN0eWxlJTNEJTIybWFyZ2luJTNBMCUyMGF1dG8lM0IlMjIlM0UlM0MlMkZpZnJhbWUlM0UlM0NkaXYlMjBzdHlsZSUzRCUyMm1hcmdpbiUzQTRweCUyMDBweCUyMDhweCUzQiUyMiUzRSUzQ2ElMjBocmVmJTNEJTIyaHR0cCUzQSUyRiUyRnd3dy5jYWxhbWVvLmNvbSUyRiUyMiUyMHRhcmdldCUzRCUyMl9ibGFuayUyMiUzRUxpcmUlMjBwbHVzJTIwZGUlMjBwdWJsaWNhdGlvbnMlMjBzdXIlMjBDYWxhbSVDMyVBOW8lM0MlMkZhJTNFJTNDJTJGZGl2JTNFJTNDJTJGZGl2JTNF[\/vc_raw_html][\/vc_column][\/vc_row][vc_row][vc_column][vc_empty_space height=&#8221;60px&#8221;][\/vc_column][\/vc_row][vc_row][vc_column][vc_custom_heading text=&#8221;\u0153uvres disponibles&#8221; font_container=&#8221;tag:h2|text_align:center&#8221; use_theme_fonts=&#8221;yes&#8221;][\/vc_column][\/vc_row][vc_row][vc_column][vc_empty_space height=&#8221;30px&#8221;][\/vc_column][\/vc_row][vc_row bg_type=&#8221;bg_color&#8221; bg_color_value=&#8221;#f2f2f2&#8243; css=&#8221;.vc_custom_1563722577019{padding-top: 30px !important;}&#8221;][vc_column][vc_basic_grid post_type=&#8221;royal_portfolio&#8221; max_items=&#8221;-1&#8243; item=&#8221;masonryGrid_SlideFromLeft&#8221; grid_id=&#8221;vc_gid:1740836643556-38a2709e7d72b71542bb172b244e7b55-8&#8243; taxonomies=&#8221;118&#8243;][vc_empty_space height=&#8221;40px&#8221;][\/vc_column][\/vc_row][vc_row][vc_column][vc_empty_space height=&#8221;40px&#8221;][vc_tta_tabs style=&#8221;modern&#8221; shape=&#8221;square&#8221; spacing=&#8221;5&#8243; active_section=&#8221;1&#8243;][vc_tta_section title=&#8221;Exposition personnelle&#8221; tab_id=&#8221;1702571083121-a2630c3a-9453&#8243;][vc_column_text]<strong>2025<br \/>\n<\/strong>Th\u00e9ia, fille du ciel et de la Terre, Galerie Robet Dantec, Nantes<\/p>\n<p><strong>2021<br \/>\n<\/strong>Cosmos, La Logia &#8211; Collection Lambert, Avignon[\/vc_column_text][\/vc_tta_section][vc_tta_section title=&#8221;Expositions collectives&#8221; tab_id=&#8221;1559740892983-68397675-89f3&#8243;][vc_column_text]<strong>2025<br \/>\n<\/strong>A Ghost story, through the wall &#8211; Commissariat Capucine Berkrouber, La Finca, Montreuil<strong><br \/>\n<\/strong><\/p>\n<p><strong>2024<br \/>\n<\/strong>Le Futur est d\u00e9j\u00e0 l\u00e0, Le Grenier \u00e0 Sel, Avignon<br \/>\nDDESSIN PARIS, Galerie Robet Dantec, Paris<\/p>\n<p><strong>2023<\/strong><br \/>\nChapelle Sainte-Foy, Les Beaumettes<\/p>\n<p><strong>2022<br \/>\n<\/strong>La m\u00e9canique du trait, Le Grenier \u00e0 sel, Avignon<br \/>\nPoints de vue, Galerie Robet Dantec, Belfort<br \/>\nLa pluie a travers\u00e9 mes v\u00eatements, H\u00f4tel Forbin de la Barben,Avignon<\/p>\n<p><strong>2021<br \/>\n<\/strong>Libert\u00e9 : la trouver, la perdre ?, Parcours de l\u2019art, Clo\u00eetreSaint-Louis, Avignon<br \/>\n8\u00b0 \u00e9dition de DDESSIN, Atelier Richelieu, Paris<\/p>\n<p><strong>2020<br \/>\n<\/strong>7\u00b0 \u00e9dition de DDESSIN, Atelier Richelieu, Paris<\/p>\n<p><strong>2019<br \/>\n<\/strong>Nuit des id\u00e9es, Maison Jean Villard, Avignon<br \/>\nPLACE S, MIN d\u2019Avignon<\/p>\n<p><strong>2018<br \/>\n<\/strong>D\u00c9RAPAGE, \u00c9glise des C\u00e9lestins, Avignon<\/p>\n<p><strong>2017\/ 2018<br \/>\n<\/strong>R\u00caVEZ!#2, Collection Lambert, Avignon<\/p>\n<p><strong>2017<br \/>\n<\/strong>F\u00eate des Lumi\u00e8res, Taverne Gutenberg, Lyon<\/p>\n<p><strong>2014<br \/>\n<\/strong>Arte Video Night, Palais de Tokyo, Paris[\/vc_column_text][\/vc_tta_section][vc_tta_section title=&#8221;R\u00e9sidences&#8221; tab_id=&#8221;1595072385549-4defa300-9f5b&#8221;][vc_column_text]<\/p>\n<ul>\n<li><strong>2022<\/strong><\/li>\n<\/ul>\n<p>Mn\u00e9monique, DRAC PACA Rouvrir le monde | Festival d\u2019Avignon |ESAA<\/p>\n<ul>\n<li><strong>2021<\/strong><\/li>\n<\/ul>\n<p>Cosmos, DRAC PACA Rouvrir le monde | Collection Lambert, Avignon<\/p>\n<ul>\n<li><strong>2020<\/strong><\/li>\n<\/ul>\n<p>Carte sur table, DRAC PACA Rouvrir le monde | Centre social d\u2019Orel, Avignon[\/vc_column_text][\/vc_tta_section][\/vc_tta_tabs][\/vc_column][\/vc_row]<\/p>\n","protected":false},"excerpt":{"rendered":"<p>[vc_row][vc_column width=&#8221;1\/2&#8243;][vc_single_image image=&#8221;5101&#8243; img_size=&#8221;full&#8221; alignment=&#8221;center&#8221; onclick=&#8221;zoom&#8221; css_animation=&#8221;zoomIn&#8221;][vc_empty_space][vc_custom_heading source=&#8221;post_title&#8221; use_theme_fonts=&#8221;yes&#8221;][vc_column_text]Vit et travaille \u00e0 Avignon, Bastien Faudon est dipl\u00f4m\u00e9 de l\u2019Ecole Sup\u00e9rieure d&#8217;Arts d&#8217;Avignon en 2017 &#8211; DNSEP obtenu avec les f\u00e9licitations du jury, Collection Lambert en Avignon.[\/vc_column_text][\/vc_column][vc_column width=&#8221;1\/2&#8243; css=&#8221;.vc_custom_1562103877295{border-left-width: 1px !important;border-left-color: #e3afa7 !important;border-left-style: solid !important;}&#8221;][vc_column_text css=&#8221;.vc_custom_1702569955008{padding-left: 30px !important;}&#8221;] \u00ab\u00a0Bastien Faudon entretient avec le dessin qu\u2019il utilise [&hellip;]<\/p>\n","protected":false},"author":2,"featured_media":0,"parent":1154,"menu_order":1,"comment_status":"closed","ping_status":"closed","template":"","meta":[],"_links":{"self":[{"href":"https:\/\/galerierobetdantec.com\/en\/wp-json\/wp\/v2\/pages\/4298"}],"collection":[{"href":"https:\/\/galerierobetdantec.com\/en\/wp-json\/wp\/v2\/pages"}],"about":[{"href":"https:\/\/galerierobetdantec.com\/en\/wp-json\/wp\/v2\/types\/page"}],"author":[{"embeddable":true,"href":"https:\/\/galerierobetdantec.com\/en\/wp-json\/wp\/v2\/users\/2"}],"replies":[{"embeddable":true,"href":"https:\/\/galerierobetdantec.com\/en\/wp-json\/wp\/v2\/comments?post=4298"}],"version-history":[{"count":11,"href":"https:\/\/galerierobetdantec.com\/en\/wp-json\/wp\/v2\/pages\/4298\/revisions"}],"predecessor-version":[{"id":5395,"href":"https:\/\/galerierobetdantec.com\/en\/wp-json\/wp\/v2\/pages\/4298\/revisions\/5395"}],"up":[{"embeddable":true,"href":"https:\/\/galerierobetdantec.com\/en\/wp-json\/wp\/v2\/pages\/1154"}],"wp:attachment":[{"href":"https:\/\/galerierobetdantec.com\/en\/wp-json\/wp\/v2\/media?parent=4298"}],"curies":[{"name":"wp","href":"https:\/\/api.w.org\/{rel}","templated":true}]}}