{"id":3,"date":"2019-05-10T19:40:33","date_gmt":"2019-05-10T17:40:33","guid":{"rendered":"http:\/\/galerierobetdantec.com\/?page_id=3"},"modified":"2019-08-07T22:45:29","modified_gmt":"2019-08-07T20:45:29","slug":"politique-de-confidentialite","status":"publish","type":"page","link":"https:\/\/galerierobetdantec.com\/en\/politique-de-confidentialite\/","title":{"rendered":"Politique de confidentialit\u00e9"},"content":{"rendered":"<p>[vc_row][vc_column][vc_custom_heading text=&#8221;Politique de Confidentialit\u00e9 &#8211; RGPD&#8221; font_container=&#8221;tag:h1|text_align:center&#8221; use_theme_fonts=&#8221;yes&#8221;][\/vc_column][\/vc_row][vc_row][vc_column][vc_column_text]Dans le cadre de son activit\u00e9 de galerie d&#8217;art, <strong><u>la SAS Galerie Robet-Dantec<\/u><\/strong>, repr\u00e9sent\u00e9e par Catherine Robet, est amen\u00e9e \u00e0 collecter et traiter les donn\u00e9es personnelles de ses visiteurs. Les activit\u00e9s pour lesquelles la soci\u00e9t\u00e9 est amen\u00e9 \u00e0 traiter des donn\u00e9es sensibles sont les suivantes :<\/p>\n<ul>\n<li><strong><u>Campagne d\u2019emailing<\/u><\/strong> (lettre d&#8217;informations) avec formulaire d\u2019abonnement pour les internautes souhaitant y adh\u00e9rer sur la page contact.<\/li>\n<\/ul>\n<p>La pr\u00e9sente politique de confidentialit\u00e9 a vocation \u00e0 fournir aux lecteurs du site une information synth\u00e9tique et globale sur les traitements de donn\u00e9es \u00e0 caract\u00e8re personnel op\u00e9r\u00e9s par la galerie d&#8217;art. En acc\u00e9dant \u00e0 notre site Web et en utilisant nos services, vous reconnaissez avoir lu et compris la pr\u00e9sente Politique de confidentialit\u00e9, ainsi que les pratiques de recueil et de traitement des informations d\u00e9crites dans ce document.<\/p>\n<p>Ce document a \u00e9t\u00e9 mis \u00e0 jour pour la derni\u00e8re fois le <strong>06\/08\/2019<\/strong>. La SAS Galerie Robet-Dantec se r\u00e9serve le droit de faire \u00e9voluer la pr\u00e9sente Politique de confidentialit\u00e9 afin de se conformer aux modifications des lois et r\u00e9glementations en vigueur.\u00a0 Veuillez donc le consulter r\u00e9guli\u00e8rement afin de rester inform\u00e9(e).<\/p>\n<p>&nbsp;<\/p>\n<h2>D\u00e9finitions<\/h2>\n<p>La SAS Galerie Robet-Dantec accorde une importance particuli\u00e8re au respect de la vie priv\u00e9e des Utilisateurs et de la confidentialit\u00e9 de leurs donn\u00e9es personnelles, et s\u2019engage ainsi \u00e0 traiter les donn\u00e9es dans le respect des lois et r\u00e9glementations applicables, et notamment la <strong>Loi n\u00b0 78-17 du 6 janvier 1978<\/strong> relative \u00e0 l\u2019informatique, aux fichiers et aux libert\u00e9s (la \u201cLoi Informatique et Libert\u00e9\u201d), et le <strong>R\u00e8glement (UE) 2016\/679 du Parlement europ\u00e9en et du Conseil du 27 avril 2016<\/strong> relatif \u00e0 la protection des personnes physiques \u00e0 l\u2019\u00e9gard du traitement des donn\u00e9es \u00e0 caract\u00e8re personnel et \u00e0 la libre circulation de ces donn\u00e9es (le \u201c<strong>RGPD<\/strong>\u201d).<\/p>\n<ul>\n<li><strong><u>Donn\u00e9e \u00e0 caract\u00e8re personnel <\/u><\/strong>:\u00a0constitue une donn\u00e9e \u00e0 caract\u00e8re personnel toute information relative \u00e0 une personne physique identifi\u00e9e ou identifiable, c\u2019est-\u00e0-dire qui peut \u00eatre identifi\u00e9e, directement ou indirectement, par r\u00e9f\u00e9rence \u00e0 un num\u00e9ro d\u2019identification ou \u00e0 un ou plusieurs \u00e9l\u00e9ments qui lui sont propres.<\/li>\n<li><strong><u>Traitement de donn\u00e9es \u00e0 caract\u00e8re personnel <\/u><\/strong>:\u00a0constitue un traitement de donn\u00e9es \u00e0 caract\u00e8re personnel toute op\u00e9ration portant sur de telles donn\u00e9es, quel que soit le proc\u00e9d\u00e9 utilis\u00e9, et notamment la collecte, l\u2019enregistrement, l\u2019organisation, la conservation, l\u2019adaptation ou la modification, l\u2019extraction, la consultation, l\u2019utilisation, la communication par transmission, diffusion ou toute autre forme de mise \u00e0 disposition, le rapprochement ou l\u2019interconnexion, ainsi que le verrouillage, l\u2019effacement ou la destruction.<\/li>\n<li><strong><u>Cookie<\/u><\/strong> :\u00a0un cookie est une information d\u00e9pos\u00e9e sur le disque dur d\u2019un internaute par le serveur du site qu\u2019il visite. Il contient plusieurs donn\u00e9es : le nom du serveur qui l\u2019a d\u00e9pos\u00e9, un identifiant sous forme de num\u00e9ro unique, \u00e9ventuellement une date d\u2019expiration. Ces informations sont parfois stock\u00e9es sur l\u2019ordinateur dans un simple fichier texte auquel un serveur acc\u00e8de pour lire et enregistrer des informations.<\/li>\n<\/ul>\n<p>&nbsp;<\/p>\n<h2>Responsable du traitement des donn\u00e9es<\/h2>\n<p><strong>SAS Galerie Robet-Dantec<\/strong><br \/>\nRepr\u00e9sent\u00e9(e) par :\u00a0<strong>Catherine Robet<\/strong><br \/>\nAdresse : 5 Place de la Grande Fontaine 90000 BELFORT<br \/>\nT\u00e9l. :\u00a0<strong>+33 (0)3 84 21 48 91<\/strong><br \/>\nE-mail :\u00a0<span style=\"color: #e3afa7;\"><strong><a style=\"color: #e3afa7;\" href=\"mailto:contact@galerierobetdantec.com\">contact@galerierobetdantec.com<\/a><\/strong><\/span><br \/>\nSiret : <strong>851 076 703 00012<\/strong><br \/>\nCapital : 5000 euros<\/p>\n<p>&nbsp;<\/p>\n<h2>Recueil des informations collect\u00e9es<\/h2>\n<p>La SAS Galerie Robet-Dantec recueille des informations vous concernant dans les deux cas de figure suivants :<\/p>\n<p><b><u>Prise de contact volontaire via le formulaire <\/u><\/b>:<\/p>\n<p>La SAS Galerie Robet-Dantec propose \u00e0 ces internautes, via l\u2019interm\u00e9diaire d\u2019un formulaire de contact s\u00e9curis\u00e9, de prendre contact avec la Directrice. <strong>Ladite prise de contact n\u2019est pas obligatoire pour la bonne consultation du site web, un num\u00e9ro de t\u00e9l\u00e9phone est indiqu\u00e9<\/strong>. L&#8217;internaute a alors la possibilit\u00e9 de cocher une case autorisant la SAS Galerie Robet-Dantec\u00a0a utilis\u00e9 l&#8217;email de l&#8217;internaute pour lui envoyer des <strong>courriels informatifs<\/strong> sur l&#8217;actualit\u00e9 de la galerie. Cette case \u00e0 cocher respecte l\u2019acquisition en<strong> OPT-IN simple (non pr\u00e9-coch\u00e9e)<\/strong>. La personne peut demander \u00e0 tout moment de ne plus recevoir ces courriels informatifs par simple demande.<\/p>\n<p>&nbsp;<\/p>\n<h2>Utilisation de vos donn\u00e9es personnelles<\/h2>\n<p>Vos donn\u00e9es personnelles (nom, pr\u00e9nom, adresse mail) seront utilis\u00e9es pour vous envoyer de mani\u00e8re non r\u00e9guli\u00e8re (mensuelle la plupart du temps) <strong><u>une newsletter d\u2019information<\/u><\/strong> contenant les derniers actualit\u00e9s de la galerie, les dates des prochains vernissages, des informations sur les artistes promus, les \u0153uvres disponibles \u00e0 la vente, etc.<\/p>\n<p>&nbsp;<\/p>\n<h2>Tiers avec lesquels nous partageons vos donn\u00e9es personnelles<\/h2>\n<p>\u00c0 aucun moment vos informations ne sont ni diffus\u00e9es, ni vendus \u00e0 des fins commerciales. Les donn\u00e9es \u00e0 caract\u00e8re personnel collect\u00e9es sont destin\u00e9es aux services commercial et webmarketing de la SAS Galerie Robet-Dantec. Elles sont sauvegard\u00e9es sur un disque dur s\u00e9curis\u00e9 prot\u00e9g\u00e9 par un mot de passe.<\/p>\n<p>&nbsp;<\/p>\n<h2>Dur\u00e9e de conservation de vos donn\u00e9es<\/h2>\n<p><strong><u>Illimit\u00e9<\/u><\/strong>, ou plus pr\u00e9cis\u00e9ment nous conserverons vos donn\u00e9es tant que la SAS Galerie Robet-Dantec diffusera ses courriels informatifs. En cas de suppression de la newsletter, vos informations seront d\u00e9finitivement supprim\u00e9es.<\/p>\n<p>Vous pouvez \u00e0 tout moment faire appel \u00e0 votre <strong><u>droit \u00e0 l\u2019oubli<\/u><\/strong> ou \u00e0 votre <strong><u>droit d\u2019opposition<\/u><\/strong> (voir paragraphe suivant).<\/p>\n<p>&nbsp;<\/p>\n<h2>Vos droits en tant qu\u2019adh\u00e9rent \u00e0 notre newsletter<\/h2>\n<p>En tant qu\u2019adh\u00e9rent \u00e0 la campagne d\u2019emailing de la SAS Galerie Robet-Dantec, vous avez des droits en termes de protection et d\u2019acc\u00e8s \u00e0 vos donn\u00e9es personnelles.<\/p>\n<ul>\n<li><strong><u>Droit de rectification<\/u><\/strong>: vous pouvez nous contacter \u00e0 tout moment pour modifier les donn\u00e9es vous concernant. Vos informations seront modifi\u00e9es dans un d\u00e9lai de 48h maximum.<\/li>\n<li><strong><u>Droit \u00e0 l\u2019oubli<\/u><\/strong>: sur votre demande, nous nous engageons \u00e0 effacer d\u00e9finitivement toutes donn\u00e9es vous concernant dans un d\u00e9lai de 30 jours.<\/li>\n<li><strong><u>Droit \u00e0 la portabilit\u00e9<\/u><\/strong>: si vous nous le demandez, nous nous engageons \u00e0 exporter toutes vos donn\u00e9es et \u00e0 vous les transf\u00e9rer sous un format s\u00e9curis\u00e9 (prot\u00e9g\u00e9 par le mot de passe de votre choix).<\/li>\n<li><strong><u>Droit d\u2019opposition<\/u><\/strong>: vous pouvez \u00e0 tout moment vous d\u00e9sinscrire de notre newsletter. Le lien se trouve en bas de l\u2019email. L\u2019action est imm\u00e9diate mais demande une confirmation de votre part. Vous pouvez vous r\u00e9inscrire \u00e0 tout moment \u00e9galement.<\/li>\n<li><strong><u>Droit d\u2019acc\u00e8s<\/u><\/strong>: nous sommes transparents sur les donn\u00e9es que nous collectons et l\u2019usage que nous en faisons.<\/li>\n<\/ul>\n<p>&nbsp;<\/p>\n<h2>Cookies<\/h2>\n<p>Le site utilise des cookies qui ont pour finalit\u00e9 de faciliter la navigation sur le site, de mesurer l\u2019audience du site ou encore de permettre le partage de pages du site.<\/p>\n<p>&nbsp;<\/p>\n<h2>Type de cookies r\u00e9colt\u00e9s<\/h2>\n<ul>\n<li><strong><u>Les cookies analytiques<\/u><\/strong>: Ces cookies permettent de conna\u00eetre l\u2019utilisation et les performances du site et d\u2019en am\u00e9liorer le fonctionnement en proc\u00e9dant \u00e0 des analyses de fr\u00e9quentation des pages d\u2019information, en effectuant un suivi des taux d\u2019ouverture, des taux de clics et des taux de rebond au niveau individuel.<\/li>\n<li><strong><u>Les cookies de boutons de partage<\/u><\/strong>: Ces cookies sociaux permettent aux utilisateurs de partager des pages et du contenu sur les r\u00e9seaux sociaux tiers via les boutons sociaux de partage.<\/li>\n<\/ul>\n<p>&nbsp;<\/p>\n<h2>Gestion des cookies<\/h2>\n<p>Les internautes ont la possibilit\u00e9 d\u2019accepter ou de refuser les cookies sur le site ou de les refuser une fois pour toutes en param\u00e9trant leur navigateur. Si l\u2019internaute choisit de refuser l\u2019ensemble des cookies, la navigation acc\u00e9dant \u00e0 certaines pages du site <strong><u>ne sera pas r\u00e9duite<\/u><\/strong>.<\/p>\n<p><strong><u>Ma\u00eetriser les cookies de son navigateur<\/u><\/strong> (site de la CNIL)\u00a0: <span style=\"color: #e3afa7;\"><a style=\"color: #e3afa7;\" href=\"https:\/\/www.cnil.fr\/fr\/cookies-les-outils-pour-les-maitriser\">https:\/\/www.cnil.fr\/fr\/cookies-les-outils-pour-les-maitriser<\/a><\/span><\/p>\n<p>&nbsp;<\/p>\n<h2>Moyens mis \u00e0 disposition pour nous contacter<\/h2>\n<p><strong>SAS Galerie Robet-Dantec<\/strong><br \/>\nRepr\u00e9sent\u00e9(e) par :\u00a0<strong>Catherine Robet<\/strong><br \/>\nAdresse : 5 Place de la Grande Fontaine 90000 BELFORT<br \/>\nT\u00e9l. :\u00a0<strong>+33 (0)3 84 21 48 91<\/strong><br \/>\nE-mail :\u00a0<span style=\"color: #e3afa7;\"><strong><a style=\"color: #e3afa7;\" href=\"mailto:contact@galerierobetdantec.com\">contact@galerierobetdantec.com<\/a><\/strong><\/span><br \/>\nSiret : <strong>851 076 703 00012<\/strong><br \/>\nCapital : 5000 euros[\/vc_column_text][\/vc_column][\/vc_row]<\/p>\n","protected":false},"excerpt":{"rendered":"<p>[vc_row][vc_column][vc_custom_heading text=&#8221;Politique de Confidentialit\u00e9 &#8211; RGPD&#8221; font_container=&#8221;tag:h1|text_align:center&#8221; use_theme_fonts=&#8221;yes&#8221;][\/vc_column][\/vc_row][vc_row][vc_column][vc_column_text]Dans le cadre de son activit\u00e9 de galerie d&#8217;art, la SAS Galerie Robet-Dantec, repr\u00e9sent\u00e9e par Catherine Robet, est amen\u00e9e \u00e0 collecter et traiter les donn\u00e9es personnelles de ses visiteurs. Les activit\u00e9s pour lesquelles la soci\u00e9t\u00e9 est amen\u00e9 \u00e0 traiter des donn\u00e9es sensibles sont les suivantes : Campagne d\u2019emailing [&hellip;]<\/p>\n","protected":false},"author":1,"featured_media":0,"parent":0,"menu_order":11,"comment_status":"closed","ping_status":"closed","template":"","meta":[],"_links":{"self":[{"href":"https:\/\/galerierobetdantec.com\/en\/wp-json\/wp\/v2\/pages\/3"}],"collection":[{"href":"https:\/\/galerierobetdantec.com\/en\/wp-json\/wp\/v2\/pages"}],"about":[{"href":"https:\/\/galerierobetdantec.com\/en\/wp-json\/wp\/v2\/types\/page"}],"author":[{"embeddable":true,"href":"https:\/\/galerierobetdantec.com\/en\/wp-json\/wp\/v2\/users\/1"}],"replies":[{"embeddable":true,"href":"https:\/\/galerierobetdantec.com\/en\/wp-json\/wp\/v2\/comments?post=3"}],"version-history":[{"count":0,"href":"https:\/\/galerierobetdantec.com\/en\/wp-json\/wp\/v2\/pages\/3\/revisions"}],"wp:attachment":[{"href":"https:\/\/galerierobetdantec.com\/en\/wp-json\/wp\/v2\/media?parent=3"}],"curies":[{"name":"wp","href":"https:\/\/api.w.org\/{rel}","templated":true}]}}