{"id":299,"date":"2019-07-11T11:15:24","date_gmt":"2019-07-11T09:15:24","guid":{"rendered":"http:\/\/galerierobetdantec.com\/?page_id=299"},"modified":"2019-08-06T17:08:29","modified_gmt":"2019-08-06T15:08:29","slug":"mentions-legales","status":"publish","type":"page","link":"https:\/\/galerierobetdantec.com\/en\/mentions-legales\/","title":{"rendered":"Mentions l\u00e9gales"},"content":{"rendered":"<p>[vc_row][vc_column][vc_custom_heading source=&#8221;post_title&#8221; font_container=&#8221;tag:h1|text_align:center&#8221; use_theme_fonts=&#8221;yes&#8221;][\/vc_column][\/vc_row][vc_row][vc_column][vc_column_text]Cette page d\u00e9crit les mentions l\u00e9gales qui s&#8217;appliquent \u00e0 tout internaute visitant ce site. En le consultant vous vous engagez sans r\u00e9serve \u00e0 les respecter. Les mentions l\u00e9gales pouvant \u00eatre modifi\u00e9es \u00e0 tout moment et sans pr\u00e9avis, nous vous engageons \u00e0 les consulter r\u00e9guli\u00e8rement.[\/vc_column_text][vc_empty_space height=&#8221;20px&#8221;][\/vc_column][\/vc_row][vc_row][vc_column][vc_custom_heading text=&#8221;Responsable \u00e9ditorial et responsable l\u00e9gal&#8221; font_container=&#8221;tag:h2|font_size:22|text_align:left&#8221; use_theme_fonts=&#8221;yes&#8221;][vc_column_text]<strong>SAS Galerie Robet-Dantec<\/strong><br \/>\nRepr\u00e9sent\u00e9(e) par : <strong>Catherine Robet<\/strong><br \/>\nAdresse : 5 Place de la Grande Fontaine 90000 BELFORT<br \/>\nT\u00e9l. : <strong>+33 (0)3 84 21 48 91<\/strong><br \/>\nE-mail : <span style=\"color: #e3afa7;\"><strong><a style=\"color: #e3afa7;\" href=\"mailto:contact@galerierobetdantec.com\">contact@galerierobetdantec.com<\/a><\/strong><\/span><br \/>\nSiret : <strong>851 076 703 00012<\/strong><br \/>\nCapital Social : 5000 euros[\/vc_column_text][vc_empty_space height=&#8221;20px&#8221;][\/vc_column][\/vc_row][vc_row][vc_column][vc_custom_heading text=&#8221;\u00c9diteur et d\u00e9veloppeur du site&#8221; font_container=&#8221;tag:h2|font_size:22|text_align:left&#8221; use_theme_fonts=&#8221;yes&#8221;][vc_column_text]<strong>Auriane Web Communication<\/strong><br \/>\nRepr\u00e9sent\u00e9(e) par : <strong>Auriane STEINER<\/strong><br \/>\nAdresse : 14 rue d&#8217;Helsinki \u2022 90000 BELFORT (France)<br \/>\nT\u00e9l : <strong>+33 (0)6 87 04 47 90<\/strong><br \/>\nE-mail : <span style=\"color: #e3afa7;\"><a style=\"color: #e3afa7;\" href=\"mailto:aurianesteiner@gmail.com\">aurianesteiner@gmail.com<\/a><\/span><br \/>\nSite web : <span style=\"color: #e3afa7;\"><a style=\"color: #e3afa7;\" href=\"http:\/\/auriane-webcommunication.com\/\">auriane-webcommunication.com<\/a><\/span><br \/>\nSiret : <strong>514 291 384 00014<\/strong>[\/vc_column_text][vc_empty_space height=&#8221;20px&#8221;][\/vc_column][\/vc_row][vc_row][vc_column][vc_custom_heading text=&#8221;H\u00e9bergeur&#8221; font_container=&#8221;tag:h2|font_size:22|text_align:left&#8221; use_theme_fonts=&#8221;yes&#8221;][vc_column_text]<strong>OVH SAS<\/strong><br \/>\nSi\u00e8ge social : 2, rue Kellermann \u2022 59100 Roubaix (France)<br \/>\nCapital social : 10 000 000 \u20ac<br \/>\nCode APE : 6202A<br \/>\nImmatricul\u00e9 sous le num\u00e9ro : RCS Roubaix &#8211; Tourcoing 424 761 419 00045<br \/>\nN\u00b0 TVA : FR 22 424 761 419<br \/>\nDirecteur de la publication : Octave KLAB[\/vc_column_text][vc_empty_space height=&#8221;20px&#8221;][\/vc_column][\/vc_row][vc_row][vc_column][vc_custom_heading text=&#8221;Graphisme, photos et illustrations&#8221; font_container=&#8221;tag:h2|font_size:22|text_align:left&#8221; use_theme_fonts=&#8221;yes&#8221;][vc_column_text]La charte graphique (logo, couleurs et typographies) a \u00e9t\u00e9 con\u00e7ue par <span style=\"color: #e3afa7;\"><strong><a style=\"color: #e3afa7;\" href=\"http:\/\/julijo.ultra-book.com\/\">Julie Seigeot<\/a><\/strong><\/span> , le webdesign a \u00e9t\u00e9 r\u00e9alis\u00e9 par <span style=\"color: #e3afa7;\"><strong><a style=\"color: #e3afa7;\" href=\"http:\/\/auriane-webcommunication.com\/\">Auriane Steiner<\/a><\/strong><\/span>. <strong>Les photos des \u0153uvres et des artistes sont la pleine propri\u00e9t\u00e9 de la Galerie Robet-Dantec<\/strong>. Ces derni\u00e8res ne doivent pas \u00eatre t\u00e9l\u00e9charg\u00e9es et\/ou utilis\u00e9es sans l&#8217;autorisation pr\u00e9alable de la Directrice Catherine Robet.[\/vc_column_text][vc_empty_space height=&#8221;20px&#8221;][\/vc_column][\/vc_row][vc_row][vc_column][vc_custom_heading text=&#8221;Conditions d&#8217;utilisation&#8221; font_container=&#8221;tag:h2|font_size:22|text_align:left&#8221; use_theme_fonts=&#8221;yes&#8221;][vc_column_text]Conform\u00e9ment \u00e0 la loi <strong>Informatique et Libert\u00e9s du 6 janvier 1978<\/strong>, vous disposez d&#8217;un droit d&#8217;acc\u00e8s et de rectification aux donn\u00e9es vous concernant par simple demande mail, \u00e9crite ou t\u00e9l\u00e9phonique. <strong>L&#8217;entreprise Auriane Web Communication ne peut \u00eatre tenu responsable du contenu du site<\/strong>. Ce site est exploit\u00e9 par <strong>la SAS Galerie Robet-Dantec<\/strong>. La pr\u00e9sentation et chacun des \u00e9l\u00e9ments, y compris les marques, logos et noms de domaine, apparaissant sur le site <span style=\"color: #e3afa7;\"><strong><a style=\"color: #e3afa7;\" href=\"http:\/\/galerierobetdantec.com\">http:\/\/galerierobetdantec.com<\/a><\/strong><\/span> sont prot\u00e9g\u00e9s par les lois en vigueur sur la propri\u00e9t\u00e9 intellectuelle, et appartiennent \u00e0 <strong>la SAS Galerie Robet-Dantec<\/strong>, ou font l&#8217;objet d&#8217;une autorisation d&#8217;utilisation. Aucun \u00e9l\u00e9ment composant le Site ne peut \u00eatre copi\u00e9, reproduit, modifi\u00e9, r\u00e9\u00e9dit\u00e9, charg\u00e9, d\u00e9natur\u00e9, transmis ou distribu\u00e9 de quelque mani\u00e8re que ce soit, sous quelque support que ce soit, de fa\u00e7on partielle ou int\u00e9grale, sans l&#8217;autorisation \u00e9crite et pr\u00e9alable de <strong>la SAS Galerie Robet-Dantec<\/strong> \u00e0 l&#8217;exception d&#8217;une stricte utilisation pour les besoins de la presse et sous r\u00e9serve du respect des droits de propri\u00e9t\u00e9 intellectuelle et de tout autre droit de propri\u00e9t\u00e9 dont il est fait mention. Toute utilisation autoris\u00e9e des \u00e9l\u00e9ments composant ou figurant dans le site doit se faire sans d\u00e9naturation, modification ou alt\u00e9ration de quelque mani\u00e8re que ce soit. <strong>La SAS Galerie Robet-Dantec<\/strong>\u00a0se r\u00e9serve le droit de poursuivre tout acte de contrefa\u00e7on de ses droits de propri\u00e9t\u00e9 intellectuelle. Le pr\u00e9sent Contrat est soumis au droit Fran\u00e7ais. Le pr\u00e9sent Contrat s&#8217;applique dans le monde entier, et seule sa version en langue fran\u00e7aise fait foi en vu de son interpr\u00e9tation.[\/vc_column_text][vc_empty_space height=&#8221;20px&#8221;][\/vc_column][\/vc_row]<\/p>\n","protected":false},"excerpt":{"rendered":"<p>[vc_row][vc_column][vc_custom_heading source=&#8221;post_title&#8221; font_container=&#8221;tag:h1|text_align:center&#8221; use_theme_fonts=&#8221;yes&#8221;][\/vc_column][\/vc_row][vc_row][vc_column][vc_column_text]Cette page d\u00e9crit les mentions l\u00e9gales qui s&#8217;appliquent \u00e0 tout internaute visitant ce site. En le consultant vous vous engagez sans r\u00e9serve \u00e0 les respecter. Les mentions l\u00e9gales pouvant \u00eatre modifi\u00e9es \u00e0 tout moment et sans pr\u00e9avis, nous vous engageons \u00e0 les consulter r\u00e9guli\u00e8rement.[\/vc_column_text][vc_empty_space height=&#8221;20px&#8221;][\/vc_column][\/vc_row][vc_row][vc_column][vc_custom_heading text=&#8221;Responsable \u00e9ditorial et responsable l\u00e9gal&#8221; font_container=&#8221;tag:h2|font_size:22|text_align:left&#8221; use_theme_fonts=&#8221;yes&#8221;][vc_column_text]SAS [&hellip;]<\/p>\n","protected":false},"author":1,"featured_media":0,"parent":0,"menu_order":10,"comment_status":"closed","ping_status":"closed","template":"","meta":[],"_links":{"self":[{"href":"https:\/\/galerierobetdantec.com\/en\/wp-json\/wp\/v2\/pages\/299"}],"collection":[{"href":"https:\/\/galerierobetdantec.com\/en\/wp-json\/wp\/v2\/pages"}],"about":[{"href":"https:\/\/galerierobetdantec.com\/en\/wp-json\/wp\/v2\/types\/page"}],"author":[{"embeddable":true,"href":"https:\/\/galerierobetdantec.com\/en\/wp-json\/wp\/v2\/users\/1"}],"replies":[{"embeddable":true,"href":"https:\/\/galerierobetdantec.com\/en\/wp-json\/wp\/v2\/comments?post=299"}],"version-history":[{"count":0,"href":"https:\/\/galerierobetdantec.com\/en\/wp-json\/wp\/v2\/pages\/299\/revisions"}],"wp:attachment":[{"href":"https:\/\/galerierobetdantec.com\/en\/wp-json\/wp\/v2\/media?parent=299"}],"curies":[{"name":"wp","href":"https:\/\/api.w.org\/{rel}","templated":true}]}}