{"id":2969,"date":"2022-02-02T00:25:10","date_gmt":"2022-02-01T23:25:10","guid":{"rendered":"https:\/\/galerierobetdantec.com\/artists\/yann-bagot\/"},"modified":"2024-12-21T19:22:58","modified_gmt":"2024-12-21T18:22:58","slug":"yann-bagot","status":"publish","type":"page","link":"https:\/\/galerierobetdantec.com\/en\/artistes\/yann-bagot\/","title":{"rendered":"yann bagot"},"content":{"rendered":"<p>[vc_row][vc_column width=&#8221;1\/2&#8243;][vc_single_image image=&#8221;2771&#8243; img_size=&#8221;full&#8221; alignment=&#8221;center&#8221; onclick=&#8221;zoom&#8221; css_animation=&#8221;zoomIn&#8221;][vc_empty_space][vc_custom_heading source=&#8221;post_title&#8221; use_theme_fonts=&#8221;yes&#8221;][vc_column_text]Yann Bagot est n\u00e9 en 1983. Il vit dans la r\u00e9gion de Fontainebleau et travaille \u00e0 Montreuil.<\/p>\n<p>Il est dipl\u00f4m\u00e9 de l&#8217;Ecole nationale sup\u00e9rieure des Arts D\u00e9coratifs de Paris (EnsAD) en 2008<br \/>\nMembre de l&#8217;ADAGP<span class=\"Apple-converted-space\">\u00a0<\/span><\/p>\n<p><iframe loading=\"lazy\" title=\"\u00c0 m\u00eame la terre - Yann Bagot\" width=\"1250\" height=\"703\" src=\"https:\/\/www.youtube.com\/embed\/k3tluJII31M?feature=oembed\" frameborder=\"0\" allow=\"accelerometer; autoplay; clipboard-write; encrypted-media; gyroscope; picture-in-picture; web-share\" referrerpolicy=\"strict-origin-when-cross-origin\" allowfullscreen><\/iframe>[\/vc_column_text][\/vc_column][vc_column width=&#8221;1\/2&#8243; css=&#8221;.vc_custom_1562103889852{border-left-width: 1px !important;border-left-color: #e3afa7 !important;border-left-style: solid !important;}&#8221;][vc_column_text css=&#8221;.vc_custom_1726317875126{padding-left: 30px !important;}&#8221;]<\/p>\n<p class=\"p1\"><span class=\"s1\">Yann Bagot<\/span> d\u00e9veloppe un travail de dessin autour de la question de la pr\u00e9gnance du paysage et de ses \u00e9l\u00e9ments constitutifs naturels que sont le min\u00e9ral et le v\u00e9g\u00e9tal.<span class=\"Apple-converted-space\">\u00a0<\/span><\/p>\n<p class=\"p1\">R\u00e9guli\u00e8rement invit\u00e9 en r\u00e9sidence artistique (Fondation Fran\u00e7ois Schneider en 2018, Abri M\u00e9moire de Uffoltz en 2020, S\u00e9maphore de la Pointe du Grouin \u00e0 Cancale en 2021, Abbaye de La Cambre avec la Fondation Sud-africaine pour l\u2019art contemporain en 2022, Fondation Tara Oc\u00e9an en 2023, Villa Saint-Louis N\u2019Dar &#8211; Institut fran\u00e7ais du S\u00e9n\u00e9gal en 2024), Yann Bagot travaille dehors, sur le motif, o\u00f9 l\u2019instabilit\u00e9 des \u00e9l\u00e9ments l\u2019oblige \u00e0 faire corps avec le paysage.<\/p>\n<p class=\"p1\">En 2023, il re\u00e7oit la mention du Jury du Prix de dessin Pierre David Weill, de l\u2019Acad\u00e9mie des Beaux-Arts de Paris.<span class=\"Apple-converted-space\">\u00a0<\/span><\/p>\n<p class=\"p4\">Il collabore parall\u00e8lement<span class=\"Apple-converted-space\">\u00a0 <\/span>au collectif \u00ab\u00a0Ensaders\u00a0\u00bb avec qui il r\u00e9alise notamment des performances de dessin improvis\u00e9 \u00e0 plusieurs mains \u00e0 l\u2019occasion de concerts de jazz ou de musique contemporaine.<\/p>\n<p class=\"p1\">Ses \u0153uvres sont pr\u00e9sentes dans plusieurs collections publiques et priv\u00e9es.<span class=\"Apple-converted-space\">\u00a0<\/span><\/p>\n<p>[\/vc_column_text][\/vc_column][\/vc_row][vc_row bg_type=&#8221;bg_color&#8221; bg_color_value=&#8221;#f2f2f2&#8243; css=&#8221;.vc_custom_1563722577019{padding-top: 30px !important;}&#8221;][vc_column][vc_column_text]<\/p>\n<h2 style=\"text-align: center;\">oeuvres disponibles<\/h2>\n<p>[\/vc_column_text][vc_empty_space][vc_basic_grid post_type=&#8221;royal_portfolio&#8221; max_items=&#8221;-1&#8243; item=&#8221;masonryGrid_SlideFromLeft&#8221; grid_id=&#8221;vc_gid:1734805144944-47aa9078cba97b8c38b23e178b382f1f-3&#8243; taxonomies=&#8221;98&#8243;][vc_empty_space height=&#8221;40px&#8221;][\/vc_column][\/vc_row][vc_row][vc_column][vc_empty_space height=&#8221;40px&#8221;][\/vc_column][\/vc_row][vc_row][vc_column][vc_tta_tabs style=&#8221;modern&#8221; shape=&#8221;square&#8221; spacing=&#8221;5&#8243; active_section=&#8221;1&#8243;][vc_tta_section title=&#8221;expositions personnelles&#8221; tab_id=&#8221;1559740892983-68397675-89f3&#8243;][vc_column_text]<strong>2023<\/strong><br \/>\nLa mer, cet autre &#8211; Galerie Robet Dantec, Nantes<\/p>\n<p><strong>2022<br \/>\n<\/strong>L&#8217;heure intime du monde, Galerie Robet Dantec, Belfort<\/p>\n<p><strong>2021<\/strong><br \/>\nDDESSIN PARIS {21} Coup de coeur d&#8217;Eve de Medeiros<\/p>\n<p><strong>2020<\/strong><br \/>\nAbri-m\u00e9moire d&#8217;Uffholtz \/ Le Souffle du sol<\/p>\n<p><strong>2019<\/strong><br \/>\nEspace L\u00e9zarts, Colmar \/ Les for\u00eats magn\u00e9tiques<br \/>\nGalerie Octave Cowbell, Metz \/ A l&#8217;\u00e9coute des sources<br \/>\nS\u00e9maphore de la Pointe du Grouin, Cancale \/ O\u00f9 le regard s&#8217;arr\u00eate<\/p>\n<p><strong>2017<\/strong><br \/>\nAtelier du Plateau, Paris \/ Paysages sal\u00e9s<br \/>\nAtelier B &#8211; Usine Chapal, Montreuil \/ Au del\u00e0 de l&#8217;Euphrate bleu<br \/>\nSerendippo, Bologna \/ Onirismo<\/p>\n<p><strong>2016<\/strong><br \/>\nHarmoniques, Paris \/ La nuit veut que cette nuit tu oublies ton nom<br \/>\nVingt Vins d&#8217;Art, Paris \/ Surgissements<\/p>\n<p><strong>2015<\/strong><br \/>\nWe Gallery, Shenzhen, China \/ Le rideau de l&#8217;invisble, Solo Show<\/p>\n<p><strong>2013<\/strong><br \/>\nVingt Vins d&#8217;Art, Paris \/ Evasions<strong>2012<\/strong> Less Is More Projects, Paris \/ Studiolo #4 : Chaos #4[\/vc_column_text][\/vc_tta_section][vc_tta_section title=&#8221;expositions collectives&#8221; tab_id=&#8221;1566508529710-738885ec-a711&#8243;][vc_column_text]<strong>2024<br \/>\n<\/strong>La Grande Exp\u00e9dition, Tara, l&#8217;art et la science pour r\u00e9v\u00e9ler l&#8217;oc\u00e9an &#8211; Le 104, Paris<b><br \/>\n<\/b>ST-ART, Galerie Robet Dantec, Strasbourg<br \/>\nLuxembourg Art Week, Galerie Robet Dantec, Luxembourg<br \/>\nL&#8217;empreinte des lieux, Galerie Robet Dantec, Nantes<br \/>\nL\u2019ART A LA SOURCE<b>, <\/b>Autour d\u2019Elizabeth et de G\u00e9rard Garouste &#8211; Villa des Roches brunes, Dinard<br \/>\nDDESSIN PARIS, Galerie Robet Dantec, Paris<br \/>\nJ EUX &#8211; Galerie Lidwine Rupp<br \/>\nBienvenue \u00e0 Saint-Briac, Galerie Robet Dantec, Saint-Briac sur mer<br \/>\nLa temp\u00eate des \u00e9chos, Galerie Octave Cowbell, Metz<br \/>\nL&#8217;or\u00e9e, Belgian Gallery, Bruxelles<\/p>\n<p><strong>2023<\/strong><br \/>\nDDESSIN PARIS, Galerie Robet Dantec, Paris<br \/>\nEXPOSITION PRIX DE DESSIN DAVID WEILL, Acad\u00e9mie des Beaux-Arts<\/p>\n<p><span class=\"Apple-converted-space\"><strong>2022<br \/>\n<\/strong><\/span>Luxembourg Art Week, Galerie Robet Dantec, Luxembourg<span class=\"Apple-converted-space\"><br \/>\n<\/span>Art on Paper, Galerie Robet Dantec, Bruxelles<span class=\"Apple-converted-space\"><br \/>\n<\/span>Association Florence, Espace Commines, Paris \/ <em>Quand la nature nous parle<\/em><span class=\"Apple-converted-space\"><em>\u00a0<\/em><br \/>\n<\/span>La Fab &#8211; Agn\u00e8s b., Paris \/ <em>Desseins, intentions dessin\u00e9es<\/em><span class=\"Apple-converted-space\"><em>\u00a0<\/em><br \/>\n<\/span>Librairie Yvon Lambert, Paris \/ <em>Art Protects 2022<\/em><span class=\"Apple-converted-space\"><em>\u00a0<\/em><br \/>\n<\/span><span class=\"Apple-converted-space\">DDESSIN PARIS, Galerie Robet Dantec, Le Moli\u00e8re, Paris<br \/>\nExposition du Prix de dessin Pierre-David Weill, Acad\u00e9mie des Beaux-Arts, Paris<\/span><\/p>\n<p><span class=\"Apple-converted-space\"><strong>2021<\/strong><br \/>\n<\/span><span class=\"Apple-converted-space\">Centre Tignous d&#8217;Art Contemporain, Montreuil \/ A m\u00eame la terre<br \/>\n<\/span>Galerie Bertrand Grimont, Paris \/ La petite collection<br \/>\n<span class=\"Apple-converted-space\">Galerie Sono, Paris \/ Fragments.<br \/>\n<\/span><span class=\"Apple-converted-space\">EXPOSITION PRIX DE DESSIN DAVID WEILL- ACADEMIE DES BEAUX ARTS<br \/>\n<\/span><span class=\"Apple-converted-space\">Galerie 24B Paris \/ Oneiroi<br \/>\n<\/span><span class=\"Apple-converted-space\">Artefact Project Space, Paris \/ SEMAPHORE<\/span><\/p>\n<p><span class=\"Apple-converted-space\"><strong>2019<\/strong><br \/>\nCentre d&#8217;Art Contemporain du Luxembourg Belge \/ Y cro\u00eetre<br \/>\n<\/span><span class=\"Apple-converted-space\">Moulins de Cosne-sur-Loire \/ D\u00e9TOURS AUX MOULINS<br \/>\n<\/span><span class=\"Apple-converted-space\">Salon Ddessin 2019, Paris \/ exposition vente au profit de CETASEA<br \/>\n<\/span><span class=\"Apple-converted-space\">Acad\u00e9mie des Beaux-Arts &#8211; Institut de France, Paris \/ Prix de dessin David <\/span><span class=\"Apple-converted-space\">Weill<\/span><\/p>\n<p><span class=\"Apple-converted-space\"><strong>2018<\/strong><br \/>\nCollection Peyrissac, Paris \/ Le noir est une couleur<br \/>\n<\/span><span class=\"Apple-converted-space\">FEW, Wattwiller \/ commissariat d&#8217;exposition : Sylvie de Meurville<br \/>\n<\/span><span class=\"Apple-converted-space\">Studio Feldman, Paris \/ Tu n&#8217;\u00e9tais qu&#8217;une pierre, tu es un prodige,<br \/>\ncommissariat d&#8217;exposition : Alexandra Devaux<br \/>\n<\/span><span class=\"Apple-converted-space\">Le 6b dessine son salon #2 \/ commissariat d&#8217;exposition : Licia Demuro &amp;<br \/>\nValentine Fried<br \/>\n<\/span><span class=\"Apple-converted-space\">P\u00e9niche Archim\u00e8de &#8211; Tribew, Paris \/ Laur\u00e9ats Concours eBook Tribew &#8211; La<br \/>\nMaison Des Artistes<\/span><\/p>\n<p><span class=\"Apple-converted-space\"><strong>2017<\/strong><br \/>\nParatissima Off Artissima, Turin \/ Beyond the map, commissariat<br \/>\nd&#8217;exposition : Soriana Stagnitta<br \/>\n<\/span><span class=\"Apple-converted-space\">Aquarium de Paris \/ Uchiwa, la beaut\u00e9 fragile des oc\u00e9ans<br \/>\n<\/span><span class=\"Apple-converted-space\">CP5, Paris \/ Projections, commissariat d&#8217;exposition : Pauline Lisowski<\/span><\/p>\n<p><span class=\"Apple-converted-space\"><strong>2016<\/strong><br \/>\nGalerie itin\u00e9rante S-M-M, Bruxelles \/ Showcase #1<br \/>\n<\/span><span class=\"Apple-converted-space\">Galerie 24 b, Paris \/ Mues<br \/>\n<\/span><span class=\"Apple-converted-space\">Cr\u00e9dit Municipal, Paris \/ Rel\u00e8ve<br \/>\n<\/span><span class=\"Apple-converted-space\">Chateau des Bouillants, Dammarie-l\u00e8s-Lys \/ Le dessin dans tous ses \u00e9tats<\/span><\/p>\n<p><span class=\"Apple-converted-space\"><strong>2015<\/strong><br \/>\nPiasa, Paris \/ Art is Hope<br \/>\n<\/span><span class=\"Apple-converted-space\">Maison des arts de Bagneux \/ L&#8217;enfer du d\u00e9cor<br \/>\n<\/span><span class=\"Apple-converted-space\">Galerie Sator, Paris \/ Chez Marty, collectionnite aig\u00fce<br \/>\n<\/span><span class=\"Apple-converted-space\">Territori, Paris \/ Minimenta<br \/>\n<\/span><span class=\"Apple-converted-space\">Galerie Accro Terre, Paris \/ Speos<br \/>\n<\/span><span class=\"Apple-converted-space\">Art Curial, Paris \/ Vente aux ench\u00e8re caritative<br \/>\n<\/span><span class=\"Apple-converted-space\">Atelier Keller, Paris \/ Les Sales Chimistes<br \/>\n<\/span><span class=\"Apple-converted-space\">Hotel de ville de Paris \/ The Parisianer<br \/>\n<\/span><span class=\"Apple-converted-space\">Territori, Paris \/ Voyage Int\u00e9rieur<br \/>\n<\/span><span class=\"Apple-converted-space\">Fondation Vasarely, Aix-en-Provence \/ LAPS<br \/>\n<\/span><span class=\"Apple-converted-space\">ESAD, Grenoble \/ Exposition de la collection de Gilles Balmet<\/span><\/p>\n<p><span class=\"Apple-converted-space\"><strong>2013<\/strong><br \/>\nCit\u00e9 internationale des arts, Paris \/ The Parisianer<br \/>\n<\/span><span class=\"Apple-converted-space\">Espace Kia, Paris \/ Lisi\u00e8res<br \/>\n<\/span><span class=\"Apple-converted-space\">Scriptorial d&#8217;Avranches \/ Victor Hugo et la mer<\/span><\/p>\n<p><span class=\"Apple-converted-space\"><strong>2012<\/strong><br \/>\nAcad\u00e9mie des Beaux-Arts &#8211; Institut de France, Paris \/ Prix de dessin David<br \/>\nWeill<br \/>\n<\/span><span class=\"Apple-converted-space\">Abbaye d&#8217;Auberive \/ Instinct&#8217; Art, Morceaux choisis de la collection de<br \/>\nl&#8217;Abbaye<\/span><\/p>\n<p><span class=\"Apple-converted-space\"><strong>2011<\/strong><br \/>\nLa Source, La Gu\u00e9roulde \/ Ateliers XVII<br \/>\n<\/span><span class=\"Apple-converted-space\">Mairie du Xe, Paris \/ Le peuple veut<br \/>\n<\/span><span class=\"Apple-converted-space\">Atelier Keller, Paris \/ Last Vegas<br \/>\n<\/span><span class=\"Apple-converted-space\">Spot Gallery, Paris \/ Gimmick<\/span><\/p>\n<p><span class=\"Apple-converted-space\"><strong>2010<\/strong><br \/>\nChic Art Fair, galerie PVonK, Paris<br \/>\n<\/span><span class=\"Apple-converted-space\">Galerie Artegalore, Paris \/ Leviathan \/ Dessins, pop-up<\/span>[\/vc_column_text][\/vc_tta_section][vc_tta_section title=&#8221;Collections&#8221; tab_id=&#8221;1666452183985-ed89cacd-897c&#8221;][vc_column_text]Collection Agn\u00e8s b. (2022)<br \/>\nCollection Saffca.eu (2022)<br \/>\nCollection Ville de Montreuil (2020)<br \/>\nWaldorf Astoria, Beverly Hills (2017)<br \/>\nCollection Gilles Balmet (2012)<br \/>\nCollection Jean-Claude Volot, Abbaye d&#8217;Auberive (2011)<br \/>\nPhilippe Starck &#8211; Royal Monceau, Paris (2010)<br \/>\nPhilippe Starck &#8211; Hotel Co(o)rniche, Pyla<span class=\"Apple-converted-space\">\u00a0(2010)<\/span>[\/vc_column_text][\/vc_tta_section][vc_tta_section title=&#8221;prix et r\u00e9sidences&#8221; tab_id=&#8221;1643845117063-29f2808a-fe6d&#8221;][vc_column_text]<strong>2024<br \/>\n<\/strong>VILLA NDAR, St Louis du S\u00e9n\u00e9gal, R\u00e9sidence de cr\u00e9ation en partenariat avec le salon Ddessin<\/p>\n<p><strong>2023<\/strong><br \/>\nMention au Prix de Dessin &#8211; David Weill &#8211; Acad\u00e9mie des Beaux Arts, Paris<\/p>\n<p><strong>2022<br \/>\n<\/strong>R\u00e9sidence \u00e0 SAFFCA.EU, Abbaye de La Cambre, Bruxelles (B)<br \/>\nS\u00e9lection prix de dessin David Weill, Acad\u00e9mie des Beaux Arts, Paris<\/p>\n<p><strong>2021<br \/>\n<\/strong>R\u00e9sidence au S\u00e9maphore de la Pointe du Grouin, Cancale (22)<\/p>\n<p><strong>2020<\/strong><br \/>\nR\u00e9sidence \u00e0 l&#8217;Abri-m\u00e9moire d&#8217;Uffholtz, For\u00eat du Vieil Armand (68)<\/p>\n<p><strong>2019<\/strong><br \/>\nR\u00e9sidence au S\u00e9maphore de la pointe de Grouin, Cancale, invit\u00e9 par La Source-Dinard (22)<br \/>\nS\u00e9lection prix de dessin David Weill, Acad\u00e9mie des Beaux Arts, Paris<\/p>\n<p><strong>2018<\/strong><br \/>\nR\u00e9sidence \u00e0 Wattwiller, en partenariat avec la FEW et La Fondation Fran\u00e7ois Schneider (68)<\/p>\n<p><strong>2017<\/strong><br \/>\nPrix e.book d\u2019artiste Concours Tribew-La maison des artistes 2017, cate\u0301gorie dessin<\/p>\n<p><strong>2016<\/strong><br \/>\nFinaliste \u00e0 la candidature de r\u00e9sidence Tara-Agn\u00e8s b<\/p>\n<p><strong>2012<\/strong><br \/>\nSe\u0301lection prix de dessin David Weill, Acade\u0301mie des Beaux Arts, Paris<\/p>\n<p><strong>2011<\/strong><br \/>\nR\u00e9sidence \u00e0 La Source, La Gu\u00e9roulde[\/vc_column_text][\/vc_tta_section][\/vc_tta_tabs][\/vc_column][\/vc_row]<\/p>\n","protected":false},"excerpt":{"rendered":"<p>[vc_row][vc_column width=&#8221;1\/2&#8243;][vc_single_image image=&#8221;2771&#8243; img_size=&#8221;full&#8221; alignment=&#8221;center&#8221; onclick=&#8221;zoom&#8221; css_animation=&#8221;zoomIn&#8221;][vc_empty_space][vc_custom_heading source=&#8221;post_title&#8221; use_theme_fonts=&#8221;yes&#8221;][vc_column_text]Yann Bagot est n\u00e9 en 1983. Il vit dans la r\u00e9gion de Fontainebleau et travaille \u00e0 Montreuil. Il est dipl\u00f4m\u00e9 de l&#8217;Ecole nationale sup\u00e9rieure des Arts D\u00e9coratifs de Paris (EnsAD) en 2008 Membre de l&#8217;ADAGP\u00a0 [\/vc_column_text][\/vc_column][vc_column width=&#8221;1\/2&#8243; css=&#8221;.vc_custom_1562103889852{border-left-width: 1px !important;border-left-color: #e3afa7 !important;border-left-style: solid !important;}&#8221;][vc_column_text css=&#8221;.vc_custom_1726317875126{padding-left: 30px !important;}&#8221;] [&hellip;]<\/p>\n","protected":false},"author":2,"featured_media":0,"parent":1154,"menu_order":0,"comment_status":"closed","ping_status":"closed","template":"","meta":[],"_links":{"self":[{"href":"https:\/\/galerierobetdantec.com\/en\/wp-json\/wp\/v2\/pages\/2969"}],"collection":[{"href":"https:\/\/galerierobetdantec.com\/en\/wp-json\/wp\/v2\/pages"}],"about":[{"href":"https:\/\/galerierobetdantec.com\/en\/wp-json\/wp\/v2\/types\/page"}],"author":[{"embeddable":true,"href":"https:\/\/galerierobetdantec.com\/en\/wp-json\/wp\/v2\/users\/2"}],"replies":[{"embeddable":true,"href":"https:\/\/galerierobetdantec.com\/en\/wp-json\/wp\/v2\/comments?post=2969"}],"version-history":[{"count":30,"href":"https:\/\/galerierobetdantec.com\/en\/wp-json\/wp\/v2\/pages\/2969\/revisions"}],"predecessor-version":[{"id":5007,"href":"https:\/\/galerierobetdantec.com\/en\/wp-json\/wp\/v2\/pages\/2969\/revisions\/5007"}],"up":[{"embeddable":true,"href":"https:\/\/galerierobetdantec.com\/en\/wp-json\/wp\/v2\/pages\/1154"}],"wp:attachment":[{"href":"https:\/\/galerierobetdantec.com\/en\/wp-json\/wp\/v2\/media?parent=2969"}],"curies":[{"name":"wp","href":"https:\/\/api.w.org\/{rel}","templated":true}]}}