{"id":1509,"date":"2019-07-12T13:17:56","date_gmt":"2019-07-12T11:17:56","guid":{"rendered":"https:\/\/galerierobetdantec.com\/presse\/"},"modified":"2022-12-04T10:42:42","modified_gmt":"2022-12-04T09:42:42","slug":"presse","status":"publish","type":"page","link":"https:\/\/galerierobetdantec.com\/en\/presse\/","title":{"rendered":"press book"},"content":{"rendered":"<p>[vc_row][vc_column width=&#8221;1\/3&#8243;][vc_hoverbox image=&#8221;3692&#8243; primary_title=&#8221;&#8221; primary_align=&#8221;left&#8221; primary_title_font_container=&#8221;font_size:22|color:%23ffffff&#8221; primary_title_google_fonts=&#8221;font_family:Source%20Sans%20Pro%3A200%2C200italic%2C300%2C300italic%2Cregular%2Citalic%2C600%2C600italic%2C700%2C700italic%2C900%2C900italic|font_style:700%20bold%20regular%3A700%3Anormal&#8221; hover_title=&#8221;Yann Bagot au coeur de la nature. Par Marie Maertens&#8221; shape=&#8221;square&#8221; el_width=&#8221;90&#8243; align=&#8221;left&#8221; hover_btn_title=&#8221;+&#8221; hover_btn_shape=&#8221;square&#8221; hover_btn_color=&#8221;default&#8221; use_custom_fonts_primary_title=&#8221;true&#8221; hover_add_button=&#8221;true&#8221; hover_btn_link=&#8221;url:https%3A%2F%2Fdrive.google.com%2Ffile%2Fd%2F1CDrz43nmWpuaf_PT8WtI5CZsPNZbbcT8%2Fview%3Fusp%3Dsharing|title:Article%20Connaissance%20des%20arts|target:%20_blank|&#8221;]<\/p>\n<p>[\/vc_hoverbox]<div class=\"ult-spacer spacer-69e0f1993095f\" data-id=\"69e0f1993095f\" data-height=\"30\" data-height-mobile=\"30\" data-height-tab=\"30\" data-height-tab-portrait=\"\" data-height-mobile-landscape=\"\" style=\"clear:both;display:block;\"><\/div>[vc_hoverbox image=&#8221;1490&#8243; primary_title=&#8221;Aur\u00e9lien Finance &#8211; N&#8217;ouvrez jamais une cuill\u00e8re \u00e0 caf\u00e9 avec un cutter&#8221; primary_align=&#8221;left&#8221; primary_title_font_container=&#8221;font_size:22|color:%23ffffff&#8221; primary_title_google_fonts=&#8221;font_family:Source%20Sans%20Pro%3A200%2C200italic%2C300%2C300italic%2Cregular%2Citalic%2C600%2C600italic%2C700%2C700italic%2C900%2C900italic|font_style:700%20bold%20regular%3A700%3Anormal&#8221; hover_title=&#8221;L&#8217;Est R\u00e9publicain &#8211; 1er F\u00e9vrier 2021&#8243; shape=&#8221;square&#8221; hover_btn_title=&#8221;+&#8221; hover_btn_shape=&#8221;square&#8221; hover_btn_color=&#8221;default&#8221; use_custom_fonts_primary_title=&#8221;true&#8221; hover_add_button=&#8221;true&#8221; hover_btn_link=&#8221;url:https%3A%2F%2Fgalerierobetdantec.com%2Fwp-content%2Fuploads%2F2021%2F03%2F20210312_135753-copie.jpg|title:Article%20L&#8217;Est%20R%C3%A9publicain%20octobre%202020|target:%20_blank|&#8221;]<\/p>\n<p>[\/vc_hoverbox]<div class=\"ult-spacer spacer-69e0f1993099c\" data-id=\"69e0f1993099c\" data-height=\"30\" data-height-mobile=\"30\" data-height-tab=\"30\" data-height-tab-portrait=\"\" data-height-mobile-landscape=\"\" style=\"clear:both;display:block;\"><\/div>[vc_hoverbox image=&#8221;954&#8243; primary_title=&#8221;L&#8217;Est R\u00e9publicain&#8221; primary_title_font_container=&#8221;font_size:22|color:%23ffffff&#8221; primary_title_google_fonts=&#8221;font_family:Source%20Sans%20Pro%3A200%2C200italic%2C300%2C300italic%2Cregular%2Citalic%2C600%2C600italic%2C700%2C700italic%2C900%2C900italic|font_style:700%20bold%20regular%3A700%3Anormal&#8221; hover_title=&#8221;L&#8217;Est R\u00e9publicain &#8211; 3 mars 2020&#8243; shape=&#8221;square&#8221; hover_btn_title=&#8221;+&#8221; hover_btn_shape=&#8221;square&#8221; hover_btn_color=&#8221;default&#8221; use_custom_fonts_primary_title=&#8221;true&#8221; hover_add_button=&#8221;true&#8221; hover_btn_link=&#8221;url:https%3A%2F%2Fgalerierobetdantec.com%2Fwp-content%2Fuploads%2F2020%2F03%2FLEst-R%C3%A9publicain-130320.jpg|title:Article%20L&#8217;Est%20R%C3%A9publicain|target:%20_blank|&#8221;]Expo Cosmogonies[\/vc_hoverbox]<div class=\"ult-spacer spacer-69e0f199309c1\" data-id=\"69e0f199309c1\" data-height=\"30\" data-height-mobile=\"30\" data-height-tab=\"30\" data-height-tab-portrait=\"\" data-height-mobile-landscape=\"\" style=\"clear:both;display:block;\"><\/div>[vc_hoverbox image=&#8221;739&#8243; primary_title=&#8221;&#8220;Combats&#8220;&#8221; primary_title_font_container=&#8221;font_size:22|color:%23ffffff&#8221; primary_title_google_fonts=&#8221;font_family:Source%20Sans%20Pro%3A200%2C200italic%2C300%2C300italic%2Cregular%2Citalic%2C600%2C600italic%2C700%2C700italic%2C900%2C900italic|font_style:700%20bold%20regular%3A700%3Anormal&#8221; hover_title=&#8221;L&#8217;Est R\u00e9publicain \u23aa16 Oct. 2019&#8243; shape=&#8221;square&#8221; hover_btn_title=&#8221;+&#8221; hover_btn_shape=&#8221;square&#8221; hover_btn_color=&#8221;default&#8221; use_custom_fonts_primary_title=&#8221;true&#8221; hover_add_button=&#8221;true&#8221; hover_btn_link=&#8221;url:https%3A%2F%2Fgalerierobetdantec.com%2Fwp-content%2Fuploads%2F2020%2F03%2FExpo-Haleh-LEst-R%C3%A9p-161019.jpg|title:L&#8217;Est%20R%C3%A9publicain|target:%20_blank|&#8221;]Combats[\/vc_hoverbox][\/vc_column][vc_column width=&#8221;1\/3&#8243;][vc_hoverbox image=&#8221;3690&#8243; primary_title=&#8221;&#8221; primary_align=&#8221;left&#8221; primary_title_font_container=&#8221;font_size:22|color:%23ffffff&#8221; primary_title_google_fonts=&#8221;font_family:Source%20Sans%20Pro%3A200%2C200italic%2C300%2C300italic%2Cregular%2Citalic%2C600%2C600italic%2C700%2C700italic%2C900%2C900italic|font_style:700%20bold%20regular%3A700%3Anormal&#8221; hover_title=&#8221;Yann Bagot, Au boulot parmi les arbres. Par Christine Rondot&#8221; shape=&#8221;square&#8221; hover_btn_title=&#8221;+&#8221; hover_btn_shape=&#8221;square&#8221; hover_btn_color=&#8221;default&#8221; use_custom_fonts_primary_title=&#8221;true&#8221; hover_add_button=&#8221;true&#8221; hover_btn_link=&#8221;url:https%3A%2F%2Fdrive.google.com%2Ffile%2Fd%2F1QBQ8Ee4NOuZUdJ5z8RANKY4vAHK1xZw5%2Fview%3Fusp%3Dsharing|title:Article%20L&#8217;Est%20r%C3%A9pubicain|target:%20_blank|&#8221;]<\/p>\n<p>[\/vc_hoverbox]<div class=\"ult-spacer spacer-69e0f199309df\" data-id=\"69e0f199309df\" data-height=\"30\" data-height-mobile=\"30\" data-height-tab=\"30\" data-height-tab-portrait=\"\" data-height-mobile-landscape=\"\" style=\"clear:both;display:block;\"><\/div>[vc_hoverbox image=&#8221;1583&#8243; primary_title=&#8221;Sillages photographiques &#8211; Leah Desmousseaux&#8221; primary_align=&#8221;left&#8221; primary_title_font_container=&#8221;font_size:22|color:%23ffffff&#8221; primary_title_google_fonts=&#8221;font_family:Source%20Sans%20Pro%3A200%2C200italic%2C300%2C300italic%2Cregular%2Citalic%2C600%2C600italic%2C700%2C700italic%2C900%2C900italic|font_style:700%20bold%20regular%3A700%3Anormal&#8221; hover_title=&#8221;L&#8217;Est R\u00e9publicain du 28 octobre 2020&#8243; shape=&#8221;square&#8221; hover_btn_title=&#8221;+&#8221; hover_btn_shape=&#8221;square&#8221; hover_btn_color=&#8221;default&#8221; use_custom_fonts_primary_title=&#8221;true&#8221; hover_add_button=&#8221;true&#8221; hover_btn_link=&#8221;url:https%3A%2F%2Fgalerierobetdantec.com%2Fwp-content%2Fuploads%2F2020%2F10%2F24-2020102785494950555350505654575453485466.pdf|title:Article%20L&#8217;Est%20R%C3%A9publicain%20octobre%202020|target:%20_blank|&#8221;]Gros plan[\/vc_hoverbox]<div class=\"ult-spacer spacer-69e0f19930a01\" data-id=\"69e0f19930a01\" data-height=\"30\" data-height-mobile=\"30\" data-height-tab=\"30\" data-height-tab-portrait=\"\" data-height-mobile-landscape=\"\" style=\"clear:both;display:block;\"><\/div>[vc_hoverbox image=&#8221;1290&#8243; primary_title=&#8221;Palazzi A Venezia&#8221; primary_align=&#8221;left&#8221; primary_title_font_container=&#8221;font_size:22|color:%23ffffff&#8221; primary_title_google_fonts=&#8221;font_family:Source%20Sans%20Pro%3A200%2C200italic%2C300%2C300italic%2Cregular%2Citalic%2C600%2C600italic%2C700%2C700italic%2C900%2C900italic|font_style:700%20bold%20regular%3A700%3Anormal&#8221; hover_title=&#8221;Palazzi A Venezia Avril 2020&#8243; shape=&#8221;square&#8221; hover_btn_title=&#8221;+&#8221; hover_btn_shape=&#8221;square&#8221; hover_btn_color=&#8221;default&#8221; use_custom_fonts_primary_title=&#8221;true&#8221; hover_add_button=&#8221;true&#8221; hover_btn_link=&#8221;url:https%3A%2F%2Fissuu.com%2Fvittorio.e.pisu%2Fdocs%2Fpavsupplementjuin2020%2F3|title:Article%20Palazzi%20A%20Venezia|target:%20_blank|&#8221;]Ana\u00efs Prouzet[\/vc_hoverbox]<div class=\"ult-spacer spacer-69e0f19930a1a\" data-id=\"69e0f19930a1a\" data-height=\"30\" data-height-mobile=\"30\" data-height-tab=\"30\" data-height-tab-portrait=\"\" data-height-mobile-landscape=\"\" style=\"clear:both;display:block;\"><\/div>[vc_hoverbox image=&#8221;1005&#8243; primary_title=&#8221;Magazine Diversions&#8221; primary_title_font_container=&#8221;font_size:22|color:%23ffffff&#8221; primary_title_google_fonts=&#8221;font_family:Source%20Sans%20Pro%3A200%2C200italic%2C300%2C300italic%2Cregular%2Citalic%2C600%2C600italic%2C700%2C700italic%2C900%2C900italic|font_style:700%20bold%20regular%3A700%3Anormal&#8221; hover_title=&#8221;Diversions Magazine Avril 2020&#8243; shape=&#8221;square&#8221; hover_btn_title=&#8221;+&#8221; hover_btn_shape=&#8221;square&#8221; hover_btn_color=&#8221;default&#8221; use_custom_fonts_primary_title=&#8221;true&#8221; hover_add_button=&#8221;true&#8221; hover_btn_link=&#8221;url:https%3A%2F%2Fgalerierobetdantec.com%2Fwp-content%2Fuploads%2F2020%2F04%2FCapture-d%E2%80%99%C3%A9cran-2020-04-14-%C3%A0-17.18.37.png|title:Article%20Diversions||&#8221;]Exposition Cosmogonies d&#8217;Ana\u00eblle Thi\u00e9ry[\/vc_hoverbox]<div class=\"ult-spacer spacer-69e0f19930a37\" data-id=\"69e0f19930a37\" data-height=\"30\" data-height-mobile=\"30\" data-height-tab=\"30\" data-height-tab-portrait=\"\" data-height-mobile-landscape=\"\" style=\"clear:both;display:block;\"><\/div>[vc_hoverbox image=&#8221;681&#8243; primary_title=&#8221;Ouverture&#8221; primary_title_font_container=&#8221;font_size:22|color:%23ffffff&#8221; primary_title_google_fonts=&#8221;font_family:Source%20Sans%20Pro%3A200%2C200italic%2C300%2C300italic%2Cregular%2Citalic%2C600%2C600italic%2C700%2C700italic%2C900%2C900italic|font_style:700%20bold%20regular%3A700%3Anormal&#8221; hover_title=&#8221;L&#8217;Est R\u00e9publicain \u23aa12 Sept. 2019&#8243; shape=&#8221;square&#8221; hover_btn_title=&#8221;+&#8221; hover_btn_shape=&#8221;square&#8221; hover_btn_color=&#8221;default&#8221; use_custom_fonts_primary_title=&#8221;true&#8221; hover_add_button=&#8221;true&#8221; hover_btn_link=&#8221;url:https%3A%2F%2Fgalerierobetdantec.com%2Fwp-content%2Fuploads%2F2020%2F03%2FLEst-R%C3%A9publicain-Galerie.jpg|title:Article%20L&#8217;Est%20R%C3%A9publicain|target:%20_blank|&#8221;]Inauguration[\/vc_hoverbox][\/vc_column][vc_column width=&#8221;1\/3&#8243;][vc_hoverbox image=&#8221;2276&#8243; primary_title=&#8221;&#8221; primary_align=&#8221;left&#8221; primary_title_font_container=&#8221;font_size:22|color:%23ffffff&#8221; primary_title_google_fonts=&#8221;font_family:Source%20Sans%20Pro%3A200%2C200italic%2C300%2C300italic%2Cregular%2Citalic%2C600%2C600italic%2C700%2C700italic%2C900%2C900italic|font_style:700%20bold%20regular%3A700%3Anormal&#8221; hover_title=&#8221;Sp\u00e9cial DDESSIN PARIS 2021&#8243; shape=&#8221;square&#8221; el_width=&#8221;90&#8243; hover_btn_title=&#8221;+&#8221; hover_btn_shape=&#8221;square&#8221; hover_btn_color=&#8221;default&#8221; use_custom_fonts_primary_title=&#8221;true&#8221; hover_add_button=&#8221;true&#8221; hover_btn_link=&#8221;url:https%3A%2F%2Fgalerierobetdantec.com%2Fwp-content%2Fuploads%2F2021%2F07%2FArticle-A-Prouzet.png|title:Article%20Le%20Quotidien%20de%20l&#8217;Art%20Juin%202021|target:%20_blank|&#8221;]<\/p>\n<p>[\/vc_hoverbox]<div class=\"ult-spacer spacer-69e0f19930a4f\" data-id=\"69e0f19930a4f\" data-height=\"30\" data-height-mobile=\"30\" data-height-tab=\"30\" data-height-tab-portrait=\"\" data-height-mobile-landscape=\"\" style=\"clear:both;display:block;\"><\/div><div class=\"ult-spacer spacer-69e0f19930a64\" data-id=\"69e0f19930a64\" data-height=\"30\" data-height-mobile=\"30\" data-height-tab=\"30\" data-height-tab-portrait=\"\" data-height-mobile-landscape=\"\" style=\"clear:both;display:block;\"><\/div><div class=\"ult-spacer spacer-69e0f19930a79\" data-id=\"69e0f19930a79\" data-height=\"30\" data-height-mobile=\"30\" data-height-tab=\"30\" data-height-tab-portrait=\"\" data-height-mobile-landscape=\"\" style=\"clear:both;display:block;\"><\/div>[vc_hoverbox image=&#8221;2288&#8243; primary_title=&#8221;Elise Grenois&#8221; primary_align=&#8221;left&#8221; primary_title_font_container=&#8221;font_size:22|color:%23ffffff&#8221; primary_title_google_fonts=&#8221;font_family:Source%20Sans%20Pro%3A200%2C200italic%2C300%2C300italic%2Cregular%2Citalic%2C600%2C600italic%2C700%2C700italic%2C900%2C900italic|font_style:700%20bold%20regular%3A700%3Anormal&#8221; hover_title=&#8221;Le Quotidien de l&#8217;Art &#8211; Sp\u00e9cial Luxembourg Art Week (Novembre 2020)&#8221; shape=&#8221;square&#8221; hover_btn_title=&#8221;+&#8221; hover_btn_shape=&#8221;square&#8221; hover_btn_color=&#8221;default&#8221; use_custom_fonts_primary_title=&#8221;true&#8221; hover_add_button=&#8221;true&#8221; hover_btn_link=&#8221;url:https%3A%2F%2Fgalerierobetdantec.com%2Fwp-content%2Fuploads%2F2021%2F07%2FArticle-E-Grenois.png|title:Article%20L&#8217;Est%20R%C3%A9publicain%20octobre%202020|target:%20_blank|&#8221;][\/vc_hoverbox]<div class=\"ult-spacer spacer-69e0f19930a8d\" data-id=\"69e0f19930a8d\" data-height=\"30\" data-height-mobile=\"30\" data-height-tab=\"30\" data-height-tab-portrait=\"\" data-height-mobile-landscape=\"\" style=\"clear:both;display:block;\"><\/div>[vc_hoverbox image=&#8221;1225&#8243; primary_title=&#8221;Point contemporain&#8221; primary_title_font_container=&#8221;font_size:22|color:%23ffffff&#8221; primary_title_google_fonts=&#8221;font_family:Source%20Sans%20Pro%3A200%2C200italic%2C300%2C300italic%2Cregular%2Citalic%2C600%2C600italic%2C700%2C700italic%2C900%2C900italic|font_style:700%20bold%20regular%3A700%3Anormal&#8221; hover_title=&#8221;Entretien pour Point contemporain &#8211; Avril 2020&#8243; shape=&#8221;square&#8221; hover_btn_title=&#8221;+&#8221; hover_btn_shape=&#8221;square&#8221; hover_btn_color=&#8221;default&#8221; use_custom_fonts_primary_title=&#8221;true&#8221; hover_add_button=&#8221;true&#8221; hover_btn_link=&#8221;url:http%3A%2F%2Fpointcontemporain.com%2Fanais-prouzet-entretien-de-confinement%2F|title:Article%20Point%20Contemporain|target:%20_blank|&#8221;]Ana\u00efs Prouzet[\/vc_hoverbox]<div class=\"ult-spacer spacer-69e0f19930aa3\" data-id=\"69e0f19930aa3\" data-height=\"30\" data-height-mobile=\"30\" data-height-tab=\"30\" data-height-tab-portrait=\"\" data-height-mobile-landscape=\"\" style=\"clear:both;display:block;\"><\/div>[vc_hoverbox image=&#8221;854&#8243; primary_title=&#8221;&#8220;Singulier universel&#8220;&#8221; primary_title_font_container=&#8221;font_size:22|color:%23ffffff&#8221; primary_title_google_fonts=&#8221;font_family:Source%20Sans%20Pro%3A200%2C200italic%2C300%2C300italic%2Cregular%2Citalic%2C600%2C600italic%2C700%2C700italic%2C900%2C900italic|font_style:700%20bold%20regular%3A700%3Anormal&#8221; hover_title=&#8221;L&#8217;Est R\u00e9publicain \u23aa2 d\u00e9cembre 2019&#8243; shape=&#8221;square&#8221; hover_btn_title=&#8221;+&#8221; hover_btn_shape=&#8221;square&#8221; hover_btn_color=&#8221;default&#8221; use_custom_fonts_primary_title=&#8221;true&#8221; hover_add_button=&#8221;true&#8221; hover_btn_link=&#8221;url:https%3A%2F%2Fgalerierobetdantec.com%2Fwp-content%2Fuploads%2F2020%2F03%2FEST-REP-021219.jpg|title:L&#8217;Est%20R%C3%A9publicain|target:%20_blank|&#8221;]Singulier Universel[\/vc_hoverbox][\/vc_column][\/vc_row][vc_row][vc_column]<div class=\"ult-spacer spacer-69e0f19930ab5\" data-id=\"69e0f19930ab5\" data-height=\"30\" data-height-mobile=\"30\" data-height-tab=\"30\" data-height-tab-portrait=\"\" data-height-mobile-landscape=\"\" style=\"clear:both;display:block;\"><\/div>[\/vc_column][\/vc_row]<\/p>\n","protected":false},"excerpt":{"rendered":"<p>[vc_row][vc_column width=&#8221;1\/3&#8243;][vc_hoverbox image=&#8221;3692&#8243; primary_title=&#8221;&#8221; primary_align=&#8221;left&#8221; primary_title_font_container=&#8221;font_size:22|color:%23ffffff&#8221; primary_title_google_fonts=&#8221;font_family:Source%20Sans%20Pro%3A200%2C200italic%2C300%2C300italic%2Cregular%2Citalic%2C600%2C600italic%2C700%2C700italic%2C900%2C900italic|font_style:700%20bold%20regular%3A700%3Anormal&#8221; hover_title=&#8221;Yann Bagot au coeur de la nature. Par Marie Maertens&#8221; shape=&#8221;square&#8221; el_width=&#8221;90&#8243; align=&#8221;left&#8221; hover_btn_title=&#8221;+&#8221; hover_btn_shape=&#8221;square&#8221; hover_btn_color=&#8221;default&#8221; use_custom_fonts_primary_title=&#8221;true&#8221; hover_add_button=&#8221;true&#8221; hover_btn_link=&#8221;url:https%3A%2F%2Fdrive.google.com%2Ffile%2Fd%2F1CDrz43nmWpuaf_PT8WtI5CZsPNZbbcT8%2Fview%3Fusp%3Dsharing|title:Article%20Connaissance%20des%20arts|target:%20_blank|&#8221;] [\/vc_hoverbox][vc_hoverbox image=&#8221;1490&#8243; primary_title=&#8221;Aur\u00e9lien Finance &#8211; N&#8217;ouvrez jamais une cuill\u00e8re \u00e0 caf\u00e9 avec un cutter&#8221; primary_align=&#8221;left&#8221; primary_title_font_container=&#8221;font_size:22|color:%23ffffff&#8221; primary_title_google_fonts=&#8221;font_family:Source%20Sans%20Pro%3A200%2C200italic%2C300%2C300italic%2Cregular%2Citalic%2C600%2C600italic%2C700%2C700italic%2C900%2C900italic|font_style:700%20bold%20regular%3A700%3Anormal&#8221; hover_title=&#8221;L&#8217;Est R\u00e9publicain &#8211; 1er F\u00e9vrier 2021&#8243; shape=&#8221;square&#8221; hover_btn_title=&#8221;+&#8221; hover_btn_shape=&#8221;square&#8221; hover_btn_color=&#8221;default&#8221; use_custom_fonts_primary_title=&#8221;true&#8221; hover_add_button=&#8221;true&#8221; [&hellip;]<\/p>\n","protected":false},"author":1,"featured_media":0,"parent":0,"menu_order":6,"comment_status":"closed","ping_status":"closed","template":"","meta":[],"_links":{"self":[{"href":"https:\/\/galerierobetdantec.com\/en\/wp-json\/wp\/v2\/pages\/1509"}],"collection":[{"href":"https:\/\/galerierobetdantec.com\/en\/wp-json\/wp\/v2\/pages"}],"about":[{"href":"https:\/\/galerierobetdantec.com\/en\/wp-json\/wp\/v2\/types\/page"}],"author":[{"embeddable":true,"href":"https:\/\/galerierobetdantec.com\/en\/wp-json\/wp\/v2\/users\/1"}],"replies":[{"embeddable":true,"href":"https:\/\/galerierobetdantec.com\/en\/wp-json\/wp\/v2\/comments?post=1509"}],"version-history":[{"count":3,"href":"https:\/\/galerierobetdantec.com\/en\/wp-json\/wp\/v2\/pages\/1509\/revisions"}],"predecessor-version":[{"id":3708,"href":"https:\/\/galerierobetdantec.com\/en\/wp-json\/wp\/v2\/pages\/1509\/revisions\/3708"}],"wp:attachment":[{"href":"https:\/\/galerierobetdantec.com\/en\/wp-json\/wp\/v2\/media?parent=1509"}],"curies":[{"name":"wp","href":"https:\/\/api.w.org\/{rel}","templated":true}]}}