{"id":1476,"date":"2020-06-27T18:41:18","date_gmt":"2020-06-27T16:41:18","guid":{"rendered":"https:\/\/galerierobetdantec.com\/artists\/aurelien-finance\/"},"modified":"2024-11-15T16:49:12","modified_gmt":"2024-11-15T15:49:12","slug":"aurelien-finance","status":"publish","type":"page","link":"https:\/\/galerierobetdantec.com\/en\/artistes\/aurelien-finance\/","title":{"rendered":"aur\u00e9lien finance"},"content":{"rendered":"<p>[vc_row][vc_column width=&#8221;1\/2&#8243;][vc_single_image image=&#8221;1456&#8243; img_size=&#8221;full&#8221; alignment=&#8221;center&#8221; onclick=&#8221;zoom&#8221; css_animation=&#8221;zoomIn&#8221;][vc_empty_space][vc_custom_heading source=&#8221;post_title&#8221; use_theme_fonts=&#8221;yes&#8221;][vc_column_text]Aur\u00e9lien Finance lives and works in Mulhouse. He graduated from the Haute Ecole des Arts du Rhin (HEAR) with the congratulations of the jury (DNSEP 2018).[\/vc_column_text][vc_empty_space][\/vc_column][vc_column width=&#8221;1\/2&#8243; css=&#8221;.vc_custom_1562103889852{border-left-width: 1px !important;border-left-color: #e3afa7 !important;border-left-style: solid !important;}&#8221;][vc_column_text css=&#8221;.vc_custom_1731681681682{padding-left: 30px !important;}&#8221;]Dramatized, Aur\u00e9lien Finance&#8217;s work is built around absurd and invented stories, inspired by reality, myths or tales. Whether his performances in which he stages himself, or creations with colorful shapes, his works turns away the textile world by the deconstruction of traditional codes. He practices ancestral skills to experience their limits in a playful approach borrowing humor and poetry. Embroidering, crocheting and knitting interest him for their performative, repetitive and cathartic aspects. Then, these creations become transitional objects from which are born imaginary characters, organic beings, growths rescued from a forgotten memory &#8230; His dyslexic (disorientation of orderly writing) is displayed in his work as an asset. It opens a thought through the image which finds its meaning in its entirety.<\/p>\n<p>&#8220;<em>And now the bananas are in socks.<\/em><br \/>\n<em>Experience gives birth to absurdity. The bones were broken by this performance.<\/em><br \/>\n<em>Surrounded by nature. The emotion takes shape. It\u2019s fear.<\/em><br \/>\n<em>[\u2026] So I think I\u2019m imprisoning myself, he was drowning in his suits when suddenly\u2026 never woke up. It was then that he said that of yesterday; never open a teaspoon with a cutter, you don&#8217;t lose anything serious &#8230;<\/em>&#8221;\u00a0<strong>Aur\u00e9lien Finance<\/strong>[\/vc_column_text][\/vc_column][\/vc_row][vc_row][vc_column][vc_tta_tabs style=&#8221;modern&#8221; shape=&#8221;square&#8221; spacing=&#8221;5&#8243; active_section=&#8221;1&#8243;][vc_tta_section title=&#8221;personal exhibitions \/ performances&#8221; tab_id=&#8221;1559740892983-68397675-89f3&#8243;][vc_column_text]<strong>2022<br \/>\n<\/strong>Fernet Branca Foundation as part of Pop-up Galerie, Saint-Louis<br \/>\nChampigny sur Marne Biennial of Contemporary Art<\/p>\n<p><strong>2021<br \/>\n<\/strong>&#8211; Performance, La Kunsthalle, contemporary art center, Mulhouse<br \/>\n&#8211; Performance \u00ab <em>\u00e7a ira bien chez moi<\/em> \u00bb, Wallpaper Museum, Rixheim<br \/>\n<em>Philarmonie !<\/em> , R\u00e9seau D\u00e9dale,\u00a0Mulhouse<br \/>\n<em>Une Famille formidable<\/em>, Historical Museum of Mulhouse<br \/>\n&#8211; Performance &#8220;<em>Moi aussi je peux le faire<\/em>&#8220;, The Kunsthalle, contemporary art center, Mulhouse<br \/>\n<em>N&#8217;ouvrez jamais une cuilli\u00e8re \u00e0 caf\u00e9 avec un cutter<\/em>, Galerie Robet Dantec, Belfort<\/p>\n<p><strong>2020<\/strong><br \/>\n&#8211; Performances as part of the Summer of Mulhouse Museums programme, Mus\u00e9e Electropolis<\/p>\n<p><strong>2019<br \/>\n<\/strong>&#8211; Performance as part of the Nuit de la Sinne, Th\u00e9\u00e2tre de la Sinne, Mulhouse<br \/>\nArt3F exhibition, Mulhouse<br \/>\n\u2018Chaire Grande-M\u00e8re\u2019, Le B\u00f4cal, Mulhouse<br \/>\nPerformance,basse couture event at the Motoco, Mulhouse<\/p>\n<p><strong>2018<\/strong><br \/>\nPerformance, The Aubette 1928&#8217;th 90 years, Strasbourg[\/vc_column_text][\/vc_tta_section][vc_tta_section title=&#8221;group exhibitions&#8221; tab_id=&#8221;1566508529710-738885ec-a711&#8243;][vc_column_text]<strong>2022<br \/>\n<\/strong>Regionale 23, Regional Contemporary Art Fund of Alsace, S\u00e9lestat<br \/>\nArt Fair Dijon, Galerie Robet Dantec, Dijon<br \/>\nLuxembourg Art Week, Galerie Robet Dantec, Luxembourg<\/p>\n<p><strong>2021<br \/>\n<\/strong>R\u00e9gionale22, La FABRIKculture, Hegenheim<br \/>\nArtists&#8217; garden, as part of the European Heritage Days, Fort de la Justice, Belfort<br \/>\nPublic Gardens, La Hear, Strasbourg<\/p>\n<p><strong>2020<\/strong><br \/>\n<em>\u00e9mergences #2<\/em>, Galerie Robet Dantec, Belfort<br \/>\nArtists&#8217; garden, Fort de la Justice, Belfort<\/p>\n<p><strong>2019<\/strong><br \/>\n<em>Tu veux que je te fasse un dessin<\/em>, Le S\u00e9choir &#8211; Art en mouvement, Mulhouse<br \/>\n<em>Les Grandes eaux<\/em>,\u00a0Galerie Art\u2019Course, Strasbourg<br \/>\nSalon Tex-World, re-edition of \u2018R\u00e9plica, Paris<br \/>\nMulhouse 019, Contemporary Art Biennial, Mulhouse<br \/>\n\u00abR\u00e9plica\u00bb, Biennale of design of Saint Etienne<br \/>\nEleven Steens, Bruxelles<br \/>\n&#8220;Collectible&#8221;, Design art fair, Bruxelles<\/p>\n<p><strong>2018<\/strong><\/p>\n<p>The 20 years of Modern and Contemporary Art&#8217;s Museum of Strasbourg (catwalk)<br \/>\n&#8220;Interm\u00e8des&#8221;, La Filature, Mulhouse (scenography)<\/p>\n<p><strong>2017<\/strong><br \/>\n&#8220;V\u00eatement de travail&#8221;, Biennale of design of Saint Etienne<\/p>\n<p><strong>2016<br \/>\n<\/strong>&#8220;Paysages&#8221;, Wallpaper Museum, Rixheim<\/p>\n<p><strong>2015<\/strong><br \/>\nGalerie Modulab, Metz[\/vc_column_text][\/vc_tta_section][vc_tta_section title=&#8221;residencies&#8221; tab_id=&#8221;1654010764918-85058472-22d6&#8243;][vc_column_text]<strong>2021<br \/>\n<\/strong>Clich\u00e9 residency in partnership with the P\u00f4le Mus\u00e9e Mulhouse Sud Alsace (supported by DRAC Grand EST).[\/vc_column_text][\/vc_tta_section][vc_tta_section title=&#8221;collaboration \/ public order&#8221; tab_id=&#8221;1654010763124-0e4b1108-7ff7&#8243;][vc_column_text]<strong>2021<\/strong><\/p>\n<p>Public commission for Sol\u00e9a transport\/ graphic design<br \/>\nArtistic collaboration with the ONE STEP brand for the SPRING\/SUMMER season[\/vc_column_text][\/vc_tta_section][\/vc_tta_tabs][vc_empty_space height=&#8221;60px&#8221;][vc_custom_heading text=&#8221;art works&#8221; font_container=&#8221;tag:h2|text_align:center&#8221; use_theme_fonts=&#8221;yes&#8221;][\/vc_column][\/vc_row][vc_row][vc_column][vc_empty_space height=&#8221;30px&#8221;][\/vc_column][\/vc_row][vc_row bg_type=&#8221;bg_color&#8221; bg_color_value=&#8221;#f2f2f2&#8243; css=&#8221;.vc_custom_1563722577019{padding-top: 30px !important;}&#8221;][vc_column][vc_basic_grid post_type=&#8221;royal_portfolio&#8221; max_items=&#8221;-1&#8243; item=&#8221;masonryGrid_SlideFromLeft&#8221; grid_id=&#8221;vc_gid:1731680683075-453f82e23ac5f95189de96aa7ec4285e-3&#8243; taxonomies=&#8221;64&#8243;][vc_empty_space height=&#8221;40px&#8221;][\/vc_column][\/vc_row][vc_row][vc_column][vc_empty_space height=&#8221;40px&#8221;][\/vc_column][\/vc_row]<\/p>\n","protected":false},"excerpt":{"rendered":"<p>[vc_row][vc_column width=&#8221;1\/2&#8243;][vc_single_image image=&#8221;1456&#8243; img_size=&#8221;full&#8221; alignment=&#8221;center&#8221; onclick=&#8221;zoom&#8221; css_animation=&#8221;zoomIn&#8221;][vc_empty_space][vc_custom_heading source=&#8221;post_title&#8221; use_theme_fonts=&#8221;yes&#8221;][vc_column_text]Aur\u00e9lien Finance lives and works in Mulhouse. He graduated from the Haute Ecole des Arts du Rhin (HEAR) with the congratulations of the jury (DNSEP 2018).[\/vc_column_text][vc_empty_space][\/vc_column][vc_column width=&#8221;1\/2&#8243; css=&#8221;.vc_custom_1562103889852{border-left-width: 1px !important;border-left-color: #e3afa7 !important;border-left-style: solid !important;}&#8221;][vc_column_text css=&#8221;.vc_custom_1731681681682{padding-left: 30px !important;}&#8221;]Dramatized, Aur\u00e9lien Finance&#8217;s work is built around absurd and invented stories, [&hellip;]<\/p>\n","protected":false},"author":2,"featured_media":0,"parent":1154,"menu_order":0,"comment_status":"closed","ping_status":"closed","template":"","meta":[],"_links":{"self":[{"href":"https:\/\/galerierobetdantec.com\/en\/wp-json\/wp\/v2\/pages\/1476"}],"collection":[{"href":"https:\/\/galerierobetdantec.com\/en\/wp-json\/wp\/v2\/pages"}],"about":[{"href":"https:\/\/galerierobetdantec.com\/en\/wp-json\/wp\/v2\/types\/page"}],"author":[{"embeddable":true,"href":"https:\/\/galerierobetdantec.com\/en\/wp-json\/wp\/v2\/users\/2"}],"replies":[{"embeddable":true,"href":"https:\/\/galerierobetdantec.com\/en\/wp-json\/wp\/v2\/comments?post=1476"}],"version-history":[{"count":6,"href":"https:\/\/galerierobetdantec.com\/en\/wp-json\/wp\/v2\/pages\/1476\/revisions"}],"predecessor-version":[{"id":4844,"href":"https:\/\/galerierobetdantec.com\/en\/wp-json\/wp\/v2\/pages\/1476\/revisions\/4844"}],"up":[{"embeddable":true,"href":"https:\/\/galerierobetdantec.com\/en\/wp-json\/wp\/v2\/pages\/1154"}],"wp:attachment":[{"href":"https:\/\/galerierobetdantec.com\/en\/wp-json\/wp\/v2\/media?parent=1476"}],"curies":[{"name":"wp","href":"https:\/\/api.w.org\/{rel}","templated":true}]}}