{"id":1448,"date":"2020-06-22T19:15:13","date_gmt":"2020-06-22T17:15:13","guid":{"rendered":"https:\/\/galerierobetdantec.com\/artists\/rebecca-brueder\/"},"modified":"2024-11-15T17:23:52","modified_gmt":"2024-11-15T16:23:52","slug":"rebecca-brueder","status":"publish","type":"page","link":"https:\/\/galerierobetdantec.com\/en\/artistes\/rebecca-brueder\/","title":{"rendered":"rebecca brueder"},"content":{"rendered":"<p>[vc_row][vc_column width=&#8221;1\/2&#8243;][vc_single_image image=&#8221;1426&#8243; img_size=&#8221;full&#8221; alignment=&#8221;center&#8221; onclick=&#8221;zoom&#8221; css_animation=&#8221;zoomIn&#8221;][vc_empty_space][vc_custom_heading source=&#8221;post_title&#8221; use_theme_fonts=&#8221;yes&#8221;][vc_column_text]Rebecca Brueder was born in 1993. She lives and works in Marseille. She is graduated from the Art School of Pyr\u00e9n\u00e9es &#8211; Tarbes (Master Grade) and graduated from l&#8217;Ecole des Beaux Arts of N\u00eemes.[\/vc_column_text][vc_empty_space][\/vc_column][vc_column width=&#8221;1\/2&#8243; css=&#8221;.vc_custom_1562103889852{border-left-width: 1px !important;border-left-color: #e3afa7 !important;border-left-style: solid !important;}&#8221;][vc_column_text css=&#8221;.vc_custom_1731687437172{padding-left: 30px !important;}&#8221;]What feeds Rebecca Brueder\u2019s daily work is the idea of \u200b\u200bstone. Stone not as a material, but as an object: its shape, its weight, its color, the curves it draws, its lines&#8230; The artist is interested in what it represents, a dumb world, an idea of body remaining with us, which is waiting for, a relation to melancholy, a poetic form linked to the idea of \u200b\u200bsomething perennial, inert, listening.<\/p>\n<p>A form that undergoes and is not supposed to grow, which transforms into dissolution.<\/p>\n<p>The idea of \u200b\u200bstone is something Rebecca Brueder associates with the object, one that is not attached to something, a solitary form which seems to evolve alone. She likes the idea of the \u200b\u200bso-called &#8220;stone&#8221;, these mineral objects that come in thousands of different features. It is from this perspective that she approaches forms or even informs them, and immerses in an inert material the idea of \u200b\u200ba displacement or a will.[\/vc_column_text][\/vc_column][\/vc_row][vc_row][vc_column][vc_tta_tabs style=&#8221;modern&#8221; shape=&#8221;square&#8221; spacing=&#8221;5&#8243; active_section=&#8221;1&#8243;][vc_tta_section title=&#8221;solo exhibitions&#8221; tab_id=&#8221;1559740892983-68397675-89f3&#8243;][vc_column_text]<strong>2021<\/strong><br \/>\nFrench Cultural Centre, Freiburg am Breisgau (D)<br \/>\nCh\u00e2teau de la Falgalari\u00e9, Aussillion<br \/>\nRobet Dantec Gallery, Belfort[\/vc_column_text][\/vc_tta_section][vc_tta_section title=&#8221;group exhibitions&#8221; tab_id=&#8221;1566508529710-738885ec-a711&#8243;][vc_column_text]<strong>2023<\/strong><br \/>\n15th Edition of Arts Ephe\u0301me\u0300res, Marseille<br \/>\nDDESSIN Paris, Gallery Robet Dantec, Paris<\/p>\n<p><strong>2022<br \/>\n<\/strong><em>Luxembourg Art Week<\/em>, Gallery Robet Dantec, Luxembourg<em><br \/>\n<\/em><em>Art On Paper<\/em>, Galerie Robet Dantec, Bruxelles<br \/>\n<em>Locus Solus, mutatis mutandis<\/em>,\u00a0Vid\u00e9ochroniques, Marseille<br \/>\n<em>Chasseurs de Temp\u00eates, CAC Passerelle, Brest<br \/>\nChasseurs de Temp\u00eates<\/em>, PORTA33, Madeira, Portugal<br \/>\n<em>DDESSIN Paris<\/em>, Gallery Robet Dantec, Le Moli\u00e8re, Paris<\/p>\n<p><strong>2021<br \/>\n<\/strong><em>Luxembourg Art Week<\/em>, Gallery Robet Dantec, Luxembourg<em><br \/>\n<\/em><em>La Montagne d\u2019or<\/em>, Ch\u00e2teau de Servi\u00e8res, Marseille<br \/>\n<em>DDESSIN PARIS<\/em>, with the Gallery Robet Dantec, Le Moli\u00e8re, Paris<br \/>\nMuseum departmental, Gap<\/p>\n<p><strong>2020<\/strong><br \/>\nM\u00e9t\u00e9or\u00efdes, XHC Minor Street, Bordeaux<br \/>\n\u00c9mergences #2, Gallery Robet Dantec, Belfort<br \/>\nCh\u00e2teau de la Falgalari\u00e9, aussillion<br \/>\nGallery R\u00e9plique, Rodez<br \/>\nFrac Montpellier<br \/>\nAu-del\u00e0 des falaises, Art Center of la Halle, Pont-en-Royans<\/p>\n<p><strong>2019<\/strong><br \/>\nADESSIN, Contemporary drawing exhibition, Chapelle-du-quartier-haut, S\u00e8te<br \/>\nParcours de l\u2019art #25, Clo\u00eetre Saint-Louis, Avignon<br \/>\nHorizon d\u2019eau #3, Une terre deux fois silencieuse, Museum of Lauraguais, Castelnaudary (Hors les murs des Frac d\u2019Occitane)<br \/>\nBiennial for young contemporary artists, Mulhouse 019, Parc des exposition, Mulhouse<\/p>\n<p><strong>2018<\/strong><br \/>\nVisio, Le Parvis, Tarbes<br \/>\nBim Bam Boum 2, Briqueterie de Nagen, Saint-Marcel-Paulel<br \/>\nBim Bam Boum, Ecole sup\u00e9rieure d\u2019Arts des Pyr\u00e9n\u00e9es, Tarbes[\/vc_column_text][\/vc_tta_section][vc_tta_section title=&#8221;awards and residences&#8221; tab_id=&#8221;1559741494975-158455d0-4ded&#8221;][vc_column_text]<span class=\"Apple-converted-space\">\u00a0<\/span><strong>2020<\/strong><br \/>\nLaureate from Post-production of FRAC Occitanie Montpellier (F)<br \/>\nResidency \u00abRouvrir le monde\u00bb, DRAC Paca<\/p>\n<p><strong>2019<\/strong><br \/>\nFrench Cultural Center prize of Freiburg-am-Breisgau (D)[\/vc_column_text][\/vc_tta_section][vc_tta_section title=&#8221;Collection&#8221; tab_id=&#8221;1684511127952-b4724370-ba78&#8243;][vc_column_text]<\/p>\n<div class=\"page\" title=\"Page 9\">\n<div class=\"section\">\n<div class=\"layoutArea\">\n<div class=\"column\">\n<p>Galila\u2019s P.O.C. collection, Bruxelles<\/p>\n<\/div>\n<\/div>\n<\/div>\n<\/div>\n<p>[\/vc_column_text][\/vc_tta_section][\/vc_tta_tabs][vc_empty_space height=&#8221;60px&#8221;][vc_custom_heading text=&#8221;art works&#8221; font_container=&#8221;tag:h2|text_align:center&#8221; use_theme_fonts=&#8221;yes&#8221;][\/vc_column][\/vc_row][vc_row][vc_column][vc_empty_space height=&#8221;30px&#8221;][\/vc_column][\/vc_row][vc_row bg_type=&#8221;bg_color&#8221; bg_color_value=&#8221;#f2f2f2&#8243; css=&#8221;.vc_custom_1563722577019{padding-top: 30px !important;}&#8221;][vc_column][vc_basic_grid post_type=&#8221;royal_portfolio&#8221; max_items=&#8221;-1&#8243; item=&#8221;masonryGrid_SlideFromLeft&#8221; grid_id=&#8221;vc_gid:1731686310269-67b8eec9378251f6d24c3794066d176c-2&#8243; taxonomies=&#8221;63&#8243;][vc_empty_space height=&#8221;40px&#8221;][\/vc_column][\/vc_row][vc_row][vc_column][vc_empty_space height=&#8221;40px&#8221;][\/vc_column][\/vc_row]<\/p>\n","protected":false},"excerpt":{"rendered":"<p>[vc_row][vc_column width=&#8221;1\/2&#8243;][vc_single_image image=&#8221;1426&#8243; img_size=&#8221;full&#8221; alignment=&#8221;center&#8221; onclick=&#8221;zoom&#8221; css_animation=&#8221;zoomIn&#8221;][vc_empty_space][vc_custom_heading source=&#8221;post_title&#8221; use_theme_fonts=&#8221;yes&#8221;][vc_column_text]Rebecca Brueder was born in 1993. She lives and works in Marseille. She is graduated from the Art School of Pyr\u00e9n\u00e9es &#8211; Tarbes (Master Grade) and graduated from l&#8217;Ecole des Beaux Arts of N\u00eemes.[\/vc_column_text][vc_empty_space][\/vc_column][vc_column width=&#8221;1\/2&#8243; css=&#8221;.vc_custom_1562103889852{border-left-width: 1px !important;border-left-color: #e3afa7 !important;border-left-style: solid !important;}&#8221;][vc_column_text css=&#8221;.vc_custom_1731687437172{padding-left: 30px !important;}&#8221;]What feeds Rebecca [&hellip;]<\/p>\n","protected":false},"author":2,"featured_media":0,"parent":1154,"menu_order":0,"comment_status":"closed","ping_status":"closed","template":"","meta":[],"_links":{"self":[{"href":"https:\/\/galerierobetdantec.com\/en\/wp-json\/wp\/v2\/pages\/1448"}],"collection":[{"href":"https:\/\/galerierobetdantec.com\/en\/wp-json\/wp\/v2\/pages"}],"about":[{"href":"https:\/\/galerierobetdantec.com\/en\/wp-json\/wp\/v2\/types\/page"}],"author":[{"embeddable":true,"href":"https:\/\/galerierobetdantec.com\/en\/wp-json\/wp\/v2\/users\/2"}],"replies":[{"embeddable":true,"href":"https:\/\/galerierobetdantec.com\/en\/wp-json\/wp\/v2\/comments?post=1448"}],"version-history":[{"count":4,"href":"https:\/\/galerierobetdantec.com\/en\/wp-json\/wp\/v2\/pages\/1448\/revisions"}],"predecessor-version":[{"id":4846,"href":"https:\/\/galerierobetdantec.com\/en\/wp-json\/wp\/v2\/pages\/1448\/revisions\/4846"}],"up":[{"embeddable":true,"href":"https:\/\/galerierobetdantec.com\/en\/wp-json\/wp\/v2\/pages\/1154"}],"wp:attachment":[{"href":"https:\/\/galerierobetdantec.com\/en\/wp-json\/wp\/v2\/media?parent=1448"}],"curies":[{"name":"wp","href":"https:\/\/api.w.org\/{rel}","templated":true}]}}