{"id":1444,"date":"2020-06-20T17:39:02","date_gmt":"2020-06-20T15:39:02","guid":{"rendered":"https:\/\/galerierobetdantec.com\/artists\/gael-darras\/"},"modified":"2025-05-13T18:54:49","modified_gmt":"2025-05-13T16:54:49","slug":"gael-darras","status":"publish","type":"page","link":"https:\/\/galerierobetdantec.com\/en\/artistes\/gael-darras\/","title":{"rendered":"ga\u00ebl darras"},"content":{"rendered":"<p>[vc_row][vc_column width=&#8221;1\/2&#8243;][vc_single_image image=&#8221;1382&#8243; img_size=&#8221;full&#8221; alignment=&#8221;center&#8221; onclick=&#8221;zoom&#8221; css_animation=&#8221;zoomIn&#8221;][vc_empty_space][vc_custom_heading source=&#8221;post_title&#8221; use_theme_fonts=&#8221;yes&#8221;][vc_column_text]Lives and works in Escamps (Fr.). Ga\u00ebl Darras is a graduate from the Art School of Nantes M\u00e9tropole (2014). In 2022, he also followed an illumination training at CITIL (International Center for the Traditions of the Image of Light).[\/vc_column_text][vc_empty_space][vc_video link=&#8221;https:\/\/youtu.be\/IxNZ3llZv9Y&#8221;][\/vc_column][vc_column width=&#8221;1\/2&#8243; css=&#8221;.vc_custom_1562103889852{border-left-width: 1px !important;border-left-color: #e3afa7 !important;border-left-style: solid !important;}&#8221;][vc_column_text css=&#8221;.vc_custom_1622203229495{padding-left: 30px !important;}&#8221;]Paint a wall<\/p>\n<p>From the pattern of brick, a unit that is tirelessly repeated, Ga\u00ebl Darras uses watercolors to build architectural spaces in a minimalist style. Its buildings, devoid of any functionality, are devoid of spatial contextualization and precise time markers &#8211; they take us to a distant antiquity as much as they evoke our contemporary masonry. They float in the matrix whiteness of the paper, parts of which are left blank, like virtual volumes, mirages emerging from a blinding desert. These constructions do not inhabit, do not penetrate each other: they are walls. They show as much as they conceal, pushing the gaze to seek beyond. Their borders send us back to our privacy, like &#8220;inner temples&#8221; whose front door is kept secret.<\/p>\n<p>The systematic use of iron oxide as a pigment (the very one that gives brick its red color) deploys a monochrome and contemplative universe where each brick vibrates with a particular density. Ga\u00ebl uses tools common to both the architect and the painter (cavalier perspective, vanishing point, ruler, compass, square) and is interested in different traditions and techniques of image composition. He draws in particular from the symbolic geometry inherited from the illuminators of the Middle Ages (golden proportions, dynamic rectangles, polygons, etc.) and from the history of the fresco, from the Pompeian villas to the chapels of the Italian primitives.<\/p>\n<p>At different scales of his work, a modular principle is reiterated which proceeds from the fragment and the matrix. The accumulation of bricks draws the shapes, the tight framing alternates with the overall views, the images are cut out and assembled in polyptychs. As if pushed by a continuous rewriting of the myth of Babel, Ga\u00ebl Darras, in a constant repetition of gesture, motif and subject, seems to explore the contours of one and the same imaginary monument.[\/vc_column_text][\/vc_column][\/vc_row][vc_row][vc_column][vc_empty_space height=&#8221;30px&#8221;][vc_custom_heading text=&#8221;art works&#8221; font_container=&#8221;tag:h2|text_align:center&#8221; use_theme_fonts=&#8221;yes&#8221;][\/vc_column][\/vc_row][vc_row bg_type=&#8221;bg_color&#8221; bg_color_value=&#8221;#f2f2f2&#8243; css=&#8221;.vc_custom_1563722577019{padding-top: 30px !important;}&#8221;][vc_column][vc_basic_grid post_type=&#8221;royal_portfolio&#8221; max_items=&#8221;-1&#8243; item=&#8221;masonryGrid_SlideFromLeft&#8221; grid_id=&#8221;vc_gid:1747155255635-311266dfae9cb3ab061eddc741ba52cd-2&#8243; taxonomies=&#8221;62&#8243;][vc_empty_space height=&#8221;40px&#8221;][\/vc_column][\/vc_row][vc_row][vc_column][vc_empty_space height=&#8221;40px&#8221;][\/vc_column][\/vc_row][vc_row][vc_column][vc_tta_tabs style=&#8221;modern&#8221; shape=&#8221;square&#8221; spacing=&#8221;5&#8243; active_section=&#8221;1&#8243;][vc_tta_section title=&#8221;solo exhibitions and duets&#8221; tab_id=&#8221;1559740892983-68397675-89f3&#8243;][vc_column_text]<strong>2023<\/strong><br \/>\nChronos, Bam Projects, Bordeaux<br \/>\nLignes de force, with Arthur Lambert, Galerie Robet Dantec, Belfort<\/p>\n<p><strong>2021<\/strong><br \/>\nAllons, faisons des briques et cuisons-les au feu !, \u00a0Robet Dantec Gallery, Belfort<br \/>\nQuadrature, with Fran\u00e7ois Dufeil, with Octo-Verso, Angers<span class=\"Apple-converted-space\">\u00a0<\/span><\/p>\n<p><strong>2020<\/strong><br \/>\n1280\u00b0, at Espace Mira, with Leah Desmousseaux, Nantes<\/p>\n<p><strong>2018<\/strong><br \/>\nLocus in aliore loco, with Leah Desmousseaux at CAPRA, Allonnes<span class=\"Apple-converted-space\"><br \/>\n<\/span>En r\u00e9alit\u00e9 je n\u2019ai trouv\u00e9 que du sable,\u00a0at the Alain Lebras&#8217;s studio, \u00a0Nantes<\/p>\n<p><strong>2017<\/strong><br \/>\nEdmond Multiples and \u00e9ditions, at the Ateliers Millefeuilles, Nantes<span class=\"Apple-converted-space\">\u00a0<\/span>[\/vc_column_text][\/vc_tta_section][vc_tta_section title=&#8221;group exhibitions&#8221; tab_id=&#8221;1566508529710-738885ec-a711&#8243;][vc_column_text]<strong>2023<br \/>\n<\/strong>\u00e9mergences #3, Galerie Robet Dantec, Nantes<br \/>\nDDESSIN PARIS, Galerie Robet Dantec, Paris<\/p>\n<p><strong>2022<\/strong><br \/>\nArt Fair Dijon, with Robet Dantec Gallery, Dijon<br \/>\nLuxembourg Art Week &#8211; The Fair, with Robet Dantec Gallery, Luxembourg<br \/>\nNouvelles Acquisitions, with l&#8217;Artoth\u00e8que d&#8217;Angers au Repaire Urbain, Angers<br \/>\nPop-Up Galeries, at Fernet-Branca Fondation, with Robet Dantec Gallery, Saint-Louis<\/p>\n<p><strong>2021<\/strong><br \/>\nLuxembourg Art Week \u2013 The Fair (in november), with Robet Dantec Gallery, Luxembourg<span class=\"Apple-converted-space\"><br \/>\n<\/span>Les solitudes, at The Temple du Go\u00fbt, Nantes<span class=\"Apple-converted-space\">\u00a0<\/span><\/p>\n<p>Cueillir les \u00e9toiles, with Art Delivery, Beaux Arts of Nantes Saint-Nazaire, Nantes<\/p>\n<p><strong>2020<\/strong><br \/>\n\u00c9mergences #2, with Robet Dantec Gallery, Belfort<\/p>\n<p><strong>2019<\/strong><br \/>\nContre Forme at l\u2019Atelier, invited by MPVite, at Nantes<\/p>\n<p><strong>2018<\/strong><br \/>\nDe la zone humide ou naissent les images at Open school gallery, ESBANM, at Nantes<span class=\"Apple-converted-space\"><br \/>\n<\/span>Last rite at Grand Atelier, Maison de quartier Madeleine Champ de Mars, at Nantes<\/p>\n<p><strong>2016<\/strong><br \/>\nPresentation of a piece at the exhibition Do It of Frac des Pays de la Loire at HAB Gallery at Nantes<\/p>\n<p><strong>2015<\/strong><br \/>\nArchiculture at Millefeuille at Nantes<\/p>\n<p><strong>2014<\/strong><br \/>\nPublication of a Personal work in the magazine Kiblind, followed by a group exhibition at Point \u00c9ph\u00e9m\u00e8re at Paris<span class=\"Apple-converted-space\"><br \/>\n<\/span>Short Cuts at gallery Short at Nantes[\/vc_column_text][\/vc_tta_section][vc_tta_section title=&#8221;awards and residencies&#8221; tab_id=&#8221;1559741494975-158455d0-4ded&#8221;][vc_column_text]<strong>2022<\/strong><br \/>\nExceptional support fund reserved at visual artists of Nantes M\u00e9tropole<br \/>\nIndividual Help at Creation of the DRAC Pays de la Loire grant<\/p>\n<p><strong>2020<br \/>\n<\/strong>Finaliste of the 10th Jeune Cr\u00e9ation Price of the Atelier Blanc and The Moulin of the Arts, Saint-R\u00e9my<br \/>\nResidence at the Collectif BLAST, Angers<\/p>\n<p><strong>2019<\/strong><br \/>\nIndividual Help at Creation of the\u00a0DRAC Pays de la Loire grant<span class=\"Apple-converted-space\"><br \/>\n<\/span>2nd place of Paris Price 1 Panth\u00e9on-Sorbonne for contemporary Art for a piece realized in collaboration with Leah Desmousseaux<span class=\"Apple-converted-space\">\u00a0<\/span>[\/vc_column_text][\/vc_tta_section][vc_tta_section title=&#8221;public collections&#8221; tab_id=&#8221;1622203764642-917ad975-987c&#8221;][vc_column_text]Art Delivery, \u00c9cole des Beaux-arts of Nantes artotheque<br \/>\nM\u00e9diath\u00e8que of Pays d\u2019H\u00e9ricourt artotheque<br \/>\nAngers artotheque[\/vc_column_text][\/vc_tta_section][\/vc_tta_tabs][vc_empty_space][\/vc_column][\/vc_row]<\/p>\n","protected":false},"excerpt":{"rendered":"<p>[vc_row][vc_column width=&#8221;1\/2&#8243;][vc_single_image image=&#8221;1382&#8243; img_size=&#8221;full&#8221; alignment=&#8221;center&#8221; onclick=&#8221;zoom&#8221; css_animation=&#8221;zoomIn&#8221;][vc_empty_space][vc_custom_heading source=&#8221;post_title&#8221; use_theme_fonts=&#8221;yes&#8221;][vc_column_text]Lives and works in Escamps (Fr.). Ga\u00ebl Darras is a graduate from the Art School of Nantes M\u00e9tropole (2014). In 2022, he also followed an illumination training at CITIL (International Center for the Traditions of the Image of Light).[\/vc_column_text][vc_empty_space][vc_video link=&#8221;https:\/\/youtu.be\/IxNZ3llZv9Y&#8221;][\/vc_column][vc_column width=&#8221;1\/2&#8243; css=&#8221;.vc_custom_1562103889852{border-left-width: 1px !important;border-left-color: #e3afa7 !important;border-left-style: solid [&hellip;]<\/p>\n","protected":false},"author":2,"featured_media":0,"parent":1154,"menu_order":0,"comment_status":"closed","ping_status":"closed","template":"","meta":[],"_links":{"self":[{"href":"https:\/\/galerierobetdantec.com\/en\/wp-json\/wp\/v2\/pages\/1444"}],"collection":[{"href":"https:\/\/galerierobetdantec.com\/en\/wp-json\/wp\/v2\/pages"}],"about":[{"href":"https:\/\/galerierobetdantec.com\/en\/wp-json\/wp\/v2\/types\/page"}],"author":[{"embeddable":true,"href":"https:\/\/galerierobetdantec.com\/en\/wp-json\/wp\/v2\/users\/2"}],"replies":[{"embeddable":true,"href":"https:\/\/galerierobetdantec.com\/en\/wp-json\/wp\/v2\/comments?post=1444"}],"version-history":[{"count":8,"href":"https:\/\/galerierobetdantec.com\/en\/wp-json\/wp\/v2\/pages\/1444\/revisions"}],"predecessor-version":[{"id":5740,"href":"https:\/\/galerierobetdantec.com\/en\/wp-json\/wp\/v2\/pages\/1444\/revisions\/5740"}],"up":[{"embeddable":true,"href":"https:\/\/galerierobetdantec.com\/en\/wp-json\/wp\/v2\/pages\/1154"}],"wp:attachment":[{"href":"https:\/\/galerierobetdantec.com\/en\/wp-json\/wp\/v2\/media?parent=1444"}],"curies":[{"name":"wp","href":"https:\/\/api.w.org\/{rel}","templated":true}]}}