{"id":1177,"date":"2019-06-18T11:08:03","date_gmt":"2019-06-18T09:08:03","guid":{"rendered":"https:\/\/galerierobetdantec.com\/artists\/raphael-galley\/"},"modified":"2025-07-25T19:01:48","modified_gmt":"2025-07-25T17:01:48","slug":"raphael-galley","status":"publish","type":"page","link":"https:\/\/galerierobetdantec.com\/en\/artistes\/raphael-galley\/","title":{"rendered":"rapha\u00ebl galley"},"content":{"rendered":"<p>[vc_row][vc_column width=&#8221;1\/2&#8243;][vc_single_image image=&#8221;112&#8243; img_size=&#8221;full&#8221; alignment=&#8221;center&#8221; onclick=&#8221;zoom&#8221; css_animation=&#8221;zoomIn&#8221;][vc_empty_space][vc_custom_heading source=&#8221;post_title&#8221; use_theme_fonts=&#8221;yes&#8221;][vc_column_text]In 2001, Rapha\u00ebl Galley obtained the National Diploma of Art and Technique at the National School of Art in Dijon, with the congratulations of the jury. He lives and works in Dijon.[\/vc_column_text][\/vc_column][vc_column width=&#8221;1\/2&#8243; css=&#8221;.vc_custom_1562103859361{border-left-width: 1px !important;border-left-color: #e3afa7 !important;border-left-style: solid !important;}&#8221;][vc_column_text css=&#8221;.vc_custom_1731774031417{padding-left: 30px !important;}&#8221;]&#8221;<em>As much conceptual as playful, intellectually rigorous as childishly fun, Rapha\u00ebl Galley&#8217;s work stands out for its simplicity and efficiency. He speaks to others. And this is undoubtedly a rule inscribed at the heart of his approach: Rapha\u00ebl produces a work that &#8220;does not look at the navel<\/em>&#8220;.<\/p>\n<p><em>[&#8230;] This concern for a visual artist who is not compartmentalized in his universe but who nevertheless has his own, this desire not to be in the sometimes stereotypical image of the Artist while being deeply involved in this life, this empathy in the words and the glances which mask the intransigence and the rigor, here is undoubtedly what makes the relevance like the impertinence of Rapha\u00ebl Galley.<\/em> \u00bb<\/p>\n<p>Maxime Bourgeaux, in &#8220;Rapha\u00ebl Galley &#8211; Derived Objects&#8221;, monographic catalog &#8211; Ed. La Cl\u00e9 \u00e0 Molette, 2013.[\/vc_column_text][\/vc_column][\/vc_row][vc_row][vc_column][vc_custom_heading text=&#8221;art works&#8221; font_container=&#8221;tag:h2|text_align:center&#8221; use_theme_fonts=&#8221;yes&#8221;][\/vc_column][\/vc_row][vc_row bg_type=&#8221;bg_color&#8221; bg_color_value=&#8221;#f2f2f2&#8243; css=&#8221;.vc_custom_1563722577019{padding-top: 30px !important;}&#8221;][vc_column][vc_basic_grid post_type=&#8221;royal_portfolio&#8221; max_items=&#8221;-1&#8243; item=&#8221;masonryGrid_SlideFromLeft&#8221; grid_id=&#8221;vc_gid:1753462847617-83e8f1e2a014efc3bc20c8070fd5d9d5-5&#8243; taxonomies=&#8221;14&#8243;][vc_empty_space height=&#8221;40px&#8221;][\/vc_column][\/vc_row][vc_row][vc_column][vc_empty_space height=&#8221;40px&#8221;][\/vc_column][\/vc_row][vc_row][vc_column][vc_empty_space height=&#8221;60px&#8221;][vc_tta_tabs style=&#8221;modern&#8221; shape=&#8221;square&#8221; spacing=&#8221;5&#8243; active_section=&#8221;1&#8243;][vc_tta_section title=&#8221;solo shows&#8221; tab_id=&#8221;1559740892982-1f10c6e3-a0ca&#8221;][vc_column_text]<\/p>\n<ul>\n<li><strong>2021<br \/>\n<\/strong>&#8220;De bois et de papier&#8221;, in duo with Elsa Broustet, Gallery Robet Dantec, Belfort<\/li>\n<li><strong>2011<\/strong><br \/>\n\u00ab St\u00e8re \u00bb, Art and History Museum Clamecy (58)<\/li>\n<li><strong>2008<\/strong><br \/>\n\u00abTrois petits points\u2026 \u00bb Jazz festival and improvised music of<br \/>\nFranche-Comt\u00e9, by Aspro-impro and Le pav\u00e9 dans la mare \u2013 Besan\u00e7on<\/li>\n<\/ul>\n<p>[\/vc_column_text][\/vc_tta_section][vc_tta_section title=&#8221;group exhibitions&#8221; tab_id=&#8221;1559740892983-68397675-89f3&#8243;][vc_column_text]<\/p>\n<ul>\n<li><strong>2019<br \/>\n<\/strong>&#8220;\u00e9mergences #1&#8221;, Galley Robet Dantec, Belfort (90)<\/li>\n<li><strong>2017<\/strong><br \/>\n\u00ab \u00c0 la d\u00e9rive \u00bb, parcours au bord du canal de Bourgogne (21)<br \/>\n\u00ab Pi\u00e8ces d\u2019\u00e9t\u00e9 \u00bb, Malbuisson (25)<\/li>\n<li><strong>2016<\/strong><br \/>\n\u00ab Cartes (blanche) ! \u00bb,\u00a0 Lajoux\/Natural Park of the Haut Jura (39)<\/li>\n<li><strong>2012<\/strong><br \/>\n\u00ab Quinzaine radieuse # 4 \u00bb, Piac\u00e9 (72)<\/li>\n<li><strong>2009<\/strong><br \/>\n\u00ab Design flight \u00bb, with the Design city ofSaint-Etienne-Brasil<br \/>\n\u00ab Modification \u00bb, FRAC Bourgogne \u00e0 la Briqueterie of Ciry-le-Noble (71)<br \/>\nFoire Design Miami\/Basel, Toolsgalerie \u00e0 B\u00e2le (CH)<br \/>\n\u00ab Carpets stores \u00bb, Toolsgalerie, Paris<\/li>\n<li><strong>2008<\/strong><br \/>\nDesign Biennale of Saint-Etienne<\/li>\n<\/ul>\n<p>[\/vc_column_text][\/vc_tta_section][vc_tta_section title=&#8221;prize&#8221; tab_id=&#8221;1560849825239-c8b09a36-992e&#8221;][vc_column_text]<\/p>\n<ul>\n<li><strong>2008<\/strong><br \/>\nPrice Marc Charras \u00abCr\u00e9ation &amp; invention \u00bb at the Design Biennale of Saint \u00c9tienne<\/li>\n<\/ul>\n<p>[\/vc_column_text][\/vc_tta_section][vc_tta_section title=&#8221;public commissions&#8221; tab_id=&#8221;1559741494975-158455d0-4ded&#8221;][vc_column_text]<\/p>\n<ul>\n<li><strong>2022<br \/>\n<\/strong>Water point, Department Belfort Territory (90)<\/li>\n<li><strong>2019<\/strong><br \/>\n\u00ab Phulakt\u00earion \u00bb, Blamont House for All (25)<br \/>\n\u00ab \u00c0 l\u2019abri je lis \u00bb, acquisition of Dijon City for the Minoterie (21)<\/li>\n<li><strong>2018<\/strong><br \/>\n\u00ab Et si le ciel \u00e9tait vert \u00bb, set for the association&#8217;s cineconcert Plan 9 \u00e0 Dijon (21)<\/li>\n<li><strong>2014<\/strong><br \/>\nCommissioned by the Centre R\u00e9gional du Livre Bourgogne for \u2018A l&#8217;abri je lis\u2019.<br \/>\nStudy of a citizen kiosk for the Andr\u00e9e Chedid multimedia library in Tourcoing (1% artistique) (59)<\/li>\n<li><strong>2013<\/strong><br \/>\nDesigning the esplanade of the Boutaric building with the participation of residents in Dijon (21)<\/li>\n<li><strong>2012<\/strong><br \/>\n\u00ab Villa Motte \u00bb, acquisition by the Piac\u00e9 le radieux B\u00e9zard-Le Corbusier association (72)<\/li>\n<li><strong>2011<\/strong><br \/>\n\u00ab Villa Darcy \u00bb, acquisition by the City of Dijon (21)<\/li>\n<li><strong>2008<\/strong><br \/>\nLibrary furniture for Longvic school (21) (1 % artistique)<\/li>\n<\/ul>\n<p>[\/vc_column_text][\/vc_tta_section][\/vc_tta_tabs][\/vc_column][\/vc_row]<\/p>\n","protected":false},"excerpt":{"rendered":"<p>[vc_row][vc_column width=&#8221;1\/2&#8243;][vc_single_image image=&#8221;112&#8243; img_size=&#8221;full&#8221; alignment=&#8221;center&#8221; onclick=&#8221;zoom&#8221; css_animation=&#8221;zoomIn&#8221;][vc_empty_space][vc_custom_heading source=&#8221;post_title&#8221; use_theme_fonts=&#8221;yes&#8221;][vc_column_text]In 2001, Rapha\u00ebl Galley obtained the National Diploma of Art and Technique at the National School of Art in Dijon, with the congratulations of the jury. He lives and works in Dijon.[\/vc_column_text][\/vc_column][vc_column width=&#8221;1\/2&#8243; css=&#8221;.vc_custom_1562103859361{border-left-width: 1px !important;border-left-color: #e3afa7 !important;border-left-style: solid !important;}&#8221;][vc_column_text css=&#8221;.vc_custom_1731774031417{padding-left: 30px !important;}&#8221;]&#8221;As much conceptual as playful, [&hellip;]<\/p>\n","protected":false},"author":1,"featured_media":0,"parent":1154,"menu_order":4,"comment_status":"closed","ping_status":"closed","template":"","meta":[],"_links":{"self":[{"href":"https:\/\/galerierobetdantec.com\/en\/wp-json\/wp\/v2\/pages\/1177"}],"collection":[{"href":"https:\/\/galerierobetdantec.com\/en\/wp-json\/wp\/v2\/pages"}],"about":[{"href":"https:\/\/galerierobetdantec.com\/en\/wp-json\/wp\/v2\/types\/page"}],"author":[{"embeddable":true,"href":"https:\/\/galerierobetdantec.com\/en\/wp-json\/wp\/v2\/users\/1"}],"replies":[{"embeddable":true,"href":"https:\/\/galerierobetdantec.com\/en\/wp-json\/wp\/v2\/comments?post=1177"}],"version-history":[{"count":8,"href":"https:\/\/galerierobetdantec.com\/en\/wp-json\/wp\/v2\/pages\/1177\/revisions"}],"predecessor-version":[{"id":6042,"href":"https:\/\/galerierobetdantec.com\/en\/wp-json\/wp\/v2\/pages\/1177\/revisions\/6042"}],"up":[{"embeddable":true,"href":"https:\/\/galerierobetdantec.com\/en\/wp-json\/wp\/v2\/pages\/1154"}],"wp:attachment":[{"href":"https:\/\/galerierobetdantec.com\/en\/wp-json\/wp\/v2\/media?parent=1177"}],"curies":[{"name":"wp","href":"https:\/\/api.w.org\/{rel}","templated":true}]}}