{"id":1160,"date":"2019-09-08T21:39:22","date_gmt":"2019-09-08T19:39:22","guid":{"rendered":"https:\/\/galerierobetdantec.com\/artists\/elsa-broustet\/"},"modified":"2025-02-03T16:57:27","modified_gmt":"2025-02-03T15:57:27","slug":"elsa-broustet","status":"publish","type":"page","link":"https:\/\/galerierobetdantec.com\/en\/artistes\/elsa-broustet\/","title":{"rendered":"elsa broustet"},"content":{"rendered":"<p>[vc_row][vc_column width=&#8221;1\/2&#8243;][vc_single_image image=&#8221;615&#8243; img_size=&#8221;full&#8221; alignment=&#8221;center&#8221; onclick=&#8221;zoom&#8221; css_animation=&#8221;zoomIn&#8221;][vc_empty_space][vc_custom_heading source=&#8221;post_title&#8221; use_theme_fonts=&#8221;yes&#8221;][vc_column_text]Elsa Broustet vit et travaille \u00e0 Bruxelles. Elle est dipl\u00f4m\u00e9e de la Haute \u00e9cole des arts du Rhin (2019) puis de l&#8217;Acad\u00e9mie des Beaux-Arts de La Cambre \u00e0 Bruxelles (2022).<\/p>\n<p>En 2020, elle s\u00e9journe plusieurs mois en Asie du sud-Est d&#8217;o\u00f9 elle rapportera des dessins de voyages \u00a0 des diff\u00e9rents pays travers\u00e9s (Laos, Cambodge, Tha\u00eflande, Vi\u00eat Nam).[\/vc_column_text][\/vc_column][vc_column width=&#8221;1\/2&#8243; css=&#8221;.vc_custom_1562103877295{border-left-width: 1px !important;border-left-color: #e3afa7 !important;border-left-style: solid !important;}&#8221;][vc_column_text css=&#8221;.vc_custom_1567982832072{padding-left: 30px !important;}&#8221;]Elsa Broustet s&#8217;int\u00e9resse au d\u00e9tail, \u00e0 l&#8217;intime, au quotidien. Elle compose \/ recompose des paysages, \u00a0 des d\u00e9cors qui flottent sur le papier mais \u00e9galement dans l&#8217;espace puisqu&#8217;elle poursuit sa pratique plastique \u00e0 travers le volume. Au fur et \u00e0 mesure, lentement, elle accumule les \u00e9l\u00e9ments, r\u00e9p\u00e9tant les motifs qui formeront un ensemble homog\u00e8ne, dans une recherche constate d&#8217;harmonie. La place du visiteur fait partie int\u00e9grante de son travail. Il est invit\u00e9 \u00e0 prendre le temps de faire attention, \u00e0 tourner autour des c\u00e9ramiques pos\u00e9es au sol, voire \u00e0 tourner les pages des impressions \u00e0 l&#8217;eau forte&#8230;\u00a0Elle s&#8217;inspire \u00e9galement des miniatures persanes qui sont un exemple fabuleux de pr\u00e9cision, tout en d\u00e9tail et finesse, dans une recherche constante de perfection.<\/p>\n<div class=\"m_-6275758564411585275page\" title=\"Page 2\">\n<div class=\"m_-6275758564411585275layoutArea\">\n<div class=\"m_-6275758564411585275column\">\n<p>\u00ab <em>Si <\/em><em>vous vous en tenez \u00e0 la nature, \u00e0 ce qu\u2019elle a de simple, \u00e0 ce qui est petit, que presque personne ne voit, et qui peut justement se transformer \u00e0 l\u2019improviste en quelque chose de grand, d\u2019incommensurable ; si vous avez cet amour pour l\u2019infime et cherchez <\/em><em>fort, simplement, en serviteur, \u00e0 gagner la confiance de ce qui para\u00eet pauvre <\/em><em>\u2013 <\/em><em>alors tout deviendra pour <\/em><em>vous plus l\u00e9ger, plus homog\u00e8ne, et, d\u2019une certaine fa\u00e7on, plus propre \u00e0 r\u00e9concilier non votre <\/em><em>entendement, peut-\u00eatre, qui \u00e9tonn\u00e9, restera en arri\u00e8re, mais le plus intime de votre conscience, de votre \u00e9veil et de votre savoir. <\/em>\u00bb<br \/>\nRainer Maria Rilke, &#8220;Lettre \u00e0 un jeune po\u00e8te&#8221;, 1929<\/p>\n<p>&nbsp;<\/p>\n<\/div>\n<\/div>\n<\/div>\n<p>[\/vc_column_text][\/vc_column][\/vc_row][vc_row][vc_column][vc_empty_space][vc_custom_heading text=&#8221;\u0153uvres disponibles&#8221; font_container=&#8221;tag:h2|text_align:center&#8221; use_theme_fonts=&#8221;yes&#8221;][\/vc_column][\/vc_row][vc_row bg_type=&#8221;bg_color&#8221; bg_color_value=&#8221;#f2f2f2&#8243; css=&#8221;.vc_custom_1563722577019{padding-top: 30px !important;}&#8221;][vc_column][vc_basic_grid post_type=&#8221;royal_portfolio&#8221; max_items=&#8221;-1&#8243; item=&#8221;masonryGrid_SlideFromLeft&#8221; grid_id=&#8221;vc_gid:1738598203836-efaf51c04ff7062b52517447bc29d07c-2&#8243; taxonomies=&#8221;20&#8243;][vc_empty_space height=&#8221;40px&#8221;][\/vc_column][\/vc_row][vc_row][vc_column][vc_empty_space height=&#8221;40px&#8221;][\/vc_column][\/vc_row][vc_row][vc_column][vc_tta_tabs style=&#8221;modern&#8221; shape=&#8221;square&#8221; spacing=&#8221;5&#8243; active_section=&#8221;1&#8243;][vc_tta_section title=&#8221;Expositions&#8221; tab_id=&#8221;1559740892983-68397675-89f3&#8243;][vc_column_text]<strong>2023 <\/strong><br \/>\nDDessin Paris, Galerie Robet Dantec, FR<br \/>\nEostre Equinoxe &#8211; Exposition du collectif Marcel Te\u0301ton, Espace Lebeau, BE<br \/>\nLa Cambre &#8211; When Words Become Form. Ecritures Plastiques, Jean Baptiste Carobolante et Franc\u0327ois de Coninck &#8211; Galerie du Botanique, BE<br \/>\nInvitation de Francesco Battistello : Les guerriers, les loups et l\u2019enfant, Fondation Moonens, BE<br \/>\nApparat &#8211; Exposition collective, la Mercerie, BE<\/p>\n<p><strong>2022 <\/strong><br \/>\nParticipation au Denderland shopping a\u0300 l\u2019animalerie Petwhat, Grammont, BE<\/p>\n<p><strong>2021 <\/strong><br \/>\nDe bois et de papier &#8211; duo avec Raphae\u0308l Galley, Galerie Robet Dantec, Belfort, FR<\/p>\n<p><strong>2020 <\/strong><br \/>\nPetits formats &#8211; Exposition collective, Galerie Robet Dantec, Belfort, FR<\/p>\n<p><strong>2019 <\/strong><br \/>\n\u00c9mergences #1 &#8211; Exposition collective, Galerie Robet Dantec, Belfort, FR<br \/>\nMISE AU VERT &#8211; Exposition collective, Le Se\u0301choir, Mulhouse, FR<br \/>\nIMPRESSION(s) &#8211; Exposition collective &#8211; HEAR, Bibliothe\u0300que Grand\u2019rue, Mulhouse, FR<br \/>\nOASIS &#8211; Exposition collective &#8211; Kunsthalle de Mulhouse,\u00a0FR<\/p>\n<p><strong>2016 <\/strong><br \/>\nPoint de vue n\u00b016 &#8211; Nuit des muse\u0301es, Muse\u0301e d\u2019Art et\u00a0d\u2019histoire de Saint-Denis, FR<br \/>\nAccrochage avec Astou Toure\u0301 et Nina Bonardi, Espace Beaujon, Paris, FR[\/vc_column_text][\/vc_tta_section][vc_tta_section title=&#8221;Stages et collaborations&#8221; tab_id=&#8221;1684591133732-c97f987c-5352&#8243;][vc_column_text]<strong>2022 <\/strong><br \/>\nBouche\u0301e Double, studio culinaire cre\u0301atif, Bruxelles, BE 2021 Buffets de l\u2019exposition Pe\u0301ridion de la Satellite SF, Avec\u00a0Anne Claire Noyer et Patricia Lino Dias, Atoma, Bruxelles,\u00a0BE<\/p>\n<p><strong>2020 <\/strong><br \/>\nDodo Toucan, atelier de ce\u0301ramique, Paris, FR 2019 Boulangerie &#8211; pa\u0302tisserie Walter, En pa\u0302tisserie,\u00a0Wittenheim, FR<\/p>\n<p><strong>2018-19 <\/strong><br \/>\nProjet Papillons Blancs &#8211; Travail avec des personnes en\u00a0situation de handicap de la re\u0301sidence Cap Cornely,\u00a0HEAR, FR<\/p>\n<p><strong>2018 <\/strong><br \/>\nAure\u0301lie Dorard, ce\u0301ramiste, Bagnolet, FR<\/p>\n<p><strong>2017-18 <\/strong><br \/>\nProjet CHAAP &#8211; Animation d\u2019ateliers pour les e\u0301le\u0300ves de\u00a0classes a\u0300 horaires ame\u0301nage\u0301s en arts plastiques, HEAR, FR 2012 Atelier Tse\u0301-Tse\u0301 associe\u0301es, design, Paris, FR<\/p>\n<p><strong>2016 <\/strong><br \/>\nAide a\u0300 la re\u0301alisation des fresques de Line Hachem a\u0300 l\u2019ho\u0302pital Robert-Debre\u0301, Association Des re\u0302ves et des actes, Paris, FR[\/vc_column_text][\/vc_tta_section][\/vc_tta_tabs][\/vc_column][\/vc_row]<\/p>\n","protected":false},"excerpt":{"rendered":"<p>[vc_row][vc_column width=&#8221;1\/2&#8243;][vc_single_image image=&#8221;615&#8243; img_size=&#8221;full&#8221; alignment=&#8221;center&#8221; onclick=&#8221;zoom&#8221; css_animation=&#8221;zoomIn&#8221;][vc_empty_space][vc_custom_heading source=&#8221;post_title&#8221; use_theme_fonts=&#8221;yes&#8221;][vc_column_text]Elsa Broustet vit et travaille \u00e0 Bruxelles. Elle est dipl\u00f4m\u00e9e de la Haute \u00e9cole des arts du Rhin (2019) puis de l&#8217;Acad\u00e9mie des Beaux-Arts de La Cambre \u00e0 Bruxelles (2022). En 2020, elle s\u00e9journe plusieurs mois en Asie du sud-Est d&#8217;o\u00f9 elle rapportera des dessins de voyages [&hellip;]<\/p>\n","protected":false},"author":2,"featured_media":0,"parent":1154,"menu_order":1,"comment_status":"closed","ping_status":"closed","template":"","meta":[],"_links":{"self":[{"href":"https:\/\/galerierobetdantec.com\/en\/wp-json\/wp\/v2\/pages\/1160"}],"collection":[{"href":"https:\/\/galerierobetdantec.com\/en\/wp-json\/wp\/v2\/pages"}],"about":[{"href":"https:\/\/galerierobetdantec.com\/en\/wp-json\/wp\/v2\/types\/page"}],"author":[{"embeddable":true,"href":"https:\/\/galerierobetdantec.com\/en\/wp-json\/wp\/v2\/users\/2"}],"replies":[{"embeddable":true,"href":"https:\/\/galerierobetdantec.com\/en\/wp-json\/wp\/v2\/comments?post=1160"}],"version-history":[{"count":9,"href":"https:\/\/galerierobetdantec.com\/en\/wp-json\/wp\/v2\/pages\/1160\/revisions"}],"predecessor-version":[{"id":5305,"href":"https:\/\/galerierobetdantec.com\/en\/wp-json\/wp\/v2\/pages\/1160\/revisions\/5305"}],"up":[{"embeddable":true,"href":"https:\/\/galerierobetdantec.com\/en\/wp-json\/wp\/v2\/pages\/1154"}],"wp:attachment":[{"href":"https:\/\/galerierobetdantec.com\/en\/wp-json\/wp\/v2\/media?parent=1160"}],"curies":[{"name":"wp","href":"https:\/\/api.w.org\/{rel}","templated":true}]}}