{"id":100,"date":"2019-06-18T11:07:11","date_gmt":"2019-06-18T09:07:11","guid":{"rendered":"http:\/\/galerierobetdantec.com\/?page_id=100"},"modified":"2021-06-24T17:22:42","modified_gmt":"2021-06-24T15:22:42","slug":"anaelle-thiery","status":"publish","type":"page","link":"https:\/\/galerierobetdantec.com\/en\/artistes\/anaelle-thiery\/","title":{"rendered":"ana\u00eblle thi\u00e9ry"},"content":{"rendered":"<p>[vc_row][vc_column width=&#8221;1\/2&#8243;][vc_single_image image=&#8221;361&#8243; img_size=&#8221;full&#8221; alignment=&#8221;center&#8221; onclick=&#8221;zoom&#8221; css_animation=&#8221;zoomIn&#8221;][vc_empty_space][vc_custom_heading source=&#8221;post_title&#8221; use_theme_fonts=&#8221;yes&#8221;][vc_column_text]N\u00e9e en 1996 \u00e0 Belfort, Ana\u00eblle Thi\u00e9ry est dipl\u00f4m\u00e9e de l\u2019\u00c9cole nationale d\u2019Art de Dijon. Apr\u00e8s un s\u00e9jour de 6 mois au Japon en 2019, Ana\u00eblle Thi\u00e9ry est revenue vivre et travailler \u00e0 Dijon.[\/vc_column_text][\/vc_column][vc_column width=&#8221;1\/2&#8243; css=&#8221;.vc_custom_1562103877295{border-left-width: 1px !important;border-left-color: #e3afa7 !important;border-left-style: solid !important;}&#8221;][vc_column_text css=&#8221;.vc_custom_1563359082190{padding-left: 30px !important;}&#8221;]Le travail d\u2019Ana\u00eblle Thi\u00e9ry se pr\u00e9sente principalement sous la forme de dessins, de vid\u00e9o et r\u00e9cemment de c\u00e9ramiques. Il questionne des probl\u00e9matiques se rapportant \u00e0 l\u2019hybridation, la science, le corps-fiction et ses mouvements, mais \u00e9galement l\u2019int\u00e9rieur \u00ab cach\u00e9 \u00bb des choses. \u00c0 travers ses diff\u00e9rents m\u00e9diums, ce sont diff\u00e9rents univers qui prennent forme : des lieux pour le corps, des lieux o\u00f9 se d\u00e9ploie notre inconscient.<\/p>\n<p>Ses dessins \u00e0 l\u2019encre semblent guid\u00e9s par une forme d\u2019obsession o\u00f9 le temps du d\u00e9veloppement rel\u00e8ve presque du rituel, du m\u00e9ditatif, de l\u2019hypnose. Extr\u00eamement pr\u00e9cis, ils permettent d\u2019exprimer des id\u00e9es complexes. Elle explore \u00e9galement les nouveaux territoires du dessin, en utilisant le fil et la laine pour dessiner dans l\u2019espace en trois dimensions. Ana\u00eblle Thi\u00e9ry puise \u00e9galement dans le monde de la science et les connaissances entomologiques. Son approche n\u2019est pas sans rappeler, sur certains points, les \u0153uvres de Fred Deux, ou d\u2019artistes actuels comme Gilles Barbier ou encore Patrick Neu.[\/vc_column_text][\/vc_column][\/vc_row][vc_row][vc_column][vc_empty_space height=&#8221;60px&#8221;][vc_tta_tabs style=&#8221;modern&#8221; shape=&#8221;square&#8221; spacing=&#8221;5&#8243; active_section=&#8221;1&#8243;][vc_tta_section title=&#8221;Expositions collectives&#8221; tab_id=&#8221;1559740892983-68397675-89f3&#8243;][vc_column_text]<\/p>\n<ul>\n<li><strong>2021<\/strong><br \/>DDESSIN PARIS, avec la Galerie Robet Dantec, Maison Moli\u00e8re, Paris<\/li>\n<li><strong>2020<\/strong><br \/>Luxembourg Art Week &#8211; The Fair 3D, avec la Galerie Robet Dantec, Luxembourg<\/li>\n<li><strong>2019<\/strong><br \/>Art and Design Center &#8211; Nagoya University of Arts, Japon<br \/>&#8220;Forest&#8221;, Mus\u00e9e des Beaux-Arts de D\u00f4le<br \/>&#8220;\u00e9mergences #1&#8221;, Galerie Robet Dantec, Belfort<\/li>\n<\/ul>\n<p>[\/vc_column_text][\/vc_tta_section][vc_tta_section title=&#8221;Exposition personnelle&#8221; tab_id=&#8221;1595072385549-4defa300-9f5b&#8221;][vc_column_text]<\/p>\n<ul>\n<li><strong>2020<\/strong><br \/>\n&#8220;Cosmogonies&#8221;, Galerie Robet Dantec, Belfort<\/li>\n<\/ul>\n<p>[\/vc_column_text][\/vc_tta_section][\/vc_tta_tabs][\/vc_column][\/vc_row][vc_row][vc_column][vc_empty_space][vc_custom_heading text=&#8221;\u0153uvres&#8221; font_container=&#8221;tag:h2|text_align:center&#8221; use_theme_fonts=&#8221;yes&#8221;][\/vc_column][\/vc_row][vc_row][vc_column][vc_empty_space height=&#8221;30px&#8221;][\/vc_column][\/vc_row][vc_row bg_type=&#8221;bg_color&#8221; bg_color_value=&#8221;#f2f2f2&#8243; css=&#8221;.vc_custom_1563722577019{padding-top: 30px !important;}&#8221;][vc_column][vc_basic_grid post_type=&#8221;royal_portfolio&#8221; max_items=&#8221;-1&#8243; item=&#8221;masonryGrid_SlideFromLeft&#8221; grid_id=&#8221;vc_gid:1624548068002-558d5c9a7ab9c7ae36ea0ec87d188c40-6&#8243; taxonomies=&#8221;11&#8243;][vc_empty_space height=&#8221;40px&#8221;][\/vc_column][\/vc_row][vc_row][vc_column][vc_empty_space height=&#8221;40px&#8221;][\/vc_column][\/vc_row]<\/p>\n","protected":false},"excerpt":{"rendered":"<p>[vc_row][vc_column width=&#8221;1\/2&#8243;][vc_single_image image=&#8221;361&#8243; img_size=&#8221;full&#8221; alignment=&#8221;center&#8221; onclick=&#8221;zoom&#8221; css_animation=&#8221;zoomIn&#8221;][vc_empty_space][vc_custom_heading source=&#8221;post_title&#8221; use_theme_fonts=&#8221;yes&#8221;][vc_column_text]N\u00e9e en 1996 \u00e0 Belfort, Ana\u00eblle Thi\u00e9ry est dipl\u00f4m\u00e9e de l\u2019\u00c9cole nationale d\u2019Art de Dijon. Apr\u00e8s un s\u00e9jour de 6 mois au Japon en 2019, Ana\u00eblle Thi\u00e9ry est revenue vivre et travailler \u00e0 Dijon.[\/vc_column_text][\/vc_column][vc_column width=&#8221;1\/2&#8243; css=&#8221;.vc_custom_1562103877295{border-left-width: 1px !important;border-left-color: #e3afa7 !important;border-left-style: solid !important;}&#8221;][vc_column_text css=&#8221;.vc_custom_1563359082190{padding-left: 30px !important;}&#8221;]Le travail d\u2019Ana\u00eblle [&hellip;]<\/p>\n","protected":false},"author":1,"featured_media":0,"parent":18,"menu_order":1,"comment_status":"closed","ping_status":"closed","template":"","meta":[],"_links":{"self":[{"href":"https:\/\/galerierobetdantec.com\/en\/wp-json\/wp\/v2\/pages\/100"}],"collection":[{"href":"https:\/\/galerierobetdantec.com\/en\/wp-json\/wp\/v2\/pages"}],"about":[{"href":"https:\/\/galerierobetdantec.com\/en\/wp-json\/wp\/v2\/types\/page"}],"author":[{"embeddable":true,"href":"https:\/\/galerierobetdantec.com\/en\/wp-json\/wp\/v2\/users\/1"}],"replies":[{"embeddable":true,"href":"https:\/\/galerierobetdantec.com\/en\/wp-json\/wp\/v2\/comments?post=100"}],"version-history":[{"count":1,"href":"https:\/\/galerierobetdantec.com\/en\/wp-json\/wp\/v2\/pages\/100\/revisions"}],"predecessor-version":[{"id":2201,"href":"https:\/\/galerierobetdantec.com\/en\/wp-json\/wp\/v2\/pages\/100\/revisions\/2201"}],"up":[{"embeddable":true,"href":"https:\/\/galerierobetdantec.com\/en\/wp-json\/wp\/v2\/pages\/18"}],"wp:attachment":[{"href":"https:\/\/galerierobetdantec.com\/en\/wp-json\/wp\/v2\/media?parent=100"}],"curies":[{"name":"wp","href":"https:\/\/api.w.org\/{rel}","templated":true}]}}